
{"id":13805,"date":"2024-10-09T20:05:50","date_gmt":"2024-10-09T18:05:50","guid":{"rendered":"https:\/\/telavox.be\/soutien\/"},"modified":"2026-05-05T16:29:45","modified_gmt":"2026-05-05T14:29:45","slug":"support","status":"publish","type":"page","link":"https:\/\/telavox.be\/fr\/support\/","title":{"rendered":"Support"},"content":{"rendered":"\t\t<div data-elementor-type=\"wp-page\" data-elementor-id=\"13805\" class=\"elementor elementor-13805 elementor-3115\" data-elementor-post-type=\"page\">\n\t\t\t\t<div class=\"elementor-element elementor-element-7f3ae88 e-flex e-con-boxed e-con e-parent\" data-id=\"7f3ae88\" data-element_type=\"container\" data-e-type=\"container\">\n\t\t\t\t\t<div class=\"e-con-inner\">\n\t\t<div class=\"elementor-element elementor-element-8936721 e-con-full e-flex e-con e-child\" data-id=\"8936721\" data-element_type=\"container\" data-e-type=\"container\">\n\t\t\t\t<div class=\"elementor-element elementor-element-1f30226 elementor-widget elementor-widget-heading\" data-id=\"1f30226\" data-element_type=\"widget\" data-e-type=\"widget\" data-widget_type=\"heading.default\">\n\t\t\t\t<div class=\"elementor-widget-container\">\n\t\t\t\t\t<h1 class=\"elementor-heading-title elementor-size-default\">Vous avez besoin d'aide ?  <br>Nous sommes pr\u00eats \u00e0 vous aider !<\/h1>\t\t\t\t<\/div>\n\t\t\t\t<\/div>\n\t\t\t\t<div class=\"elementor-element elementor-element-8767ba5 elementor-widget elementor-widget-text-editor\" data-id=\"8767ba5\" data-element_type=\"widget\" data-e-type=\"widget\" data-widget_type=\"text-editor.default\">\n\t\t\t\t<div class=\"elementor-widget-container\">\n\t\t\t\t\t\t\t\t\t<p>Nous vous aiderons rapidement et facilement &#8211; prenez contact de la mani\u00e8re qui vous convient le mieux.<\/p>\n\t\t\t\t\t\t\t\t<\/div>\n\t\t\t\t<\/div>\n\t\t\t\t<\/div>\n\t\t\t\t\t<\/div>\n\t\t\t\t<\/div>\n\t\t<div class=\"elementor-element elementor-element-d577428 e-flex e-con-boxed e-con e-parent\" data-id=\"d577428\" data-element_type=\"container\" data-e-type=\"container\">\n\t\t\t\t\t<div class=\"e-con-inner\">\n\t\t<div class=\"elementor-element elementor-element-35d1cee e-con-full e-flex e-con e-child\" data-id=\"35d1cee\" data-element_type=\"container\" data-e-type=\"container\" data-settings=\"{&quot;background_background&quot;:&quot;classic&quot;}\">\n\t\t<div class=\"elementor-element elementor-element-7d9ceea e-con-full e-flex e-con e-child\" data-id=\"7d9ceea\" data-element_type=\"container\" data-e-type=\"container\" data-settings=\"{&quot;background_background&quot;:&quot;classic&quot;}\">\n\t\t\t\t<div class=\"elementor-element elementor-element-8bed225 elementor-position-top elementor-widget elementor-widget-image-box\" data-id=\"8bed225\" data-element_type=\"widget\" data-e-type=\"widget\" data-widget_type=\"image-box.default\">\n\t\t\t\t<div class=\"elementor-widget-container\">\n\t\t\t\t\t<div class=\"elementor-image-box-wrapper\"><figure class=\"elementor-image-box-img\"><img decoding=\"async\" width=\"48\" height=\"48\" src=\"https:\/\/telavox.be\/wp-content\/uploads\/2024\/10\/Group-35770.svg\" class=\"attachment-full size-full wp-image-12879\" alt=\"\" \/><\/figure><div class=\"elementor-image-box-content\"><h3 class=\"elementor-image-box-title\">Appeler directement<\/h3><p class=\"elementor-image-box-description\"><!-- x-tinymce\/html -->Heures d'ouverture : Lun-Jeu 08.30-18.00 &amp; <span data-word=\"Ven\" data-suggestion=\"Vin|Vend|Venn|Vent|Venu|Ben|Ken\">Ven<\/span> 8:30-16:00. Appelez ce num\u00e9ro : +32 2 880 72 41 (partenaires) et +32 2 882 11 00 (clients directs)<\/p><\/div><\/div>\t\t\t\t<\/div>\n\t\t\t\t<\/div>\n\t\t\t\t<div class=\"elementor-element elementor-element-f711e35 elementor-widget elementor-widget-button\" data-id=\"f711e35\" data-element_type=\"widget\" data-e-type=\"widget\" data-widget_type=\"button.default\">\n\t\t\t\t<div class=\"elementor-widget-container\">\n\t\t\t\t\t\t\t\t\t<div class=\"elementor-button-wrapper\">\n\t\t\t\t\t<a class=\"elementor-button elementor-button-link elementor-size-sm\" href=\"tel:003228807241\">\n\t\t\t\t\t\t<span class=\"elementor-button-content-wrapper\">\n\t\t\t\t\t\t\t\t\t<span class=\"elementor-button-text\">+32 2 880 72 41<\/span>\n\t\t\t\t\t<\/span>\n\t\t\t\t\t<\/a>\n\t\t\t\t<\/div>\n\t\t\t\t\t\t\t\t<\/div>\n\t\t\t\t<\/div>\n\t\t\t\t<\/div>\n\t\t<div class=\"elementor-element elementor-element-19b6cfe e-con-full e-flex e-con e-child\" data-id=\"19b6cfe\" data-element_type=\"container\" data-e-type=\"container\" data-settings=\"{&quot;background_background&quot;:&quot;classic&quot;}\">\n\t\t\t\t<div class=\"elementor-element elementor-element-8b9124d elementor-position-top elementor-widget elementor-widget-image-box\" data-id=\"8b9124d\" data-element_type=\"widget\" data-e-type=\"widget\" data-widget_type=\"image-box.default\">\n\t\t\t\t<div class=\"elementor-widget-container\">\n\t\t\t\t\t<div class=\"elementor-image-box-wrapper\"><figure class=\"elementor-image-box-img\"><img decoding=\"async\" width=\"48\" height=\"48\" src=\"https:\/\/telavox.be\/wp-content\/uploads\/2024\/10\/Group-35769.svg\" class=\"attachment-full size-full wp-image-12880\" alt=\"\" \/><\/figure><div class=\"elementor-image-box-content\"><h3 class=\"elementor-image-box-title\">FAQ<\/h3><p class=\"elementor-image-box-description\">Trouvez des r\u00e9ponses rapides aux questions les plus fr\u00e9quentes dans notre FAQ compl\u00e8te.<\/p><\/div><\/div>\t\t\t\t<\/div>\n\t\t\t\t<\/div>\n\t\t\t\t<div class=\"elementor-element elementor-element-ff54f57 elementor-widget elementor-widget-button\" data-id=\"ff54f57\" data-element_type=\"widget\" data-e-type=\"widget\" data-widget_type=\"button.default\">\n\t\t\t\t<div class=\"elementor-widget-container\">\n\t\t\t\t\t\t\t\t\t<div class=\"elementor-button-wrapper\">\n\t\t\t\t\t<a class=\"elementor-button elementor-button-link elementor-size-sm\" href=\"https:\/\/support.telavox.com\/fr_FR\">\n\t\t\t\t\t\t<span class=\"elementor-button-content-wrapper\">\n\t\t\t\t\t\t<span class=\"elementor-button-icon\">\n\t\t\t\t<svg aria-hidden=\"true\" class=\"e-font-icon-svg e-fas-arrow-right\" viewBox=\"0 0 448 512\" xmlns=\"http:\/\/www.w3.org\/2000\/svg\"><path d=\"M190.5 66.9l22.2-22.2c9.4-9.4 24.6-9.4 33.9 0L441 239c9.4 9.4 9.4 24.6 0 33.9L246.6 467.3c-9.4 9.4-24.6 9.4-33.9 0l-22.2-22.2c-9.5-9.5-9.3-25 .4-34.3L311.4 296H24c-13.3 0-24-10.7-24-24v-32c0-13.3 10.7-24 24-24h287.4L190.9 101.2c-9.8-9.3-10-24.8-.4-34.3z\"><\/path><\/svg>\t\t\t<\/span>\n\t\t\t\t\t\t\t\t\t<span class=\"elementor-button-text\">Support Telavox<\/span>\n\t\t\t\t\t<\/span>\n\t\t\t\t\t<\/a>\n\t\t\t\t<\/div>\n\t\t\t\t\t\t\t\t<\/div>\n\t\t\t\t<\/div>\n\t\t\t\t<\/div>\n\t\t<div class=\"elementor-element elementor-element-e7275a9 e-con-full e-flex e-con e-child\" data-id=\"e7275a9\" data-element_type=\"container\" data-e-type=\"container\" data-settings=\"{&quot;background_background&quot;:&quot;classic&quot;}\">\n\t\t\t\t<div class=\"elementor-element elementor-element-b51ea55 elementor-position-top elementor-widget elementor-widget-image-box\" data-id=\"b51ea55\" data-element_type=\"widget\" data-e-type=\"widget\" data-widget_type=\"image-box.default\">\n\t\t\t\t<div class=\"elementor-widget-container\">\n\t\t\t\t\t<div class=\"elementor-image-box-wrapper\"><figure class=\"elementor-image-box-img\"><img decoding=\"async\" width=\"48\" height=\"48\" src=\"https:\/\/telavox.be\/wp-content\/uploads\/2024\/10\/Group-35772.svg\" class=\"attachment-full size-full wp-image-12881\" alt=\"\" \/><\/figure><div class=\"elementor-image-box-content\"><h3 class=\"elementor-image-box-title\">Envoyez-nous un Ticket<\/h3><p class=\"elementor-image-box-description\">Envoyez-nous un ticket via notre outil de ticketing et nous vous r\u00e9pondrons dans les plus brefs d\u00e9lais.<\/p><\/div><\/div>\t\t\t\t<\/div>\n\t\t\t\t<\/div>\n\t\t\t\t<div class=\"elementor-element elementor-element-feee0db elementor-widget elementor-widget-button\" data-id=\"feee0db\" data-element_type=\"widget\" data-e-type=\"widget\" data-widget_type=\"button.default\">\n\t\t\t\t<div class=\"elementor-widget-container\">\n\t\t\t\t\t\t\t\t\t<div class=\"elementor-button-wrapper\">\n\t\t\t\t\t<a class=\"elementor-button elementor-button-link elementor-size-sm\" href=\"https:\/\/projects.telavox.com\/\">\n\t\t\t\t\t\t<span class=\"elementor-button-content-wrapper\">\n\t\t\t\t\t\t<span class=\"elementor-button-icon\">\n\t\t\t\t<svg aria-hidden=\"true\" class=\"e-font-icon-svg e-far-comment-dots\" viewBox=\"0 0 512 512\" xmlns=\"http:\/\/www.w3.org\/2000\/svg\"><path d=\"M144 208c-17.7 0-32 14.3-32 32s14.3 32 32 32 32-14.3 32-32-14.3-32-32-32zm112 0c-17.7 0-32 14.3-32 32s14.3 32 32 32 32-14.3 32-32-14.3-32-32-32zm112 0c-17.7 0-32 14.3-32 32s14.3 32 32 32 32-14.3 32-32-14.3-32-32-32zM256 32C114.6 32 0 125.1 0 240c0 47.6 19.9 91.2 52.9 126.3C38 405.7 7 439.1 6.5 439.5c-6.6 7-8.4 17.2-4.6 26S14.4 480 24 480c61.5 0 110-25.7 139.1-46.3C192 442.8 223.2 448 256 448c141.4 0 256-93.1 256-208S397.4 32 256 32zm0 368c-26.7 0-53.1-4.1-78.4-12.1l-22.7-7.2-19.5 13.8c-14.3 10.1-33.9 21.4-57.5 29 7.3-12.1 14.4-25.7 19.9-40.2l10.6-28.1-20.6-21.8C69.7 314.1 48 282.2 48 240c0-88.2 93.3-160 208-160s208 71.8 208 160-93.3 160-208 160z\"><\/path><\/svg>\t\t\t<\/span>\n\t\t\t\t\t\t\t\t\t<span class=\"elementor-button-text\">Faire un ticket <\/span>\n\t\t\t\t\t<\/span>\n\t\t\t\t\t<\/a>\n\t\t\t\t<\/div>\n\t\t\t\t\t\t\t\t<\/div>\n\t\t\t\t<\/div>\n\t\t\t\t<\/div>\n\t\t\t\t<\/div>\n\t\t\t\t\t<\/div>\n\t\t\t\t<\/div>\n\t\t\t\t<\/div>\n\t\t","protected":false},"excerpt":{"rendered":"<p>Vous avez besoin d&rsquo;aide ? Nous sommes pr\u00eats \u00e0 vous aider ! Nous vous aiderons rapidement et facilement &#8211; prenez contact de la mani\u00e8re qui vous convient le mieux. Appeler directement Heures d&rsquo;ouverture : Lun-Jeu 08.30-18.00 &amp; Ven 8:30-16:00. Appelez ce num\u00e9ro : +32 2 880 72 41 (partenaires) et +32 2 882 11 00 [&hellip;]<\/p>\n","protected":false},"author":4,"featured_media":0,"parent":0,"menu_order":0,"comment_status":"closed","ping_status":"closed","template":"elementor_header_footer","meta":{"_acf_changed":false,"content-type":"","inline_featured_image":false,"footnotes":""},"class_list":["post-13805","page","type-page","status-publish","hentry"],"acf":[],"yoast_head":"<!-- This site is optimized with the Yoast SEO Premium plugin v23.8 (Yoast SEO v27.0) - https:\/\/yoast.com\/product\/yoast-seo-premium-wordpress\/ -->\n<title>Support | Telavox - Op\u00e9rateur T\u00e9l\u00e9com d\u00e9di\u00e9 aux Entreprises<\/title>\n<meta name=\"description\" content=\"Obtenez une assistance rapide et adapt\u00e9e \u00e0 vos besoins. Chez Telavox, nous sommes l\u00e0 pour vous aider \u00e0 r\u00e9soudre vos probl\u00e8mes.\" \/>\n<meta name=\"robots\" content=\"index, follow, max-snippet:-1, max-image-preview:large, max-video-preview:-1\" \/>\n<link rel=\"canonical\" href=\"https:\/\/telavox.be\/fr\/support\/\" \/>\n<meta property=\"og:locale\" content=\"fr_FR\" \/>\n<meta property=\"og:type\" content=\"article\" \/>\n<meta property=\"og:title\" content=\"Support | Telavox | Mobiloperat\u00f6r bara f\u00f6r f\u00f6retag\" \/>\n<meta property=\"og:description\" content=\"Obtenez une assistance rapide et adapt\u00e9e \u00e0 vos besoins. Chez Telavox, nous sommes l\u00e0 pour vous aider \u00e0 r\u00e9soudre vos probl\u00e8mes.\" \/>\n<meta property=\"og:url\" content=\"https:\/\/telavox.be\/fr\/support\/\" \/>\n<meta property=\"og:site_name\" content=\"Telavox\" \/>\n<meta property=\"article:publisher\" content=\"https:\/\/www.facebook.com\/telavox\/\" \/>\n<meta property=\"article:modified_time\" content=\"2026-05-05T14:29:45+00:00\" \/>\n<meta property=\"og:image\" content=\"https:\/\/telavox.be\/wp-content\/uploads\/2024\/12\/Fo-rhandsvining-BE.png\" \/>\n\t<meta property=\"og:image:width\" content=\"4800\" \/>\n\t<meta property=\"og:image:height\" content=\"2700\" \/>\n\t<meta property=\"og:image:type\" content=\"image\/png\" \/>\n<meta name=\"twitter:card\" content=\"summary_large_image\" \/>\n<meta name=\"twitter:site\" content=\"@telavox\" \/>\n<meta name=\"twitter:label1\" content=\"Dur\u00e9e de lecture estim\u00e9e\" \/>\n\t<meta name=\"twitter:data1\" content=\"2 minutes\" \/>\n<script type=\"application\/ld+json\" class=\"yoast-schema-graph\">{\"@context\":\"https:\/\/schema.org\",\"@graph\":[{\"@type\":\"WebPage\",\"@id\":\"https:\/\/telavox.be\/fr\/support\/\",\"url\":\"https:\/\/telavox.be\/fr\/support\/\",\"name\":\"Support | Telavox - Op\u00e9rateur T\u00e9l\u00e9com d\u00e9di\u00e9 aux Entreprises\",\"isPartOf\":{\"@id\":\"https:\/\/telavox.be\/fr\/#website\"},\"primaryImageOfPage\":{\"@id\":\"https:\/\/telavox.be\/fr\/support\/#primaryimage\"},\"image\":{\"@id\":\"https:\/\/telavox.be\/fr\/support\/#primaryimage\"},\"thumbnailUrl\":\"https:\/\/telavox.be\/wp-content\/uploads\/2024\/10\/Group-35770.svg\",\"datePublished\":\"2024-10-09T18:05:50+00:00\",\"dateModified\":\"2026-05-05T14:29:45+00:00\",\"description\":\"Obtenez une assistance rapide et adapt\u00e9e \u00e0 vos besoins. Chez Telavox, nous sommes l\u00e0 pour vous aider \u00e0 r\u00e9soudre vos probl\u00e8mes.\",\"breadcrumb\":{\"@id\":\"https:\/\/telavox.be\/fr\/support\/#breadcrumb\"},\"inLanguage\":\"fr-FR\",\"potentialAction\":[{\"@type\":\"ReadAction\",\"target\":[\"https:\/\/telavox.be\/fr\/support\/\"]}]},{\"@type\":\"ImageObject\",\"inLanguage\":\"fr-FR\",\"@id\":\"https:\/\/telavox.be\/fr\/support\/#primaryimage\",\"url\":\"https:\/\/telavox.be\/wp-content\/uploads\/2024\/10\/Group-35770.svg\",\"contentUrl\":\"https:\/\/telavox.be\/wp-content\/uploads\/2024\/10\/Group-35770.svg\"},{\"@type\":\"BreadcrumbList\",\"@id\":\"https:\/\/telavox.be\/fr\/support\/#breadcrumb\",\"itemListElement\":[{\"@type\":\"ListItem\",\"position\":1,\"name\":\"Home\",\"item\":\"https:\/\/telavox.be\/fr\/\"},{\"@type\":\"ListItem\",\"position\":2,\"name\":\"Support\"}]},{\"@type\":\"WebSite\",\"@id\":\"https:\/\/telavox.be\/fr\/#website\",\"url\":\"https:\/\/telavox.be\/fr\/\",\"name\":\"Telavox\",\"description\":\"Telavox | F\u00f6retagstelefoni, v\u00e4xel och \u00e4rendehantering integrerat med dina favoritsystem\",\"publisher\":{\"@id\":\"https:\/\/telavox.be\/fr\/#organization\"},\"potentialAction\":[{\"@type\":\"SearchAction\",\"target\":{\"@type\":\"EntryPoint\",\"urlTemplate\":\"https:\/\/telavox.be\/fr\/?s={search_term_string}\"},\"query-input\":{\"@type\":\"PropertyValueSpecification\",\"valueRequired\":true,\"valueName\":\"search_term_string\"}}],\"inLanguage\":\"fr-FR\"},{\"@type\":\"Organization\",\"@id\":\"https:\/\/telavox.be\/fr\/#organization\",\"name\":\"Telavox\",\"url\":\"https:\/\/telavox.be\/fr\/\",\"logo\":{\"@type\":\"ImageObject\",\"inLanguage\":\"fr-FR\",\"@id\":\"https:\/\/telavox.be\/fr\/#\/schema\/logo\/image\/\",\"url\":\"https:\/\/telavox.be\/wp-content\/uploads\/2026\/03\/Telavox-Logo-RGB-Green-scaled.png\",\"contentUrl\":\"https:\/\/telavox.be\/wp-content\/uploads\/2026\/03\/Telavox-Logo-RGB-Green-scaled.png\",\"width\":2560,\"height\":432,\"caption\":\"Telavox\"},\"image\":{\"@id\":\"https:\/\/telavox.be\/fr\/#\/schema\/logo\/image\/\"},\"sameAs\":[\"https:\/\/www.facebook.com\/telavox\/\",\"https:\/\/x.com\/telavox\",\"https:\/\/www.linkedin.com\/company\/telavox\/\",\"https:\/\/www.instagram.com\/telavox\/\",\"https:\/\/www.youtube.com\/channel\/UCQqir-waeD7753eHPZtcKmg\"],\"telephone\":\"020100000\",\"legalName\":\"Telavox AB\",\"vatID\":\"SE556600778601\",\"numberOfEmployees\":{\"@type\":\"QuantitativeValue\",\"minValue\":\"201\",\"maxValue\":\"500\"}}]}<\/script>\n<!-- \/ Yoast SEO Premium plugin. -->","yoast_head_json":{"title":"Support | Telavox - Op\u00e9rateur T\u00e9l\u00e9com d\u00e9di\u00e9 aux Entreprises","description":"Obtenez une assistance rapide et adapt\u00e9e \u00e0 vos besoins. Chez Telavox, nous sommes l\u00e0 pour vous aider \u00e0 r\u00e9soudre vos probl\u00e8mes.","robots":{"index":"index","follow":"follow","max-snippet":"max-snippet:-1","max-image-preview":"max-image-preview:large","max-video-preview":"max-video-preview:-1"},"canonical":"https:\/\/telavox.be\/fr\/support\/","og_locale":"fr_FR","og_type":"article","og_title":"Support | Telavox | Mobiloperat\u00f6r bara f\u00f6r f\u00f6retag","og_description":"Obtenez une assistance rapide et adapt\u00e9e \u00e0 vos besoins. Chez Telavox, nous sommes l\u00e0 pour vous aider \u00e0 r\u00e9soudre vos probl\u00e8mes.","og_url":"https:\/\/telavox.be\/fr\/support\/","og_site_name":"Telavox","article_publisher":"https:\/\/www.facebook.com\/telavox\/","article_modified_time":"2026-05-05T14:29:45+00:00","og_image":[{"width":4800,"height":2700,"url":"https:\/\/telavox.be\/wp-content\/uploads\/2024\/12\/Fo-rhandsvining-BE.png","type":"image\/png"}],"twitter_card":"summary_large_image","twitter_site":"@telavox","twitter_misc":{"Dur\u00e9e de lecture estim\u00e9e":"2 minutes"},"schema":{"@context":"https:\/\/schema.org","@graph":[{"@type":"WebPage","@id":"https:\/\/telavox.be\/fr\/support\/","url":"https:\/\/telavox.be\/fr\/support\/","name":"Support | Telavox - Op\u00e9rateur T\u00e9l\u00e9com d\u00e9di\u00e9 aux Entreprises","isPartOf":{"@id":"https:\/\/telavox.be\/fr\/#website"},"primaryImageOfPage":{"@id":"https:\/\/telavox.be\/fr\/support\/#primaryimage"},"image":{"@id":"https:\/\/telavox.be\/fr\/support\/#primaryimage"},"thumbnailUrl":"https:\/\/telavox.be\/wp-content\/uploads\/2024\/10\/Group-35770.svg","datePublished":"2024-10-09T18:05:50+00:00","dateModified":"2026-05-05T14:29:45+00:00","description":"Obtenez une assistance rapide et adapt\u00e9e \u00e0 vos besoins. Chez Telavox, nous sommes l\u00e0 pour vous aider \u00e0 r\u00e9soudre vos probl\u00e8mes.","breadcrumb":{"@id":"https:\/\/telavox.be\/fr\/support\/#breadcrumb"},"inLanguage":"fr-FR","potentialAction":[{"@type":"ReadAction","target":["https:\/\/telavox.be\/fr\/support\/"]}]},{"@type":"ImageObject","inLanguage":"fr-FR","@id":"https:\/\/telavox.be\/fr\/support\/#primaryimage","url":"https:\/\/telavox.be\/wp-content\/uploads\/2024\/10\/Group-35770.svg","contentUrl":"https:\/\/telavox.be\/wp-content\/uploads\/2024\/10\/Group-35770.svg"},{"@type":"BreadcrumbList","@id":"https:\/\/telavox.be\/fr\/support\/#breadcrumb","itemListElement":[{"@type":"ListItem","position":1,"name":"Home","item":"https:\/\/telavox.be\/fr\/"},{"@type":"ListItem","position":2,"name":"Support"}]},{"@type":"WebSite","@id":"https:\/\/telavox.be\/fr\/#website","url":"https:\/\/telavox.be\/fr\/","name":"Telavox","description":"Telavox | F\u00f6retagstelefoni, v\u00e4xel och \u00e4rendehantering integrerat med dina favoritsystem","publisher":{"@id":"https:\/\/telavox.be\/fr\/#organization"},"potentialAction":[{"@type":"SearchAction","target":{"@type":"EntryPoint","urlTemplate":"https:\/\/telavox.be\/fr\/?s={search_term_string}"},"query-input":{"@type":"PropertyValueSpecification","valueRequired":true,"valueName":"search_term_string"}}],"inLanguage":"fr-FR"},{"@type":"Organization","@id":"https:\/\/telavox.be\/fr\/#organization","name":"Telavox","url":"https:\/\/telavox.be\/fr\/","logo":{"@type":"ImageObject","inLanguage":"fr-FR","@id":"https:\/\/telavox.be\/fr\/#\/schema\/logo\/image\/","url":"https:\/\/telavox.be\/wp-content\/uploads\/2026\/03\/Telavox-Logo-RGB-Green-scaled.png","contentUrl":"https:\/\/telavox.be\/wp-content\/uploads\/2026\/03\/Telavox-Logo-RGB-Green-scaled.png","width":2560,"height":432,"caption":"Telavox"},"image":{"@id":"https:\/\/telavox.be\/fr\/#\/schema\/logo\/image\/"},"sameAs":["https:\/\/www.facebook.com\/telavox\/","https:\/\/x.com\/telavox","https:\/\/www.linkedin.com\/company\/telavox\/","https:\/\/www.instagram.com\/telavox\/","https:\/\/www.youtube.com\/channel\/UCQqir-waeD7753eHPZtcKmg"],"telephone":"020100000","legalName":"Telavox AB","vatID":"SE556600778601","numberOfEmployees":{"@type":"QuantitativeValue","minValue":"201","maxValue":"500"}}]}},"_links":{"self":[{"href":"https:\/\/telavox.be\/fr\/wp-json\/wp\/v2\/pages\/13805","targetHints":{"allow":["GET"]}}],"collection":[{"href":"https:\/\/telavox.be\/fr\/wp-json\/wp\/v2\/pages"}],"about":[{"href":"https:\/\/telavox.be\/fr\/wp-json\/wp\/v2\/types\/page"}],"author":[{"embeddable":true,"href":"https:\/\/telavox.be\/fr\/wp-json\/wp\/v2\/users\/4"}],"replies":[{"embeddable":true,"href":"https:\/\/telavox.be\/fr\/wp-json\/wp\/v2\/comments?post=13805"}],"version-history":[{"count":17,"href":"https:\/\/telavox.be\/fr\/wp-json\/wp\/v2\/pages\/13805\/revisions"}],"predecessor-version":[{"id":26538,"href":"https:\/\/telavox.be\/fr\/wp-json\/wp\/v2\/pages\/13805\/revisions\/26538"}],"wp:attachment":[{"href":"https:\/\/telavox.be\/fr\/wp-json\/wp\/v2\/media?parent=13805"}],"curies":[{"name":"wp","href":"https:\/\/api.w.org\/{rel}","templated":true}]}}