
{"id":13842,"date":"2024-10-17T18:04:22","date_gmt":"2024-10-17T16:04:22","guid":{"rendered":"https:\/\/telavox.be\/durabilite-et-societe\/"},"modified":"2024-11-29T12:24:46","modified_gmt":"2024-11-29T11:24:46","slug":"durabilite-et-societe","status":"publish","type":"page","link":"https:\/\/telavox.be\/fr\/durabilite-et-societe\/","title":{"rendered":"Avenir durable et soci\u00e9t\u00e9"},"content":{"rendered":"\t\t<div data-elementor-type=\"wp-page\" data-elementor-id=\"13842\" class=\"elementor elementor-13842 elementor-5304\" data-elementor-post-type=\"page\">\n\t\t\t\t<div class=\"elementor-element elementor-element-43bfb26 e-flex e-con-boxed e-con e-parent\" data-id=\"43bfb26\" data-element_type=\"container\" data-e-type=\"container\">\n\t\t\t\t\t<div class=\"e-con-inner\">\n\t\t<div class=\"elementor-element elementor-element-087b894 e-con-full e-flex e-con e-child\" data-id=\"087b894\" data-element_type=\"container\" data-e-type=\"container\">\n\t\t\t\t<div class=\"elementor-element elementor-element-8e3f96f elementor-widget elementor-widget-heading\" data-id=\"8e3f96f\" data-element_type=\"widget\" data-e-type=\"widget\" data-widget_type=\"heading.default\">\n\t\t\t\t<div class=\"elementor-widget-container\">\n\t\t\t\t\t<h1 class=\"elementor-heading-title elementor-size-default\">Ensemble, nous cr\u00e9ons un avenir durable<\/h1>\t\t\t\t<\/div>\n\t\t\t\t<\/div>\n\t\t\t\t<div class=\"elementor-element elementor-element-e171891 elementor-widget elementor-widget-text-editor\" data-id=\"e171891\" data-element_type=\"widget\" data-e-type=\"widget\" data-widget_type=\"text-editor.default\">\n\t\t\t\t<div class=\"elementor-widget-container\">\n\t\t\t\t\t\t\t\t\t<p>Nous sommes passionn\u00e9s par l&rsquo;id\u00e9e de rendre le monde un peu plus vert et plus intelligent. Nous nous effor\u00e7ons de cr\u00e9er un lieu de travail o\u00f9 chacun se sent heureux et int\u00e9gr\u00e9, tout en assumant la responsabilit\u00e9 de notre impact sur la soci\u00e9t\u00e9 et l&rsquo;environnement. Ensemble, nous cr\u00e9ons un avenir meilleur pour la plan\u00e8te et les personnes qui nous entourent.  <\/p>\n\t\t\t\t\t\t\t\t<\/div>\n\t\t\t\t<\/div>\n\t\t\t\t<\/div>\n\t\t\t\t\t<\/div>\n\t\t\t\t<\/div>\n\t\t<div class=\"elementor-element elementor-element-b762e87 e-flex e-con-boxed e-con e-parent\" data-id=\"b762e87\" data-element_type=\"container\" data-e-type=\"container\">\n\t\t\t\t\t<div class=\"e-con-inner\">\n\t\t<div class=\"elementor-element elementor-element-dacc1d0 e-con-full e-flex e-con e-child\" data-id=\"dacc1d0\" data-element_type=\"container\" data-e-type=\"container\">\n\t\t\t\t<div class=\"elementor-element elementor-element-59d978a elementor-widget__width-initial elementor-widget elementor-widget-heading\" data-id=\"59d978a\" data-element_type=\"widget\" data-e-type=\"widget\" data-widget_type=\"heading.default\">\n\t\t\t\t<div class=\"elementor-widget-container\">\n\t\t\t\t\t<h2 class=\"elementor-heading-title elementor-size-default\">Notre engagement pour un avenir durable<\/h2>\t\t\t\t<\/div>\n\t\t\t\t<\/div>\n\t\t\t\t<div class=\"elementor-element elementor-element-fdc5ce7 elementor-widget__width-initial elementor-widget elementor-widget-text-editor\" data-id=\"fdc5ce7\" data-element_type=\"widget\" data-e-type=\"widget\" data-widget_type=\"text-editor.default\">\n\t\t\t\t<div class=\"elementor-widget-container\">\n\t\t\t\t\t\t\t\t\t<p>L&rsquo;entrepreneuriat durable est pilier fondamental de notre strat\u00e9gie d&rsquo;entreprise. Chez Telavox, nous avons pour objectif de b\u00e2tir une entreprise durable ax\u00e9e sur la croissance, la rentabilit\u00e9 et une conduite responsable. La directive europ\u00e9enne sur le reporting de durabilit\u00e9 des entreprises (CSRD) exige des entreprises qu&rsquo;elles divulguent davantage d&rsquo;informations sur leur impact environnemental et rapportent des donn\u00e9es sur leurs \u00e9missions. Telavox a d\u00e9j\u00e0 entam\u00e9 le travail de transformation n\u00e9cessaire pour se conformer \u00e0 cette directive europ\u00e9enne.   <\/p>\n\t\t\t\t\t\t\t\t<\/div>\n\t\t\t\t<\/div>\n\t\t\t\t<\/div>\n\t\t<div class=\"elementor-element elementor-element-50d1d90 e-con-full e-flex e-con e-child\" data-id=\"50d1d90\" data-element_type=\"container\" data-e-type=\"container\">\n\t\t\t\t<div class=\"elementor-element elementor-element-8d63b99 elementor-widget elementor-widget-image\" data-id=\"8d63b99\" data-element_type=\"widget\" data-e-type=\"widget\" data-widget_type=\"image.default\">\n\t\t\t\t<div class=\"elementor-widget-container\">\n\t\t\t\t\t\t\t\t\t\t\t\t\t\t\t<img fetchpriority=\"high\" decoding=\"async\" width=\"800\" height=\"534\" src=\"https:\/\/telavox.be\/wp-content\/uploads\/2024\/11\/Hallbarhet-och-samhalle-hero-1024x683.webp\" class=\"attachment-large size-large wp-image-13562\" alt=\"\" srcset=\"https:\/\/telavox.be\/wp-content\/uploads\/2024\/11\/Hallbarhet-och-samhalle-hero-1024x683.webp 1024w, https:\/\/telavox.be\/wp-content\/uploads\/2024\/11\/Hallbarhet-och-samhalle-hero-300x200.webp 300w, https:\/\/telavox.be\/wp-content\/uploads\/2024\/11\/Hallbarhet-och-samhalle-hero-768x512.webp 768w, https:\/\/telavox.be\/wp-content\/uploads\/2024\/11\/Hallbarhet-och-samhalle-hero-1536x1024.webp 1536w, https:\/\/telavox.be\/wp-content\/uploads\/2024\/11\/Hallbarhet-och-samhalle-hero-2048x1365.webp 2048w, https:\/\/telavox.be\/wp-content\/uploads\/2024\/11\/Hallbarhet-och-samhalle-hero-600x400.webp 600w\" sizes=\"(max-width: 800px) 100vw, 800px\" \/>\t\t\t\t\t\t\t\t\t\t\t\t\t\t\t<\/div>\n\t\t\t\t<\/div>\n\t\t\t\t<\/div>\n\t\t\t\t\t<\/div>\n\t\t\t\t<\/div>\n\t\t<div class=\"elementor-element elementor-element-f436b82 e-flex e-con-boxed e-con e-parent\" data-id=\"f436b82\" data-element_type=\"container\" data-e-type=\"container\">\n\t\t\t\t\t<div class=\"e-con-inner\">\n\t\t<div class=\"elementor-element elementor-element-fff128e e-con-full e-flex e-con e-child\" data-id=\"fff128e\" data-element_type=\"container\" data-e-type=\"container\" data-settings=\"{&quot;background_background&quot;:&quot;classic&quot;}\">\n\t\t<div class=\"elementor-element elementor-element-f5946c4 e-con-full e-flex e-con e-child\" data-id=\"f5946c4\" data-element_type=\"container\" data-e-type=\"container\" data-settings=\"{&quot;background_background&quot;:&quot;classic&quot;}\">\n\t\t\t\t<div class=\"elementor-element elementor-element-92727dd elementor-widget-tablet__width-inherit elementor-position-top elementor-widget elementor-widget-image-box\" data-id=\"92727dd\" data-element_type=\"widget\" data-e-type=\"widget\" data-widget_type=\"image-box.default\">\n\t\t\t\t<div class=\"elementor-widget-container\">\n\t\t\t\t\t<div class=\"elementor-image-box-wrapper\"><figure class=\"elementor-image-box-img\"><img decoding=\"async\" width=\"44\" height=\"44\" src=\"https:\/\/telavox.be\/wp-content\/uploads\/2024\/11\/Hallbarhetsrapport.svg\" class=\"attachment-full size-full wp-image-13563\" alt=\"\" \/><\/figure><div class=\"elementor-image-box-content\"><h3 class=\"elementor-image-box-title\">Notre dernier rapport sur le d\u00e9veloppement durable<\/h3><p class=\"elementor-image-box-description\">D\u00e9couvrez comment nous nous effor\u00e7ons de r\u00e9duire notre impact sur l'environnement et de contribuer \u00e0 un monde plus durable (en anglais).<\/p><\/div><\/div>\t\t\t\t<\/div>\n\t\t\t\t<\/div>\n\t\t\t\t<div class=\"elementor-element elementor-element-07f04b8 elementor-widget elementor-widget-button\" data-id=\"07f04b8\" data-element_type=\"widget\" data-e-type=\"widget\" data-widget_type=\"button.default\">\n\t\t\t\t<div class=\"elementor-widget-container\">\n\t\t\t\t\t\t\t\t\t<div class=\"elementor-button-wrapper\">\n\t\t\t\t\t<a class=\"elementor-button elementor-button-link elementor-size-sm\" href=\"http:\/\/telavox.se\/wp-content\/uploads\/2024\/11\/Telavox-Sustainability-Report-2023.pdf\">\n\t\t\t\t\t\t<span class=\"elementor-button-content-wrapper\">\n\t\t\t\t\t\t<span class=\"elementor-button-icon\">\n\t\t\t\t<svg xmlns=\"http:\/\/www.w3.org\/2000\/svg\" width=\"13\" height=\"12\" viewBox=\"0 0 13 12\" fill=\"none\"><g clip-path=\"url(#clip0_47_1101)\"><path d=\"M6.59304 10.277L5.69815 9.39205L8.8054 6.2848H1V4.99219H8.8054L5.69815 1.88991L6.59304 1L11.2315 5.6385L6.59304 10.277Z\" fill=\"#353839\"><\/path><\/g><defs><clipPath id=\"clip0_47_1101\"><rect width=\"13\" height=\"12\" fill=\"white\"><\/rect><\/clipPath><\/defs><\/svg>\t\t\t<\/span>\n\t\t\t\t\t\t\t\t\t<span class=\"elementor-button-text\">En savoir plus<\/span>\n\t\t\t\t\t<\/span>\n\t\t\t\t\t<\/a>\n\t\t\t\t<\/div>\n\t\t\t\t\t\t\t\t<\/div>\n\t\t\t\t<\/div>\n\t\t\t\t<\/div>\n\t\t<div class=\"elementor-element elementor-element-0ff6518 e-con-full e-flex e-con e-child\" data-id=\"0ff6518\" data-element_type=\"container\" data-e-type=\"container\" data-settings=\"{&quot;background_background&quot;:&quot;classic&quot;}\">\n\t\t\t\t<div class=\"elementor-element elementor-element-2b59e75 elementor-widget-tablet__width-inherit elementor-position-top elementor-widget elementor-widget-image-box\" data-id=\"2b59e75\" data-element_type=\"widget\" data-e-type=\"widget\" data-widget_type=\"image-box.default\">\n\t\t\t\t<div class=\"elementor-widget-container\">\n\t\t\t\t\t<div class=\"elementor-image-box-wrapper\"><figure class=\"elementor-image-box-img\"><img decoding=\"async\" width=\"44\" height=\"44\" src=\"https:\/\/telavox.be\/wp-content\/uploads\/2024\/11\/Abenhetsloven.svg\" class=\"attachment-full size-full wp-image-13565\" alt=\"\" \/><\/figure><div class=\"elementor-image-box-content\"><h3 class=\"elementor-image-box-title\">Rapport sur la loi sur la transparence <\/h3><p class=\"elementor-image-box-description\">Lisez notre rapport (en anglais) sur la mani\u00e8re dont Telavox se conforme \u00e0 la loi sur la transparence en Norv\u00e8ge et promouvons des pratiques commerciales responsables.<\/p><\/div><\/div>\t\t\t\t<\/div>\n\t\t\t\t<\/div>\n\t\t\t\t<div class=\"elementor-element elementor-element-b1744e1 elementor-widget elementor-widget-button\" data-id=\"b1744e1\" data-element_type=\"widget\" data-e-type=\"widget\" data-widget_type=\"button.default\">\n\t\t\t\t<div class=\"elementor-widget-container\">\n\t\t\t\t\t\t\t\t\t<div class=\"elementor-button-wrapper\">\n\t\t\t\t\t<a class=\"elementor-button elementor-button-link elementor-size-sm\" href=\"http:\/\/telavox.se\/wp-content\/uploads\/2024\/11\/NORWAY-Transparency-Report-Telavox-AS-2023.pdf\">\n\t\t\t\t\t\t<span class=\"elementor-button-content-wrapper\">\n\t\t\t\t\t\t<span class=\"elementor-button-icon\">\n\t\t\t\t<svg xmlns=\"http:\/\/www.w3.org\/2000\/svg\" width=\"13\" height=\"12\" viewBox=\"0 0 13 12\" fill=\"none\"><g clip-path=\"url(#clip0_47_1101)\"><path d=\"M6.59304 10.277L5.69815 9.39205L8.8054 6.2848H1V4.99219H8.8054L5.69815 1.88991L6.59304 1L11.2315 5.6385L6.59304 10.277Z\" fill=\"#353839\"><\/path><\/g><defs><clipPath id=\"clip0_47_1101\"><rect width=\"13\" height=\"12\" fill=\"white\"><\/rect><\/clipPath><\/defs><\/svg>\t\t\t<\/span>\n\t\t\t\t\t\t\t\t\t<span class=\"elementor-button-text\">En savoir plus<\/span>\n\t\t\t\t\t<\/span>\n\t\t\t\t\t<\/a>\n\t\t\t\t<\/div>\n\t\t\t\t\t\t\t\t<\/div>\n\t\t\t\t<\/div>\n\t\t\t\t<\/div>\n\t\t<div class=\"elementor-element elementor-element-e819a90 e-con-full e-flex e-con e-child\" data-id=\"e819a90\" data-element_type=\"container\" data-e-type=\"container\" data-settings=\"{&quot;background_background&quot;:&quot;classic&quot;}\">\n\t\t\t\t<div class=\"elementor-element elementor-element-5adf8f8 elementor-widget-tablet__width-inherit elementor-position-top elementor-widget elementor-widget-image-box\" data-id=\"5adf8f8\" data-element_type=\"widget\" data-e-type=\"widget\" data-widget_type=\"image-box.default\">\n\t\t\t\t<div class=\"elementor-widget-container\">\n\t\t\t\t\t<div class=\"elementor-image-box-wrapper\"><figure class=\"elementor-image-box-img\"><img loading=\"lazy\" decoding=\"async\" width=\"44\" height=\"44\" src=\"https:\/\/telavox.be\/wp-content\/uploads\/2024\/11\/Visselblasning.svg\" class=\"attachment-full size-full wp-image-13564\" alt=\"\" \/><\/figure><div class=\"elementor-image-box-content\"><h3 class=\"elementor-image-box-title\">Signalement d'irr\u00e9gularit\u00e9s<\/h3><p class=\"elementor-image-box-description\">Notre syst\u00e8me de signalement d'irr\u00e9gularit\u00e9s permet \u00e0 nos employ\u00e9s, partenaires et autres parties prenantes de signaler en toute s\u00e9curit\u00e9 et confidentialit\u00e9 tout comportement suspect ou contraire \u00e0 nos valeurs fondamentales. Vous avez remarqu\u00e9 quelque chose qui vous semble anormal ? Signalez-le de mani\u00e8re anonyme. <\/p><\/div><\/div>\t\t\t\t<\/div>\n\t\t\t\t<\/div>\n\t\t\t\t<div class=\"elementor-element elementor-element-dd0cc0e elementor-widget elementor-widget-button\" data-id=\"dd0cc0e\" data-element_type=\"widget\" data-e-type=\"widget\" data-widget_type=\"button.default\">\n\t\t\t\t<div class=\"elementor-widget-container\">\n\t\t\t\t\t\t\t\t\t<div class=\"elementor-button-wrapper\">\n\t\t\t\t\t<a class=\"elementor-button elementor-button-link elementor-size-sm\" href=\"https:\/\/telavox.be\/fr\/informations-juridiques\/signalement-d-irregularites\/\">\n\t\t\t\t\t\t<span class=\"elementor-button-content-wrapper\">\n\t\t\t\t\t\t<span class=\"elementor-button-icon\">\n\t\t\t\t<svg xmlns=\"http:\/\/www.w3.org\/2000\/svg\" width=\"13\" height=\"12\" viewBox=\"0 0 13 12\" fill=\"none\"><g clip-path=\"url(#clip0_47_1101)\"><path d=\"M6.59304 10.277L5.69815 9.39205L8.8054 6.2848H1V4.99219H8.8054L5.69815 1.88991L6.59304 1L11.2315 5.6385L6.59304 10.277Z\" fill=\"#353839\"><\/path><\/g><defs><clipPath id=\"clip0_47_1101\"><rect width=\"13\" height=\"12\" fill=\"white\"><\/rect><\/clipPath><\/defs><\/svg>\t\t\t<\/span>\n\t\t\t\t\t\t\t\t\t<span class=\"elementor-button-text\">En savoir plus<\/span>\n\t\t\t\t\t<\/span>\n\t\t\t\t\t<\/a>\n\t\t\t\t<\/div>\n\t\t\t\t\t\t\t\t<\/div>\n\t\t\t\t<\/div>\n\t\t\t\t<\/div>\n\t\t\t\t<\/div>\n\t\t\t\t\t<\/div>\n\t\t\t\t<\/div>\n\t\t\t\t<\/div>\n\t\t","protected":false},"excerpt":{"rendered":"<p>Ensemble, nous cr\u00e9ons un avenir durable Nous sommes passionn\u00e9s par l&rsquo;id\u00e9e de rendre le monde un peu plus vert et plus intelligent. Nous nous effor\u00e7ons de cr\u00e9er un lieu de travail o\u00f9 chacun se sent heureux et int\u00e9gr\u00e9, tout en assumant la responsabilit\u00e9 de notre impact sur la soci\u00e9t\u00e9 et l&rsquo;environnement. Ensemble, nous cr\u00e9ons un [&hellip;]<\/p>\n","protected":false},"author":4,"featured_media":0,"parent":0,"menu_order":0,"comment_status":"closed","ping_status":"closed","template":"elementor_header_footer","meta":{"_acf_changed":false,"content-type":"","inline_featured_image":false,"footnotes":""},"class_list":["post-13842","page","type-page","status-publish","hentry"],"acf":[],"yoast_head":"<!-- This site is optimized with the Yoast SEO Premium plugin v23.8 (Yoast SEO v27.0) - https:\/\/yoast.com\/product\/yoast-seo-premium-wordpress\/ -->\n<title>Avenir durable et soci\u00e9t\u00e9 | Telavox | Op\u00e9rateur T\u00e9l\u00e9com pour les Entreprises<\/title>\n<meta name=\"description\" content=\"D\u00e9couvrez comment Telavox s&#039;efforce de rendre le monde plus vert et plus intelligent gr\u00e2ce \u00e0 une activit\u00e9 durable.\" \/>\n<meta name=\"robots\" content=\"index, follow, max-snippet:-1, max-image-preview:large, max-video-preview:-1\" \/>\n<link rel=\"canonical\" href=\"https:\/\/telavox.be\/fr\/durabilite-et-societe\/\" \/>\n<meta property=\"og:locale\" content=\"fr_FR\" \/>\n<meta property=\"og:type\" content=\"article\" \/>\n<meta property=\"og:title\" content=\"Avenir durable et soci\u00e9t\u00e9 | Telavox | Mobiloperat\u00f6r bara f\u00f6r f\u00f6retag\" \/>\n<meta property=\"og:description\" content=\"D\u00e9couvrez comment Telavox s&#039;efforce de rendre le monde plus vert et plus intelligent gr\u00e2ce \u00e0 une activit\u00e9 durable.\" \/>\n<meta property=\"og:url\" content=\"https:\/\/telavox.be\/fr\/durabilite-et-societe\/\" \/>\n<meta property=\"og:site_name\" content=\"Telavox\" \/>\n<meta property=\"article:publisher\" content=\"https:\/\/www.facebook.com\/telavox\/\" \/>\n<meta property=\"article:modified_time\" content=\"2024-11-29T11:24:46+00:00\" \/>\n<meta property=\"og:image\" content=\"https:\/\/telavox.be\/wp-content\/uploads\/2024\/11\/Hallbarhet-och-samhalle-hero-scaled.webp\" \/>\n\t<meta property=\"og:image:width\" content=\"2560\" \/>\n\t<meta property=\"og:image:height\" content=\"1707\" \/>\n\t<meta property=\"og:image:type\" content=\"image\/webp\" \/>\n<meta name=\"twitter:card\" content=\"summary_large_image\" \/>\n<meta name=\"twitter:site\" content=\"@telavox\" \/>\n<meta name=\"twitter:label1\" content=\"Dur\u00e9e de lecture estim\u00e9e\" \/>\n\t<meta name=\"twitter:data1\" content=\"3 minutes\" \/>\n<script type=\"application\/ld+json\" class=\"yoast-schema-graph\">{\"@context\":\"https:\/\/schema.org\",\"@graph\":[{\"@type\":\"WebPage\",\"@id\":\"https:\/\/telavox.be\/fr\/durabilite-et-societe\/\",\"url\":\"https:\/\/telavox.be\/fr\/durabilite-et-societe\/\",\"name\":\"Avenir durable et soci\u00e9t\u00e9 | Telavox | Op\u00e9rateur T\u00e9l\u00e9com pour les Entreprises\",\"isPartOf\":{\"@id\":\"https:\/\/telavox.be\/fr\/#website\"},\"primaryImageOfPage\":{\"@id\":\"https:\/\/telavox.be\/fr\/durabilite-et-societe\/#primaryimage\"},\"image\":{\"@id\":\"https:\/\/telavox.be\/fr\/durabilite-et-societe\/#primaryimage\"},\"thumbnailUrl\":\"https:\/\/telavox.be\/wp-content\/uploads\/2024\/11\/Hallbarhet-och-samhalle-hero-1024x683.webp\",\"datePublished\":\"2024-10-17T16:04:22+00:00\",\"dateModified\":\"2024-11-29T11:24:46+00:00\",\"description\":\"D\u00e9couvrez comment Telavox s'efforce de rendre le monde plus vert et plus intelligent gr\u00e2ce \u00e0 une activit\u00e9 durable.\",\"breadcrumb\":{\"@id\":\"https:\/\/telavox.be\/fr\/durabilite-et-societe\/#breadcrumb\"},\"inLanguage\":\"fr-FR\",\"potentialAction\":[{\"@type\":\"ReadAction\",\"target\":[\"https:\/\/telavox.be\/fr\/durabilite-et-societe\/\"]}]},{\"@type\":\"ImageObject\",\"inLanguage\":\"fr-FR\",\"@id\":\"https:\/\/telavox.be\/fr\/durabilite-et-societe\/#primaryimage\",\"url\":\"https:\/\/telavox.be\/wp-content\/uploads\/2024\/11\/Hallbarhet-och-samhalle-hero-1024x683.webp\",\"contentUrl\":\"https:\/\/telavox.be\/wp-content\/uploads\/2024\/11\/Hallbarhet-och-samhalle-hero-1024x683.webp\"},{\"@type\":\"BreadcrumbList\",\"@id\":\"https:\/\/telavox.be\/fr\/durabilite-et-societe\/#breadcrumb\",\"itemListElement\":[{\"@type\":\"ListItem\",\"position\":1,\"name\":\"Home\",\"item\":\"https:\/\/telavox.be\/fr\/\"},{\"@type\":\"ListItem\",\"position\":2,\"name\":\"Avenir durable et soci\u00e9t\u00e9\"}]},{\"@type\":\"WebSite\",\"@id\":\"https:\/\/telavox.be\/fr\/#website\",\"url\":\"https:\/\/telavox.be\/fr\/\",\"name\":\"Telavox\",\"description\":\"Telavox | F\u00f6retagstelefoni, v\u00e4xel och \u00e4rendehantering integrerat med dina favoritsystem\",\"publisher\":{\"@id\":\"https:\/\/telavox.be\/fr\/#organization\"},\"potentialAction\":[{\"@type\":\"SearchAction\",\"target\":{\"@type\":\"EntryPoint\",\"urlTemplate\":\"https:\/\/telavox.be\/fr\/?s={search_term_string}\"},\"query-input\":{\"@type\":\"PropertyValueSpecification\",\"valueRequired\":true,\"valueName\":\"search_term_string\"}}],\"inLanguage\":\"fr-FR\"},{\"@type\":\"Organization\",\"@id\":\"https:\/\/telavox.be\/fr\/#organization\",\"name\":\"Telavox\",\"url\":\"https:\/\/telavox.be\/fr\/\",\"logo\":{\"@type\":\"ImageObject\",\"inLanguage\":\"fr-FR\",\"@id\":\"https:\/\/telavox.be\/fr\/#\/schema\/logo\/image\/\",\"url\":\"https:\/\/telavox.be\/wp-content\/uploads\/2026\/03\/Telavox-Logo-RGB-Green-scaled.png\",\"contentUrl\":\"https:\/\/telavox.be\/wp-content\/uploads\/2026\/03\/Telavox-Logo-RGB-Green-scaled.png\",\"width\":2560,\"height\":432,\"caption\":\"Telavox\"},\"image\":{\"@id\":\"https:\/\/telavox.be\/fr\/#\/schema\/logo\/image\/\"},\"sameAs\":[\"https:\/\/www.facebook.com\/telavox\/\",\"https:\/\/x.com\/telavox\",\"https:\/\/www.linkedin.com\/company\/telavox\/\",\"https:\/\/www.instagram.com\/telavox\/\",\"https:\/\/www.youtube.com\/channel\/UCQqir-waeD7753eHPZtcKmg\"],\"telephone\":\"020100000\",\"legalName\":\"Telavox AB\",\"vatID\":\"SE556600778601\",\"numberOfEmployees\":{\"@type\":\"QuantitativeValue\",\"minValue\":\"201\",\"maxValue\":\"500\"}}]}<\/script>\n<!-- \/ Yoast SEO Premium plugin. -->","yoast_head_json":{"title":"Avenir durable et soci\u00e9t\u00e9 | Telavox | Op\u00e9rateur T\u00e9l\u00e9com pour les Entreprises","description":"D\u00e9couvrez comment Telavox s'efforce de rendre le monde plus vert et plus intelligent gr\u00e2ce \u00e0 une activit\u00e9 durable.","robots":{"index":"index","follow":"follow","max-snippet":"max-snippet:-1","max-image-preview":"max-image-preview:large","max-video-preview":"max-video-preview:-1"},"canonical":"https:\/\/telavox.be\/fr\/durabilite-et-societe\/","og_locale":"fr_FR","og_type":"article","og_title":"Avenir durable et soci\u00e9t\u00e9 | Telavox | Mobiloperat\u00f6r bara f\u00f6r f\u00f6retag","og_description":"D\u00e9couvrez comment Telavox s'efforce de rendre le monde plus vert et plus intelligent gr\u00e2ce \u00e0 une activit\u00e9 durable.","og_url":"https:\/\/telavox.be\/fr\/durabilite-et-societe\/","og_site_name":"Telavox","article_publisher":"https:\/\/www.facebook.com\/telavox\/","article_modified_time":"2024-11-29T11:24:46+00:00","og_image":[{"width":2560,"height":1707,"url":"https:\/\/telavox.be\/wp-content\/uploads\/2024\/11\/Hallbarhet-och-samhalle-hero-scaled.webp","type":"image\/webp"}],"twitter_card":"summary_large_image","twitter_site":"@telavox","twitter_misc":{"Dur\u00e9e de lecture estim\u00e9e":"3 minutes"},"schema":{"@context":"https:\/\/schema.org","@graph":[{"@type":"WebPage","@id":"https:\/\/telavox.be\/fr\/durabilite-et-societe\/","url":"https:\/\/telavox.be\/fr\/durabilite-et-societe\/","name":"Avenir durable et soci\u00e9t\u00e9 | Telavox | Op\u00e9rateur T\u00e9l\u00e9com pour les Entreprises","isPartOf":{"@id":"https:\/\/telavox.be\/fr\/#website"},"primaryImageOfPage":{"@id":"https:\/\/telavox.be\/fr\/durabilite-et-societe\/#primaryimage"},"image":{"@id":"https:\/\/telavox.be\/fr\/durabilite-et-societe\/#primaryimage"},"thumbnailUrl":"https:\/\/telavox.be\/wp-content\/uploads\/2024\/11\/Hallbarhet-och-samhalle-hero-1024x683.webp","datePublished":"2024-10-17T16:04:22+00:00","dateModified":"2024-11-29T11:24:46+00:00","description":"D\u00e9couvrez comment Telavox s'efforce de rendre le monde plus vert et plus intelligent gr\u00e2ce \u00e0 une activit\u00e9 durable.","breadcrumb":{"@id":"https:\/\/telavox.be\/fr\/durabilite-et-societe\/#breadcrumb"},"inLanguage":"fr-FR","potentialAction":[{"@type":"ReadAction","target":["https:\/\/telavox.be\/fr\/durabilite-et-societe\/"]}]},{"@type":"ImageObject","inLanguage":"fr-FR","@id":"https:\/\/telavox.be\/fr\/durabilite-et-societe\/#primaryimage","url":"https:\/\/telavox.be\/wp-content\/uploads\/2024\/11\/Hallbarhet-och-samhalle-hero-1024x683.webp","contentUrl":"https:\/\/telavox.be\/wp-content\/uploads\/2024\/11\/Hallbarhet-och-samhalle-hero-1024x683.webp"},{"@type":"BreadcrumbList","@id":"https:\/\/telavox.be\/fr\/durabilite-et-societe\/#breadcrumb","itemListElement":[{"@type":"ListItem","position":1,"name":"Home","item":"https:\/\/telavox.be\/fr\/"},{"@type":"ListItem","position":2,"name":"Avenir durable et soci\u00e9t\u00e9"}]},{"@type":"WebSite","@id":"https:\/\/telavox.be\/fr\/#website","url":"https:\/\/telavox.be\/fr\/","name":"Telavox","description":"Telavox | F\u00f6retagstelefoni, v\u00e4xel och \u00e4rendehantering integrerat med dina favoritsystem","publisher":{"@id":"https:\/\/telavox.be\/fr\/#organization"},"potentialAction":[{"@type":"SearchAction","target":{"@type":"EntryPoint","urlTemplate":"https:\/\/telavox.be\/fr\/?s={search_term_string}"},"query-input":{"@type":"PropertyValueSpecification","valueRequired":true,"valueName":"search_term_string"}}],"inLanguage":"fr-FR"},{"@type":"Organization","@id":"https:\/\/telavox.be\/fr\/#organization","name":"Telavox","url":"https:\/\/telavox.be\/fr\/","logo":{"@type":"ImageObject","inLanguage":"fr-FR","@id":"https:\/\/telavox.be\/fr\/#\/schema\/logo\/image\/","url":"https:\/\/telavox.be\/wp-content\/uploads\/2026\/03\/Telavox-Logo-RGB-Green-scaled.png","contentUrl":"https:\/\/telavox.be\/wp-content\/uploads\/2026\/03\/Telavox-Logo-RGB-Green-scaled.png","width":2560,"height":432,"caption":"Telavox"},"image":{"@id":"https:\/\/telavox.be\/fr\/#\/schema\/logo\/image\/"},"sameAs":["https:\/\/www.facebook.com\/telavox\/","https:\/\/x.com\/telavox","https:\/\/www.linkedin.com\/company\/telavox\/","https:\/\/www.instagram.com\/telavox\/","https:\/\/www.youtube.com\/channel\/UCQqir-waeD7753eHPZtcKmg"],"telephone":"020100000","legalName":"Telavox AB","vatID":"SE556600778601","numberOfEmployees":{"@type":"QuantitativeValue","minValue":"201","maxValue":"500"}}]}},"_links":{"self":[{"href":"https:\/\/telavox.be\/fr\/wp-json\/wp\/v2\/pages\/13842","targetHints":{"allow":["GET"]}}],"collection":[{"href":"https:\/\/telavox.be\/fr\/wp-json\/wp\/v2\/pages"}],"about":[{"href":"https:\/\/telavox.be\/fr\/wp-json\/wp\/v2\/types\/page"}],"author":[{"embeddable":true,"href":"https:\/\/telavox.be\/fr\/wp-json\/wp\/v2\/users\/4"}],"replies":[{"embeddable":true,"href":"https:\/\/telavox.be\/fr\/wp-json\/wp\/v2\/comments?post=13842"}],"version-history":[{"count":10,"href":"https:\/\/telavox.be\/fr\/wp-json\/wp\/v2\/pages\/13842\/revisions"}],"predecessor-version":[{"id":21884,"href":"https:\/\/telavox.be\/fr\/wp-json\/wp\/v2\/pages\/13842\/revisions\/21884"}],"wp:attachment":[{"href":"https:\/\/telavox.be\/fr\/wp-json\/wp\/v2\/media?parent=13842"}],"curies":[{"name":"wp","href":"https:\/\/api.w.org\/{rel}","templated":true}]}}