
{"id":13849,"date":"2024-10-17T18:17:50","date_gmt":"2024-10-17T16:17:50","guid":{"rendered":"https:\/\/telavox.be\/donnees-et-itinerance\/"},"modified":"2025-01-08T14:18:40","modified_gmt":"2025-01-08T13:18:40","slug":"donnees-et-roaming","status":"publish","type":"page","link":"https:\/\/telavox.be\/fr\/donnees-et-roaming\/","title":{"rendered":"Donn\u00e9es et Roaming"},"content":{"rendered":"\t\t<div data-elementor-type=\"wp-page\" data-elementor-id=\"13849\" class=\"elementor elementor-13849 elementor-5317\" data-elementor-post-type=\"page\">\n\t\t\t\t<div class=\"elementor-element elementor-element-7423e10 e-flex e-con-boxed e-con e-parent\" data-id=\"7423e10\" data-element_type=\"container\" data-e-type=\"container\">\n\t\t\t\t\t<div class=\"e-con-inner\">\n\t\t<div class=\"elementor-element elementor-element-2fde26d e-con-full e-flex e-con e-child\" data-id=\"2fde26d\" data-element_type=\"container\" data-e-type=\"container\">\n\t\t\t\t<div class=\"elementor-element elementor-element-3acd1c5 elementor-widget__width-initial elementor-widget elementor-widget-heading\" data-id=\"3acd1c5\" data-element_type=\"widget\" data-e-type=\"widget\" data-widget_type=\"heading.default\">\n\t\t\t\t<div class=\"elementor-widget-container\">\n\t\t\t\t\t<h1 class=\"elementor-heading-title elementor-size-default\">Des forfaits de Data pour chaque situation<\/h1>\t\t\t\t<\/div>\n\t\t\t\t<\/div>\n\t\t\t\t<div class=\"elementor-element elementor-element-6feaf22 elementor-widget elementor-widget-text-editor\" data-id=\"6feaf22\" data-element_type=\"widget\" data-e-type=\"widget\" data-widget_type=\"text-editor.default\">\n\t\t\t\t<div class=\"elementor-widget-container\">\n\t\t\t\t\t\t\t\t\t<p>Ne laissez ni une limite au niveau de votre forfait data ni les fronti\u00e8res nationales freiner votre activit\u00e9. Nous avons des forfaits de navigation qui conviennent \u00e0 tous types d&rsquo;entreprises. Vous avez besoin de plus de surf ou vous \u00eates int\u00e9ress\u00e9 par la 5G ? Nous avons ce qu&rsquo;il vous faut !<\/p>\t\t\t\t\t\t\t\t<\/div>\n\t\t\t\t<\/div>\n\t\t\t\t<\/div>\n\t\t<div class=\"elementor-element elementor-element-f0bb28e e-con-full e-flex e-con e-child\" data-id=\"f0bb28e\" data-element_type=\"container\" data-e-type=\"container\">\n\t\t\t\t<div class=\"elementor-element elementor-element-681af0c elementor-widget elementor-widget-image\" data-id=\"681af0c\" data-element_type=\"widget\" data-e-type=\"widget\" data-widget_type=\"image.default\">\n\t\t\t\t<div class=\"elementor-widget-container\">\n\t\t\t\t\t\t\t\t\t\t\t\t\t\t\t<img fetchpriority=\"high\" decoding=\"async\" width=\"800\" height=\"534\" src=\"https:\/\/telavox.be\/wp-content\/uploads\/2024\/11\/iStock-1249041654-1024x683.webp\" class=\"attachment-large size-large wp-image-13590\" alt=\"\" srcset=\"https:\/\/telavox.be\/wp-content\/uploads\/2024\/11\/iStock-1249041654-1024x683.webp 1024w, https:\/\/telavox.be\/wp-content\/uploads\/2024\/11\/iStock-1249041654-300x200.webp 300w, https:\/\/telavox.be\/wp-content\/uploads\/2024\/11\/iStock-1249041654-768x512.webp 768w, https:\/\/telavox.be\/wp-content\/uploads\/2024\/11\/iStock-1249041654-1536x1024.webp 1536w, https:\/\/telavox.be\/wp-content\/uploads\/2024\/11\/iStock-1249041654-2048x1365.webp 2048w, https:\/\/telavox.be\/wp-content\/uploads\/2024\/11\/iStock-1249041654-600x400.webp 600w\" sizes=\"(max-width: 800px) 100vw, 800px\" \/>\t\t\t\t\t\t\t\t\t\t\t\t\t\t\t<\/div>\n\t\t\t\t<\/div>\n\t\t\t\t<\/div>\n\t\t\t\t\t<\/div>\n\t\t\t\t<\/div>\n\t\t<div class=\"elementor-element elementor-element-0cb414f e-flex e-con-boxed e-con e-parent\" data-id=\"0cb414f\" data-element_type=\"container\" data-e-type=\"container\">\n\t\t\t\t\t<div class=\"e-con-inner\">\n\t\t\t\t<div class=\"elementor-element elementor-element-615e98a elementor-widget elementor-widget-heading\" data-id=\"615e98a\" data-element_type=\"widget\" data-e-type=\"widget\" data-widget_type=\"heading.default\">\n\t\t\t\t<div class=\"elementor-widget-container\">\n\t\t\t\t\t<h2 class=\"elementor-heading-title elementor-size-default\">5G et donn\u00e9es illimit\u00e9es<\/h2>\t\t\t\t<\/div>\n\t\t\t\t<\/div>\n\t\t\t\t\t<\/div>\n\t\t\t\t<\/div>\n\t\t<div class=\"elementor-element elementor-element-167d52b e-flex e-con-boxed e-con e-parent\" data-id=\"167d52b\" data-element_type=\"container\" data-e-type=\"container\">\n\t\t\t\t\t<div class=\"e-con-inner\">\n\t\t<div class=\"elementor-element elementor-element-47d748d e-con-full e-flex e-con e-child\" data-id=\"47d748d\" data-element_type=\"container\" data-e-type=\"container\">\n\t\t\t\t<div class=\"elementor-element elementor-element-8b53317 elementor-widget elementor-widget-image\" data-id=\"8b53317\" data-element_type=\"widget\" data-e-type=\"widget\" data-widget_type=\"image.default\">\n\t\t\t\t<div class=\"elementor-widget-container\">\n\t\t\t\t\t\t\t\t\t\t\t\t\t\t\t<img decoding=\"async\" width=\"800\" height=\"512\" src=\"https:\/\/telavox.be\/wp-content\/uploads\/2024\/11\/Obegransad-data-1-1024x655.webp\" class=\"attachment-large size-large wp-image-13702\" alt=\"\" srcset=\"https:\/\/telavox.be\/wp-content\/uploads\/2024\/11\/Obegransad-data-1-1024x655.webp 1024w, https:\/\/telavox.be\/wp-content\/uploads\/2024\/11\/Obegransad-data-1-300x192.webp 300w, https:\/\/telavox.be\/wp-content\/uploads\/2024\/11\/Obegransad-data-1-768x491.webp 768w, https:\/\/telavox.be\/wp-content\/uploads\/2024\/11\/Obegransad-data-1-1536x982.webp 1536w, https:\/\/telavox.be\/wp-content\/uploads\/2024\/11\/Obegransad-data-1-2048x1309.webp 2048w, https:\/\/telavox.be\/wp-content\/uploads\/2024\/11\/Obegransad-data-1-600x384.webp 600w\" sizes=\"(max-width: 800px) 100vw, 800px\" \/>\t\t\t\t\t\t\t\t\t\t\t\t\t\t\t<\/div>\n\t\t\t\t<\/div>\n\t\t\t\t<div class=\"elementor-element elementor-element-deb59c3 elementor-widget elementor-widget-heading\" data-id=\"deb59c3\" data-element_type=\"widget\" data-e-type=\"widget\" data-widget_type=\"heading.default\">\n\t\t\t\t<div class=\"elementor-widget-container\">\n\t\t\t\t\t<h3 class=\"elementor-heading-title elementor-size-default\">Telavox 5G<\/h3>\t\t\t\t<\/div>\n\t\t\t\t<\/div>\n\t\t\t\t<div class=\"elementor-element elementor-element-15bf67f elementor-widget elementor-widget-text-editor\" data-id=\"15bf67f\" data-element_type=\"widget\" data-e-type=\"widget\" data-widget_type=\"text-editor.default\">\n\t\t\t\t<div class=\"elementor-widget-container\">\n\t\t\t\t\t\t\t\t\t<p>Telavox offre la 5G aux clients belges via le r\u00e9seau de Proximus. Avec la 5G, vous profiterez d&rsquo;une navigation ultra-rapide et d&rsquo;une toute nouvelle exp\u00e9rience en ligne pour un streaming fluide, des t\u00e9l\u00e9chargements plus rapides et une meilleure capacit\u00e9 \u00e0 travailler en d\u00e9placement.<\/p>\t\t\t\t\t\t\t\t<\/div>\n\t\t\t\t<\/div>\n\t\t\t\t<\/div>\n\t\t<div class=\"elementor-element elementor-element-362cace e-con-full e-flex e-con e-child\" data-id=\"362cace\" data-element_type=\"container\" data-e-type=\"container\">\n\t\t\t\t<div class=\"elementor-element elementor-element-9c36bb3 elementor-widget elementor-widget-image\" data-id=\"9c36bb3\" data-element_type=\"widget\" data-e-type=\"widget\" data-widget_type=\"image.default\">\n\t\t\t\t<div class=\"elementor-widget-container\">\n\t\t\t\t\t\t\t\t\t\t\t\t\t\t\t<img decoding=\"async\" width=\"800\" height=\"512\" src=\"https:\/\/telavox.be\/wp-content\/uploads\/2025\/01\/Copy-of-Obegransad-data_FR-1-1024x655.png\" class=\"attachment-large size-large wp-image-23199\" alt=\"\" srcset=\"https:\/\/telavox.be\/wp-content\/uploads\/2025\/01\/Copy-of-Obegransad-data_FR-1-1024x655.png 1024w, https:\/\/telavox.be\/wp-content\/uploads\/2025\/01\/Copy-of-Obegransad-data_FR-1-300x192.png 300w, https:\/\/telavox.be\/wp-content\/uploads\/2025\/01\/Copy-of-Obegransad-data_FR-1-768x491.png 768w, https:\/\/telavox.be\/wp-content\/uploads\/2025\/01\/Copy-of-Obegransad-data_FR-1-600x384.png 600w, https:\/\/telavox.be\/wp-content\/uploads\/2025\/01\/Copy-of-Obegransad-data_FR-1.png 1034w\" sizes=\"(max-width: 800px) 100vw, 800px\" \/>\t\t\t\t\t\t\t\t\t\t\t\t\t\t\t<\/div>\n\t\t\t\t<\/div>\n\t\t\t\t<div class=\"elementor-element elementor-element-ad4d8d3 elementor-widget elementor-widget-heading\" data-id=\"ad4d8d3\" data-element_type=\"widget\" data-e-type=\"widget\" data-widget_type=\"heading.default\">\n\t\t\t\t<div class=\"elementor-widget-container\">\n\t\t\t\t\t<h3 class=\"elementor-heading-title elementor-size-default\">Donn\u00e9es illimit\u00e9es<\/h3>\t\t\t\t<\/div>\n\t\t\t\t<\/div>\n\t\t\t\t<div class=\"elementor-element elementor-element-6c2198d elementor-widget elementor-widget-text-editor\" data-id=\"6c2198d\" data-element_type=\"widget\" data-e-type=\"widget\" data-widget_type=\"text-editor.default\">\n\t\t\t\t<div class=\"elementor-widget-container\">\n\t\t\t\t\t\t\t\t\t<p>Gr\u00e2ce \u00e0 nos offres de donn\u00e9es illimit\u00e9es, nos clients peuvent profiter d&rsquo;un acc\u00e8s ininterrompu \u00e0 internet sans avoir \u00e0 s&rsquo;inqui\u00e9ter de manquer de donn\u00e9es. Que ce soit pour le travail, le divertissement ou pour rester en contact avec vos proches, nos diff\u00e9rents forfaits de donn\u00e9es permettent \u00e0 nos clients d&rsquo;utiliser leur data facilement et sans tracas.<\/p>\t\t\t\t\t\t\t\t<\/div>\n\t\t\t\t<\/div>\n\t\t\t\t<\/div>\n\t\t\t\t\t<\/div>\n\t\t\t\t<\/div>\n\t\t\t\t<\/div>\n\t\t","protected":false},"excerpt":{"rendered":"<p>Des forfaits de Data pour chaque situation Ne laissez ni une limite au niveau de votre forfait data ni les fronti\u00e8res nationales freiner votre activit\u00e9. Nous avons des forfaits de navigation qui conviennent \u00e0 tous types d&rsquo;entreprises. Vous avez besoin de plus de surf ou vous \u00eates int\u00e9ress\u00e9 par la 5G ? Nous avons ce [&hellip;]<\/p>\n","protected":false},"author":4,"featured_media":0,"parent":0,"menu_order":0,"comment_status":"closed","ping_status":"closed","template":"elementor_header_footer","meta":{"_acf_changed":false,"content-type":"","inline_featured_image":false,"footnotes":""},"class_list":["post-13849","page","type-page","status-publish","hentry"],"acf":[],"yoast_head":"<!-- This site is optimized with the Yoast SEO Premium plugin v23.8 (Yoast SEO v27.0) - https:\/\/yoast.com\/product\/yoast-seo-premium-wordpress\/ -->\n<title>Donn\u00e9es et Roaming | Telavox - Op\u00e9rateur Mobile pour les Entreprises<\/title>\n<meta name=\"description\" content=\"D\u00e9couvrez une exp\u00e9rience unique avec nos forfaits 5G : t\u00e9l\u00e9chargements ultra-rapides et streaming fluide, chez vous ou \u00e0 l&#039;\u00e9tranger.\" \/>\n<meta name=\"robots\" content=\"index, follow, max-snippet:-1, max-image-preview:large, max-video-preview:-1\" \/>\n<link rel=\"canonical\" href=\"https:\/\/telavox.be\/fr\/donnees-et-roaming\/\" \/>\n<meta property=\"og:locale\" content=\"fr_FR\" \/>\n<meta property=\"og:type\" content=\"article\" \/>\n<meta property=\"og:title\" content=\"Donn\u00e9es et Roaming | Telavox | Mobiloperat\u00f6r bara f\u00f6r f\u00f6retag\" \/>\n<meta property=\"og:description\" content=\"D\u00e9couvrez une exp\u00e9rience unique avec nos forfaits 5G : t\u00e9l\u00e9chargements ultra-rapides et streaming fluide, chez vous ou \u00e0 l&#039;\u00e9tranger.\" \/>\n<meta property=\"og:url\" content=\"https:\/\/telavox.be\/fr\/donnees-et-roaming\/\" \/>\n<meta property=\"og:site_name\" content=\"Telavox\" \/>\n<meta property=\"article:publisher\" content=\"https:\/\/www.facebook.com\/telavox\/\" \/>\n<meta property=\"article:modified_time\" content=\"2025-01-08T13:18:40+00:00\" \/>\n<meta property=\"og:image\" content=\"https:\/\/telavox.be\/wp-content\/uploads\/2024\/11\/iStock-1249041654-scaled.webp\" \/>\n\t<meta property=\"og:image:width\" content=\"2560\" \/>\n\t<meta property=\"og:image:height\" content=\"1707\" \/>\n\t<meta property=\"og:image:type\" content=\"image\/webp\" \/>\n<meta name=\"twitter:card\" content=\"summary_large_image\" \/>\n<meta name=\"twitter:site\" content=\"@telavox\" \/>\n<meta name=\"twitter:label1\" content=\"Dur\u00e9e de lecture estim\u00e9e\" \/>\n\t<meta name=\"twitter:data1\" content=\"2 minutes\" \/>\n<script type=\"application\/ld+json\" class=\"yoast-schema-graph\">{\"@context\":\"https:\/\/schema.org\",\"@graph\":[{\"@type\":\"WebPage\",\"@id\":\"https:\/\/telavox.be\/fr\/donnees-et-roaming\/\",\"url\":\"https:\/\/telavox.be\/fr\/donnees-et-roaming\/\",\"name\":\"Donn\u00e9es et Roaming | Telavox - Op\u00e9rateur Mobile pour les Entreprises\",\"isPartOf\":{\"@id\":\"https:\/\/telavox.be\/fr\/#website\"},\"primaryImageOfPage\":{\"@id\":\"https:\/\/telavox.be\/fr\/donnees-et-roaming\/#primaryimage\"},\"image\":{\"@id\":\"https:\/\/telavox.be\/fr\/donnees-et-roaming\/#primaryimage\"},\"thumbnailUrl\":\"https:\/\/telavox.be\/wp-content\/uploads\/2024\/11\/iStock-1249041654-1024x683.webp\",\"datePublished\":\"2024-10-17T16:17:50+00:00\",\"dateModified\":\"2025-01-08T13:18:40+00:00\",\"description\":\"D\u00e9couvrez une exp\u00e9rience unique avec nos forfaits 5G : t\u00e9l\u00e9chargements ultra-rapides et streaming fluide, chez vous ou \u00e0 l'\u00e9tranger.\",\"breadcrumb\":{\"@id\":\"https:\/\/telavox.be\/fr\/donnees-et-roaming\/#breadcrumb\"},\"inLanguage\":\"fr-FR\",\"potentialAction\":[{\"@type\":\"ReadAction\",\"target\":[\"https:\/\/telavox.be\/fr\/donnees-et-roaming\/\"]}]},{\"@type\":\"ImageObject\",\"inLanguage\":\"fr-FR\",\"@id\":\"https:\/\/telavox.be\/fr\/donnees-et-roaming\/#primaryimage\",\"url\":\"https:\/\/telavox.be\/wp-content\/uploads\/2024\/11\/iStock-1249041654-1024x683.webp\",\"contentUrl\":\"https:\/\/telavox.be\/wp-content\/uploads\/2024\/11\/iStock-1249041654-1024x683.webp\"},{\"@type\":\"BreadcrumbList\",\"@id\":\"https:\/\/telavox.be\/fr\/donnees-et-roaming\/#breadcrumb\",\"itemListElement\":[{\"@type\":\"ListItem\",\"position\":1,\"name\":\"Home\",\"item\":\"https:\/\/telavox.be\/fr\/\"},{\"@type\":\"ListItem\",\"position\":2,\"name\":\"Donn\u00e9es et Roaming\"}]},{\"@type\":\"WebSite\",\"@id\":\"https:\/\/telavox.be\/fr\/#website\",\"url\":\"https:\/\/telavox.be\/fr\/\",\"name\":\"Telavox\",\"description\":\"Telavox | F\u00f6retagstelefoni, v\u00e4xel och \u00e4rendehantering integrerat med dina favoritsystem\",\"publisher\":{\"@id\":\"https:\/\/telavox.be\/fr\/#organization\"},\"potentialAction\":[{\"@type\":\"SearchAction\",\"target\":{\"@type\":\"EntryPoint\",\"urlTemplate\":\"https:\/\/telavox.be\/fr\/?s={search_term_string}\"},\"query-input\":{\"@type\":\"PropertyValueSpecification\",\"valueRequired\":true,\"valueName\":\"search_term_string\"}}],\"inLanguage\":\"fr-FR\"},{\"@type\":\"Organization\",\"@id\":\"https:\/\/telavox.be\/fr\/#organization\",\"name\":\"Telavox\",\"url\":\"https:\/\/telavox.be\/fr\/\",\"logo\":{\"@type\":\"ImageObject\",\"inLanguage\":\"fr-FR\",\"@id\":\"https:\/\/telavox.be\/fr\/#\/schema\/logo\/image\/\",\"url\":\"https:\/\/telavox.be\/wp-content\/uploads\/2026\/03\/Telavox-Logo-RGB-Green-scaled.png\",\"contentUrl\":\"https:\/\/telavox.be\/wp-content\/uploads\/2026\/03\/Telavox-Logo-RGB-Green-scaled.png\",\"width\":2560,\"height\":432,\"caption\":\"Telavox\"},\"image\":{\"@id\":\"https:\/\/telavox.be\/fr\/#\/schema\/logo\/image\/\"},\"sameAs\":[\"https:\/\/www.facebook.com\/telavox\/\",\"https:\/\/x.com\/telavox\",\"https:\/\/www.linkedin.com\/company\/telavox\/\",\"https:\/\/www.instagram.com\/telavox\/\",\"https:\/\/www.youtube.com\/channel\/UCQqir-waeD7753eHPZtcKmg\"],\"telephone\":\"020100000\",\"legalName\":\"Telavox AB\",\"vatID\":\"SE556600778601\",\"numberOfEmployees\":{\"@type\":\"QuantitativeValue\",\"minValue\":\"201\",\"maxValue\":\"500\"}}]}<\/script>\n<!-- \/ Yoast SEO Premium plugin. -->","yoast_head_json":{"title":"Donn\u00e9es et Roaming | Telavox - Op\u00e9rateur Mobile pour les Entreprises","description":"D\u00e9couvrez une exp\u00e9rience unique avec nos forfaits 5G : t\u00e9l\u00e9chargements ultra-rapides et streaming fluide, chez vous ou \u00e0 l'\u00e9tranger.","robots":{"index":"index","follow":"follow","max-snippet":"max-snippet:-1","max-image-preview":"max-image-preview:large","max-video-preview":"max-video-preview:-1"},"canonical":"https:\/\/telavox.be\/fr\/donnees-et-roaming\/","og_locale":"fr_FR","og_type":"article","og_title":"Donn\u00e9es et Roaming | Telavox | Mobiloperat\u00f6r bara f\u00f6r f\u00f6retag","og_description":"D\u00e9couvrez une exp\u00e9rience unique avec nos forfaits 5G : t\u00e9l\u00e9chargements ultra-rapides et streaming fluide, chez vous ou \u00e0 l'\u00e9tranger.","og_url":"https:\/\/telavox.be\/fr\/donnees-et-roaming\/","og_site_name":"Telavox","article_publisher":"https:\/\/www.facebook.com\/telavox\/","article_modified_time":"2025-01-08T13:18:40+00:00","og_image":[{"width":2560,"height":1707,"url":"https:\/\/telavox.be\/wp-content\/uploads\/2024\/11\/iStock-1249041654-scaled.webp","type":"image\/webp"}],"twitter_card":"summary_large_image","twitter_site":"@telavox","twitter_misc":{"Dur\u00e9e de lecture estim\u00e9e":"2 minutes"},"schema":{"@context":"https:\/\/schema.org","@graph":[{"@type":"WebPage","@id":"https:\/\/telavox.be\/fr\/donnees-et-roaming\/","url":"https:\/\/telavox.be\/fr\/donnees-et-roaming\/","name":"Donn\u00e9es et Roaming | Telavox - Op\u00e9rateur Mobile pour les Entreprises","isPartOf":{"@id":"https:\/\/telavox.be\/fr\/#website"},"primaryImageOfPage":{"@id":"https:\/\/telavox.be\/fr\/donnees-et-roaming\/#primaryimage"},"image":{"@id":"https:\/\/telavox.be\/fr\/donnees-et-roaming\/#primaryimage"},"thumbnailUrl":"https:\/\/telavox.be\/wp-content\/uploads\/2024\/11\/iStock-1249041654-1024x683.webp","datePublished":"2024-10-17T16:17:50+00:00","dateModified":"2025-01-08T13:18:40+00:00","description":"D\u00e9couvrez une exp\u00e9rience unique avec nos forfaits 5G : t\u00e9l\u00e9chargements ultra-rapides et streaming fluide, chez vous ou \u00e0 l'\u00e9tranger.","breadcrumb":{"@id":"https:\/\/telavox.be\/fr\/donnees-et-roaming\/#breadcrumb"},"inLanguage":"fr-FR","potentialAction":[{"@type":"ReadAction","target":["https:\/\/telavox.be\/fr\/donnees-et-roaming\/"]}]},{"@type":"ImageObject","inLanguage":"fr-FR","@id":"https:\/\/telavox.be\/fr\/donnees-et-roaming\/#primaryimage","url":"https:\/\/telavox.be\/wp-content\/uploads\/2024\/11\/iStock-1249041654-1024x683.webp","contentUrl":"https:\/\/telavox.be\/wp-content\/uploads\/2024\/11\/iStock-1249041654-1024x683.webp"},{"@type":"BreadcrumbList","@id":"https:\/\/telavox.be\/fr\/donnees-et-roaming\/#breadcrumb","itemListElement":[{"@type":"ListItem","position":1,"name":"Home","item":"https:\/\/telavox.be\/fr\/"},{"@type":"ListItem","position":2,"name":"Donn\u00e9es et Roaming"}]},{"@type":"WebSite","@id":"https:\/\/telavox.be\/fr\/#website","url":"https:\/\/telavox.be\/fr\/","name":"Telavox","description":"Telavox | F\u00f6retagstelefoni, v\u00e4xel och \u00e4rendehantering integrerat med dina favoritsystem","publisher":{"@id":"https:\/\/telavox.be\/fr\/#organization"},"potentialAction":[{"@type":"SearchAction","target":{"@type":"EntryPoint","urlTemplate":"https:\/\/telavox.be\/fr\/?s={search_term_string}"},"query-input":{"@type":"PropertyValueSpecification","valueRequired":true,"valueName":"search_term_string"}}],"inLanguage":"fr-FR"},{"@type":"Organization","@id":"https:\/\/telavox.be\/fr\/#organization","name":"Telavox","url":"https:\/\/telavox.be\/fr\/","logo":{"@type":"ImageObject","inLanguage":"fr-FR","@id":"https:\/\/telavox.be\/fr\/#\/schema\/logo\/image\/","url":"https:\/\/telavox.be\/wp-content\/uploads\/2026\/03\/Telavox-Logo-RGB-Green-scaled.png","contentUrl":"https:\/\/telavox.be\/wp-content\/uploads\/2026\/03\/Telavox-Logo-RGB-Green-scaled.png","width":2560,"height":432,"caption":"Telavox"},"image":{"@id":"https:\/\/telavox.be\/fr\/#\/schema\/logo\/image\/"},"sameAs":["https:\/\/www.facebook.com\/telavox\/","https:\/\/x.com\/telavox","https:\/\/www.linkedin.com\/company\/telavox\/","https:\/\/www.instagram.com\/telavox\/","https:\/\/www.youtube.com\/channel\/UCQqir-waeD7753eHPZtcKmg"],"telephone":"020100000","legalName":"Telavox AB","vatID":"SE556600778601","numberOfEmployees":{"@type":"QuantitativeValue","minValue":"201","maxValue":"500"}}]}},"_links":{"self":[{"href":"https:\/\/telavox.be\/fr\/wp-json\/wp\/v2\/pages\/13849","targetHints":{"allow":["GET"]}}],"collection":[{"href":"https:\/\/telavox.be\/fr\/wp-json\/wp\/v2\/pages"}],"about":[{"href":"https:\/\/telavox.be\/fr\/wp-json\/wp\/v2\/types\/page"}],"author":[{"embeddable":true,"href":"https:\/\/telavox.be\/fr\/wp-json\/wp\/v2\/users\/4"}],"replies":[{"embeddable":true,"href":"https:\/\/telavox.be\/fr\/wp-json\/wp\/v2\/comments?post=13849"}],"version-history":[{"count":24,"href":"https:\/\/telavox.be\/fr\/wp-json\/wp\/v2\/pages\/13849\/revisions"}],"predecessor-version":[{"id":23203,"href":"https:\/\/telavox.be\/fr\/wp-json\/wp\/v2\/pages\/13849\/revisions\/23203"}],"wp:attachment":[{"href":"https:\/\/telavox.be\/fr\/wp-json\/wp\/v2\/media?parent=13849"}],"curies":[{"name":"wp","href":"https:\/\/api.w.org\/{rel}","templated":true}]}}