
{"id":13857,"date":"2024-10-28T10:24:49","date_gmt":"2024-10-28T09:24:49","guid":{"rendered":"https:\/\/telavox.be\/informations-juridiques\/informations-sur-les-cookies\/"},"modified":"2024-11-25T11:41:03","modified_gmt":"2024-11-25T10:41:03","slug":"informations-sur-les-cookies","status":"publish","type":"page","link":"https:\/\/telavox.be\/fr\/informations-juridiques\/informations-sur-les-cookies\/","title":{"rendered":"Informations sur les cookies"},"content":{"rendered":"\t\t<div data-elementor-type=\"wp-page\" data-elementor-id=\"13857\" class=\"elementor elementor-13857 elementor-7266\" data-elementor-post-type=\"page\">\n\t\t\t\t<div class=\"elementor-element elementor-element-2f626bb e-flex e-con-boxed e-con e-parent\" data-id=\"2f626bb\" data-element_type=\"container\" data-e-type=\"container\">\n\t\t\t\t\t<div class=\"e-con-inner\">\n\t\t<div class=\"elementor-element elementor-element-1b95c52 e-con-full e-flex e-con e-child\" data-id=\"1b95c52\" data-element_type=\"container\" data-e-type=\"container\">\n\t\t\t\t<div class=\"elementor-element elementor-element-1272ff8 elementor-widget elementor-widget-breadcrumbs\" data-id=\"1272ff8\" data-element_type=\"widget\" data-e-type=\"widget\" data-widget_type=\"breadcrumbs.default\">\n\t\t\t\t<div class=\"elementor-widget-container\">\n\t\t\t\t\t<p id=\"breadcrumbs\"><span><span><a href=\"https:\/\/telavox.be\/fr\/\">Home<\/a><\/span><\/span><\/p>\t\t\t\t<\/div>\n\t\t\t\t<\/div>\n\t\t\t\t<\/div>\n\t\t\t\t\t<\/div>\n\t\t\t\t<\/div>\n\t\t<div class=\"elementor-element elementor-element-3dd4bda e-flex e-con-boxed e-con e-parent\" data-id=\"3dd4bda\" data-element_type=\"container\" data-e-type=\"container\">\n\t\t\t\t\t<div class=\"e-con-inner\">\n\t\t<div class=\"elementor-element elementor-element-a0631fe e-con-full e-flex e-con e-child\" data-id=\"a0631fe\" data-element_type=\"container\" data-e-type=\"container\">\n\t\t<div class=\"elementor-element elementor-element-34610d9 e-con-full progress-bar-table-content e-flex e-con e-child\" data-id=\"34610d9\" data-element_type=\"container\" data-e-type=\"container\" data-settings=\"{&quot;sticky&quot;:&quot;top&quot;,&quot;sticky_on&quot;:[&quot;desktop&quot;,&quot;tablet&quot;],&quot;sticky_offset&quot;:168,&quot;sticky_parent&quot;:&quot;yes&quot;,&quot;sticky_effects_offset&quot;:0,&quot;sticky_anchor_link_offset&quot;:0}\">\n\t\t\t\t<div class=\"elementor-element elementor-element-2c19534 no-header-table-of-content elementor-widget elementor-widget-table-of-contents\" data-id=\"2c19534\" data-element_type=\"widget\" data-e-type=\"widget\" data-settings=\"{&quot;headings_by_tags&quot;:[&quot;h2&quot;],&quot;exclude_headings_by_selector&quot;:[],&quot;container&quot;:&quot;.content&quot;,&quot;marker_view&quot;:&quot;bullets&quot;,&quot;icon&quot;:{&quot;value&quot;:&quot;&quot;,&quot;library&quot;:&quot;&quot;},&quot;no_headings_message&quot;:&quot;No headings were found on this page.&quot;,&quot;hierarchical_view&quot;:&quot;yes&quot;,&quot;min_height&quot;:{&quot;unit&quot;:&quot;px&quot;,&quot;size&quot;:&quot;&quot;,&quot;sizes&quot;:[]},&quot;min_height_tablet&quot;:{&quot;unit&quot;:&quot;px&quot;,&quot;size&quot;:&quot;&quot;,&quot;sizes&quot;:[]},&quot;min_height_mobile&quot;:{&quot;unit&quot;:&quot;px&quot;,&quot;size&quot;:&quot;&quot;,&quot;sizes&quot;:[]}}\" data-widget_type=\"table-of-contents.default\">\n\t\t\t\t<div class=\"elementor-widget-container\">\n\t\t\t\t\t\t\t\t\t<div id=\"elementor-toc__2c19534\" class=\"elementor-toc__body\">\n\t\t\t<div class=\"elementor-toc__spinner-container\">\n\t\t\t\t<svg class=\"elementor-toc__spinner eicon-animation-spin e-font-icon-svg e-eicon-loading\" aria-hidden=\"true\" viewBox=\"0 0 1000 1000\" xmlns=\"http:\/\/www.w3.org\/2000\/svg\"><path d=\"M500 975V858C696 858 858 696 858 500S696 142 500 142 142 304 142 500H25C25 237 238 25 500 25S975 237 975 500 763 975 500 975Z\"><\/path><\/svg>\t\t\t<\/div>\n\t\t<\/div>\n\t\t\t\t\t\t<\/div>\n\t\t\t\t<\/div>\n\t\t\t\t<\/div>\n\t\t\t\t<\/div>\n\t\t<div class=\"elementor-element elementor-element-0d1e4a3 e-con-full content e-flex e-con e-child\" data-id=\"0d1e4a3\" data-element_type=\"container\" data-e-type=\"container\">\n\t\t\t\t<div class=\"elementor-element elementor-element-499d1f9 elementor-widget elementor-widget-heading\" data-id=\"499d1f9\" data-element_type=\"widget\" data-e-type=\"widget\" data-widget_type=\"heading.default\">\n\t\t\t\t<div class=\"elementor-widget-container\">\n\t\t\t\t\t<h1 class=\"elementor-heading-title elementor-size-default\">Informations sur les cookies\n<\/h1>\t\t\t\t<\/div>\n\t\t\t\t<\/div>\n\t\t\t\t<div class=\"elementor-element elementor-element-2206f0d elementor-widget elementor-widget-text-editor\" data-id=\"2206f0d\" data-element_type=\"widget\" data-e-type=\"widget\" data-widget_type=\"text-editor.default\">\n\t\t\t\t<div class=\"elementor-widget-container\">\n\t\t\t\t\t\t\t\t\tDerni\u00e8re mise \u00e0 jour : 30 ao\u00fbt 2021.\n\n\t\t\t\t\t\t\t\t<\/div>\n\t\t\t\t<\/div>\n\t\t\t\t<div class=\"elementor-element elementor-element-9b7d770 elementor-widget elementor-widget-heading\" data-id=\"9b7d770\" data-element_type=\"widget\" data-e-type=\"widget\" data-widget_type=\"heading.default\">\n\t\t\t\t<div class=\"elementor-widget-container\">\n\t\t\t\t\t<h2 class=\"elementor-heading-title elementor-size-default\">Introduction<\/h2>\t\t\t\t<\/div>\n\t\t\t\t<\/div>\n\t\t\t\t<div class=\"elementor-element elementor-element-441a15b elementor-widget elementor-widget-text-editor\" data-id=\"441a15b\" data-element_type=\"widget\" data-e-type=\"widget\" data-widget_type=\"text-editor.default\">\n\t\t\t\t<div class=\"elementor-widget-container\">\n\t\t\t\t\t\t\t\t\t<p>Telavox AB (\u00ab\u00a0Telavox\u00a0\u00bb, \u00ab\u00a0nous\u00a0\u00bb, \u00ab\u00a0notre\u00a0\u00bb, \u00ab\u00a0nos\u00a0\u00bb) utilise des cookies pour optimiser les fonctionnalit\u00e9s et am\u00e9liorer votre exp\u00e9rience. Nous utilisons \u00e9galement des cookies pour collecter des informations statistiques et analyser l&rsquo;utilisation de notre site web \u00e0 l&rsquo;aide de Google Analytics et pour afficher des messages marketing pertinents de notre part sur Facebook et d&rsquo;autres sites web. Les cookies sont de petits fichiers texte qu&rsquo;un site web, lorsqu&rsquo;il est visit\u00e9 par un utilisateur, demande \u00e0 votre navigateur d&rsquo;enregistrer sur votre ordinateur ou autre appareil afin de m\u00e9moriser des informations vous concernant, telles que vos pr\u00e9f\u00e9rences linguistiques ou vos informations de connexion. En termes de dur\u00e9e, il existe deux types de cookies : les cookies persistants et les cookies de session.   <\/p>\n\t\t\t\t\t\t\t\t<\/div>\n\t\t\t\t<\/div>\n\t\t\t\t<div class=\"elementor-element elementor-element-86aecfc elementor-widget elementor-widget-heading\" data-id=\"86aecfc\" data-element_type=\"widget\" data-e-type=\"widget\" data-widget_type=\"heading.default\">\n\t\t\t\t<div class=\"elementor-widget-container\">\n\t\t\t\t\t<h2 class=\"elementor-heading-title elementor-size-default\">Diff\u00e9rents types de cookies\n<\/h2>\t\t\t\t<\/div>\n\t\t\t\t<\/div>\n\t\t\t\t<div class=\"elementor-element elementor-element-f7df260 elementor-widget elementor-widget-text-editor\" data-id=\"f7df260\" data-element_type=\"widget\" data-e-type=\"widget\" data-widget_type=\"text-editor.default\">\n\t\t\t\t<div class=\"elementor-widget-container\">\n\t\t\t\t\t\t\t\t\tLes cookies persistants sont stock\u00e9s par un navigateur pour une p\u00e9riode prolong\u00e9e et restent valables jusqu&rsquo;\u00e0 la date d&rsquo;expiration fix\u00e9e (sauf s&rsquo;ils sont supprim\u00e9s par l&rsquo;utilisateur avant la date d&rsquo;expiration). Les cookies de session sont des cookies temporaires qui sont automatiquement supprim\u00e9s lorsque le navigateur est ferm\u00e9. \n\n\t\t\t\t\t\t\t\t<\/div>\n\t\t\t\t<\/div>\n\t\t\t\t<div class=\"elementor-element elementor-element-ef1c202 elementor-widget elementor-widget-heading\" data-id=\"ef1c202\" data-element_type=\"widget\" data-e-type=\"widget\" data-widget_type=\"heading.default\">\n\t\t\t\t<div class=\"elementor-widget-container\">\n\t\t\t\t\t<h2 class=\"elementor-heading-title elementor-size-default\">Quels sont les cookies que nous utilisons ?\n<\/h2>\t\t\t\t<\/div>\n\t\t\t\t<\/div>\n\t\t\t\t<div class=\"elementor-element elementor-element-552fe9b elementor-widget elementor-widget-text-editor\" data-id=\"552fe9b\" data-element_type=\"widget\" data-e-type=\"widget\" data-widget_type=\"text-editor.default\">\n\t\t\t\t<div class=\"elementor-widget-container\">\n\t\t\t\t\t\t\t\t\t<p>Les cookies peuvent \u00e9galement \u00eatre divis\u00e9s en deux cat\u00e9gories g\u00e9n\u00e9rales : les cookies de premi\u00e8re partie (d\u00e9finis par nous) et les cookies de tierce partie (d\u00e9finis, par exemple, par des fournisseurs de services externes tels que des services d&rsquo;analyse du trafic web). Nous utilisons ces derniers dans le cadre de nos efforts de publicit\u00e9 et de marketing. Les cookies sont class\u00e9s dans l&rsquo;une des quatre cat\u00e9gories suivantes, selon leur fonction et leur objectif : les cookies strictement n\u00e9cessaires, les cookies de performance, les cookies fonctionnels et les cookies cibl\u00e9s.  <\/p>\n\t\t\t\t\t\t\t\t<\/div>\n\t\t\t\t<\/div>\n\t\t\t\t<div class=\"elementor-element elementor-element-1e5731a elementor-widget elementor-widget-heading\" data-id=\"1e5731a\" data-element_type=\"widget\" data-e-type=\"widget\" data-widget_type=\"heading.default\">\n\t\t\t\t<div class=\"elementor-widget-container\">\n\t\t\t\t\t<h2 class=\"elementor-heading-title elementor-size-default\">Comment \u00e9viter les cookies<\/h2>\t\t\t\t<\/div>\n\t\t\t\t<\/div>\n\t\t\t\t<div class=\"elementor-element elementor-element-7a6b9dd elementor-widget elementor-widget-text-editor\" data-id=\"7a6b9dd\" data-element_type=\"widget\" data-e-type=\"widget\" data-widget_type=\"text-editor.default\">\n\t\t\t\t<div class=\"elementor-widget-container\">\n\t\t\t\t\t\t\t\t\tSi vous ne souhaitez pas que des cookies soient stock\u00e9s dans votre navigateur, vous pouvez le configurer de mani\u00e8re \u00e0 ce qu&rsquo;il les refuse automatiquement ou qu&rsquo;il vous informe chaque fois qu&rsquo;un site web demande \u00e0 stocker un cookie. Vous pouvez voir quels cookies sont stock\u00e9s dans votre navigateur et les supprimer. Sans les cookies n\u00e9cessaires, notre site web ne fonctionnera pas correctement, car cela limite notre capacit\u00e9 \u00e0 m\u00e9moriser vos choix. Si vous d\u00e9cidez de modifier les param\u00e8tres de votre navigateur, il se peut que certaines fonctions ne fonctionnent pas correctement.   \n\n\t\t\t\t\t\t\t\t<\/div>\n\t\t\t\t<\/div>\n\t\t\t\t<div class=\"elementor-element elementor-element-0ca10fa elementor-widget elementor-widget-heading\" data-id=\"0ca10fa\" data-element_type=\"widget\" data-e-type=\"widget\" data-widget_type=\"heading.default\">\n\t\t\t\t<div class=\"elementor-widget-container\">\n\t\t\t\t\t<h2 class=\"elementor-heading-title elementor-size-default\">Plus d'informations sur les cookies\n<\/h2>\t\t\t\t<\/div>\n\t\t\t\t<\/div>\n\t\t\t\t<div class=\"elementor-element elementor-element-ee951f8 elementor-widget elementor-widget-text-editor\" data-id=\"ee951f8\" data-element_type=\"widget\" data-e-type=\"widget\" data-widget_type=\"text-editor.default\">\n\t\t\t\t<div class=\"elementor-widget-container\">\n\t\t\t\t\t\t\t\t\t<p>Si vous souhaitez obtenir de plus amples informations sur les cookies ou sur ce qui est consid\u00e9r\u00e9 comme une utilisation autoris\u00e9e des cookies en vertu de la loi sur les communications \u00e9lectroniques, vous pouvez consulter le site web de l&rsquo;autorit\u00e9 su\u00e9doise pour la protection de la vie priv\u00e9e : www.imy.se.<\/p>\n\t\t\t\t\t\t\t\t<\/div>\n\t\t\t\t<\/div>\n\t\t\t\t<div class=\"elementor-element elementor-element-888a987 elementor-widget elementor-widget-heading\" data-id=\"888a987\" data-element_type=\"widget\" data-e-type=\"widget\" data-widget_type=\"heading.default\">\n\t\t\t\t<div class=\"elementor-widget-container\">\n\t\t\t\t\t<h2 class=\"elementor-heading-title elementor-size-default\">Mises \u00e0 jour du programme<\/h2>\t\t\t\t<\/div>\n\t\t\t\t<\/div>\n\t\t\t\t<div class=\"elementor-element elementor-element-260f388 elementor-widget elementor-widget-text-editor\" data-id=\"260f388\" data-element_type=\"widget\" data-e-type=\"widget\" data-widget_type=\"text-editor.default\">\n\t\t\t\t<div class=\"elementor-widget-container\">\n\t\t\t\t\t\t\t\t\t<p>Telavox modifiera ces informations si cela s&rsquo;av\u00e8re n\u00e9cessaire pour satisfaire aux exigences des lois et r\u00e9glementations applicables, ou si cela s&rsquo;av\u00e8re n\u00e9cessaire en raison de changements dans les activit\u00e9s de Telavox. Nous vous invitons donc \u00e0 consulter \u00e0 nouveau cette page pour vous tenir inform\u00e9 de notre utilisation des cookies. La date figurant en haut de cette page indique la date de sa derni\u00e8re mise \u00e0 jour. Qui est responsable de l&rsquo;utilisation des cookies ? Telavox AB, num\u00e9ro d&rsquo;enregistrement 556600-7786, est responsable de l&rsquo;utilisation des cookies sur notre site web Telavox.com. Si vous avez des questions concernant notre utilisation des cookies ou cette politique en mati\u00e8re de cookies, n&rsquo;h\u00e9sitez pas \u00e0 nous contacter. Voici les coordonn\u00e9es de Telavox : Num\u00e9ro de t\u00e9l\u00e9phone : 040-622 00 00 Adresse : Stora Varvsgatan 6, SE-211 19 Malm\u00f6, Su\u00e8de Courriel : DPO@telavox.com       <\/p>\n\t\t\t\t\t\t\t\t<\/div>\n\t\t\t\t<\/div>\n\t\t\t\t<div class=\"elementor-element elementor-element-3744b4e elementor-widget elementor-widget-text-editor\" data-id=\"3744b4e\" data-element_type=\"widget\" data-e-type=\"widget\" data-widget_type=\"text-editor.default\">\n\t\t\t\t<div class=\"elementor-widget-container\">\n\t\t\t\t\t\t\t\t\t<p>Vous n&rsquo;\u00eates pas autoris\u00e9 \u00e0 utiliser les marques de Telavox sans notre accord.<\/p>\n\t\t\t\t\t\t\t\t<\/div>\n\t\t\t\t<\/div>\n\t\t\t\t<\/div>\n\t\t\t\t\t<\/div>\n\t\t\t\t<\/div>\n\t\t\t\t<\/div>\n\t\t","protected":false},"excerpt":{"rendered":"<p>Informations sur les cookies Derni\u00e8re mise \u00e0 jour : 30 ao\u00fbt 2021. Introduction Telavox AB (\u00ab\u00a0Telavox\u00a0\u00bb, \u00ab\u00a0nous\u00a0\u00bb, \u00ab\u00a0notre\u00a0\u00bb, \u00ab\u00a0nos\u00a0\u00bb) utilise des cookies pour optimiser les fonctionnalit\u00e9s et am\u00e9liorer votre exp\u00e9rience. Nous utilisons \u00e9galement des cookies pour collecter des informations statistiques et analyser l&rsquo;utilisation de notre site web \u00e0 l&rsquo;aide de Google Analytics et pour afficher [&hellip;]<\/p>\n","protected":false},"author":3,"featured_media":0,"parent":13810,"menu_order":0,"comment_status":"closed","ping_status":"closed","template":"","meta":{"_acf_changed":false,"content-type":"","inline_featured_image":false,"footnotes":""},"class_list":["post-13857","page","type-page","status-publish","hentry"],"acf":[],"yoast_head":"<!-- This site is optimized with the Yoast SEO Premium plugin v23.8 (Yoast SEO v27.0) - https:\/\/yoast.com\/product\/yoast-seo-premium-wordpress\/ -->\n<title>Informations sur les cookies | Telavox<\/title>\n<meta name=\"description\" content=\"Am\u00e9liorez l&#039;exp\u00e9rience de votre site web gr\u00e2ce aux cookies. D\u00e9couvrez comment ils sont utilis\u00e9s pour optimiser les fonctionnalit\u00e9s.\" \/>\n<meta name=\"robots\" content=\"index, follow, max-snippet:-1, max-image-preview:large, max-video-preview:-1\" \/>\n<link rel=\"canonical\" href=\"https:\/\/telavox.be\/fr\/informations-juridiques\/informations-sur-les-cookies\/\" \/>\n<meta property=\"og:locale\" content=\"fr_FR\" \/>\n<meta property=\"og:type\" content=\"article\" \/>\n<meta property=\"og:title\" content=\"Informations sur les cookies | Telavox | Mobiloperat\u00f6r bara f\u00f6r f\u00f6retag\" \/>\n<meta property=\"og:description\" content=\"Am\u00e9liorez l&#039;exp\u00e9rience de votre site web gr\u00e2ce aux cookies. D\u00e9couvrez comment ils sont utilis\u00e9s pour optimiser les fonctionnalit\u00e9s.\" \/>\n<meta property=\"og:url\" content=\"https:\/\/telavox.be\/fr\/informations-juridiques\/informations-sur-les-cookies\/\" \/>\n<meta property=\"og:site_name\" content=\"Telavox\" \/>\n<meta property=\"article:publisher\" content=\"https:\/\/www.facebook.com\/telavox\/\" \/>\n<meta property=\"article:modified_time\" content=\"2024-11-25T10:41:03+00:00\" \/>\n<meta property=\"og:image\" content=\"https:\/\/telavox.be\/wp-content\/uploads\/2024\/12\/Fo-rhandsvining-BE.png\" \/>\n\t<meta property=\"og:image:width\" content=\"4800\" \/>\n\t<meta property=\"og:image:height\" content=\"2700\" \/>\n\t<meta property=\"og:image:type\" content=\"image\/png\" \/>\n<meta name=\"twitter:card\" content=\"summary_large_image\" \/>\n<meta name=\"twitter:site\" content=\"@telavox\" \/>\n<meta name=\"twitter:label1\" content=\"Dur\u00e9e de lecture estim\u00e9e\" \/>\n\t<meta name=\"twitter:data1\" content=\"3 minutes\" \/>\n<script type=\"application\/ld+json\" class=\"yoast-schema-graph\">{\"@context\":\"https:\/\/schema.org\",\"@graph\":[{\"@type\":\"WebPage\",\"@id\":\"https:\/\/telavox.be\/fr\/informations-juridiques\/informations-sur-les-cookies\/\",\"url\":\"https:\/\/telavox.be\/fr\/informations-juridiques\/informations-sur-les-cookies\/\",\"name\":\"Informations sur les cookies | Telavox\",\"isPartOf\":{\"@id\":\"https:\/\/telavox.be\/fr\/#website\"},\"datePublished\":\"2024-10-28T09:24:49+00:00\",\"dateModified\":\"2024-11-25T10:41:03+00:00\",\"description\":\"Am\u00e9liorez l'exp\u00e9rience de votre site web gr\u00e2ce aux cookies. D\u00e9couvrez comment ils sont utilis\u00e9s pour optimiser les fonctionnalit\u00e9s.\",\"breadcrumb\":{\"@id\":\"https:\/\/telavox.be\/fr\/informations-juridiques\/informations-sur-les-cookies\/#breadcrumb\"},\"inLanguage\":\"fr-FR\",\"potentialAction\":[{\"@type\":\"ReadAction\",\"target\":[\"https:\/\/telavox.be\/fr\/informations-juridiques\/informations-sur-les-cookies\/\"]}]},{\"@type\":\"BreadcrumbList\",\"@id\":\"https:\/\/telavox.be\/fr\/informations-juridiques\/informations-sur-les-cookies\/#breadcrumb\",\"itemListElement\":[{\"@type\":\"ListItem\",\"position\":1,\"name\":\"Home\",\"item\":\"https:\/\/telavox.be\/fr\/\"},{\"@type\":\"ListItem\",\"position\":2,\"name\":\"Informations juridiques\",\"item\":\"https:\/\/telavox.be\/fr\/juridische-informatie\/\"},{\"@type\":\"ListItem\",\"position\":3,\"name\":\"Informations sur les cookies\"}]},{\"@type\":\"WebSite\",\"@id\":\"https:\/\/telavox.be\/fr\/#website\",\"url\":\"https:\/\/telavox.be\/fr\/\",\"name\":\"Telavox\",\"description\":\"Telavox | F\u00f6retagstelefoni, v\u00e4xel och \u00e4rendehantering integrerat med dina favoritsystem\",\"publisher\":{\"@id\":\"https:\/\/telavox.be\/fr\/#organization\"},\"potentialAction\":[{\"@type\":\"SearchAction\",\"target\":{\"@type\":\"EntryPoint\",\"urlTemplate\":\"https:\/\/telavox.be\/fr\/?s={search_term_string}\"},\"query-input\":{\"@type\":\"PropertyValueSpecification\",\"valueRequired\":true,\"valueName\":\"search_term_string\"}}],\"inLanguage\":\"fr-FR\"},{\"@type\":\"Organization\",\"@id\":\"https:\/\/telavox.be\/fr\/#organization\",\"name\":\"Telavox\",\"url\":\"https:\/\/telavox.be\/fr\/\",\"logo\":{\"@type\":\"ImageObject\",\"inLanguage\":\"fr-FR\",\"@id\":\"https:\/\/telavox.be\/fr\/#\/schema\/logo\/image\/\",\"url\":\"https:\/\/telavox.be\/wp-content\/uploads\/2026\/03\/Telavox-Logo-RGB-Green-scaled.png\",\"contentUrl\":\"https:\/\/telavox.be\/wp-content\/uploads\/2026\/03\/Telavox-Logo-RGB-Green-scaled.png\",\"width\":2560,\"height\":432,\"caption\":\"Telavox\"},\"image\":{\"@id\":\"https:\/\/telavox.be\/fr\/#\/schema\/logo\/image\/\"},\"sameAs\":[\"https:\/\/www.facebook.com\/telavox\/\",\"https:\/\/x.com\/telavox\",\"https:\/\/www.linkedin.com\/company\/telavox\/\",\"https:\/\/www.instagram.com\/telavox\/\",\"https:\/\/www.youtube.com\/channel\/UCQqir-waeD7753eHPZtcKmg\"],\"telephone\":\"020100000\",\"legalName\":\"Telavox AB\",\"vatID\":\"SE556600778601\",\"numberOfEmployees\":{\"@type\":\"QuantitativeValue\",\"minValue\":\"201\",\"maxValue\":\"500\"}}]}<\/script>\n<!-- \/ Yoast SEO Premium plugin. -->","yoast_head_json":{"title":"Informations sur les cookies | Telavox","description":"Am\u00e9liorez l'exp\u00e9rience de votre site web gr\u00e2ce aux cookies. D\u00e9couvrez comment ils sont utilis\u00e9s pour optimiser les fonctionnalit\u00e9s.","robots":{"index":"index","follow":"follow","max-snippet":"max-snippet:-1","max-image-preview":"max-image-preview:large","max-video-preview":"max-video-preview:-1"},"canonical":"https:\/\/telavox.be\/fr\/informations-juridiques\/informations-sur-les-cookies\/","og_locale":"fr_FR","og_type":"article","og_title":"Informations sur les cookies | Telavox | Mobiloperat\u00f6r bara f\u00f6r f\u00f6retag","og_description":"Am\u00e9liorez l'exp\u00e9rience de votre site web gr\u00e2ce aux cookies. D\u00e9couvrez comment ils sont utilis\u00e9s pour optimiser les fonctionnalit\u00e9s.","og_url":"https:\/\/telavox.be\/fr\/informations-juridiques\/informations-sur-les-cookies\/","og_site_name":"Telavox","article_publisher":"https:\/\/www.facebook.com\/telavox\/","article_modified_time":"2024-11-25T10:41:03+00:00","og_image":[{"width":4800,"height":2700,"url":"https:\/\/telavox.be\/wp-content\/uploads\/2024\/12\/Fo-rhandsvining-BE.png","type":"image\/png"}],"twitter_card":"summary_large_image","twitter_site":"@telavox","twitter_misc":{"Dur\u00e9e de lecture estim\u00e9e":"3 minutes"},"schema":{"@context":"https:\/\/schema.org","@graph":[{"@type":"WebPage","@id":"https:\/\/telavox.be\/fr\/informations-juridiques\/informations-sur-les-cookies\/","url":"https:\/\/telavox.be\/fr\/informations-juridiques\/informations-sur-les-cookies\/","name":"Informations sur les cookies | Telavox","isPartOf":{"@id":"https:\/\/telavox.be\/fr\/#website"},"datePublished":"2024-10-28T09:24:49+00:00","dateModified":"2024-11-25T10:41:03+00:00","description":"Am\u00e9liorez l'exp\u00e9rience de votre site web gr\u00e2ce aux cookies. D\u00e9couvrez comment ils sont utilis\u00e9s pour optimiser les fonctionnalit\u00e9s.","breadcrumb":{"@id":"https:\/\/telavox.be\/fr\/informations-juridiques\/informations-sur-les-cookies\/#breadcrumb"},"inLanguage":"fr-FR","potentialAction":[{"@type":"ReadAction","target":["https:\/\/telavox.be\/fr\/informations-juridiques\/informations-sur-les-cookies\/"]}]},{"@type":"BreadcrumbList","@id":"https:\/\/telavox.be\/fr\/informations-juridiques\/informations-sur-les-cookies\/#breadcrumb","itemListElement":[{"@type":"ListItem","position":1,"name":"Home","item":"https:\/\/telavox.be\/fr\/"},{"@type":"ListItem","position":2,"name":"Informations juridiques","item":"https:\/\/telavox.be\/fr\/juridische-informatie\/"},{"@type":"ListItem","position":3,"name":"Informations sur les cookies"}]},{"@type":"WebSite","@id":"https:\/\/telavox.be\/fr\/#website","url":"https:\/\/telavox.be\/fr\/","name":"Telavox","description":"Telavox | F\u00f6retagstelefoni, v\u00e4xel och \u00e4rendehantering integrerat med dina favoritsystem","publisher":{"@id":"https:\/\/telavox.be\/fr\/#organization"},"potentialAction":[{"@type":"SearchAction","target":{"@type":"EntryPoint","urlTemplate":"https:\/\/telavox.be\/fr\/?s={search_term_string}"},"query-input":{"@type":"PropertyValueSpecification","valueRequired":true,"valueName":"search_term_string"}}],"inLanguage":"fr-FR"},{"@type":"Organization","@id":"https:\/\/telavox.be\/fr\/#organization","name":"Telavox","url":"https:\/\/telavox.be\/fr\/","logo":{"@type":"ImageObject","inLanguage":"fr-FR","@id":"https:\/\/telavox.be\/fr\/#\/schema\/logo\/image\/","url":"https:\/\/telavox.be\/wp-content\/uploads\/2026\/03\/Telavox-Logo-RGB-Green-scaled.png","contentUrl":"https:\/\/telavox.be\/wp-content\/uploads\/2026\/03\/Telavox-Logo-RGB-Green-scaled.png","width":2560,"height":432,"caption":"Telavox"},"image":{"@id":"https:\/\/telavox.be\/fr\/#\/schema\/logo\/image\/"},"sameAs":["https:\/\/www.facebook.com\/telavox\/","https:\/\/x.com\/telavox","https:\/\/www.linkedin.com\/company\/telavox\/","https:\/\/www.instagram.com\/telavox\/","https:\/\/www.youtube.com\/channel\/UCQqir-waeD7753eHPZtcKmg"],"telephone":"020100000","legalName":"Telavox AB","vatID":"SE556600778601","numberOfEmployees":{"@type":"QuantitativeValue","minValue":"201","maxValue":"500"}}]}},"_links":{"self":[{"href":"https:\/\/telavox.be\/fr\/wp-json\/wp\/v2\/pages\/13857","targetHints":{"allow":["GET"]}}],"collection":[{"href":"https:\/\/telavox.be\/fr\/wp-json\/wp\/v2\/pages"}],"about":[{"href":"https:\/\/telavox.be\/fr\/wp-json\/wp\/v2\/types\/page"}],"author":[{"embeddable":true,"href":"https:\/\/telavox.be\/fr\/wp-json\/wp\/v2\/users\/3"}],"replies":[{"embeddable":true,"href":"https:\/\/telavox.be\/fr\/wp-json\/wp\/v2\/comments?post=13857"}],"version-history":[{"count":1,"href":"https:\/\/telavox.be\/fr\/wp-json\/wp\/v2\/pages\/13857\/revisions"}],"predecessor-version":[{"id":13858,"href":"https:\/\/telavox.be\/fr\/wp-json\/wp\/v2\/pages\/13857\/revisions\/13858"}],"up":[{"embeddable":true,"href":"https:\/\/telavox.be\/fr\/wp-json\/wp\/v2\/pages\/13810"}],"wp:attachment":[{"href":"https:\/\/telavox.be\/fr\/wp-json\/wp\/v2\/media?parent=13857"}],"curies":[{"name":"wp","href":"https:\/\/api.w.org\/{rel}","templated":true}]}}