
{"id":13888,"date":"2024-10-30T09:33:16","date_gmt":"2024-10-30T08:33:16","guid":{"rendered":"https:\/\/telavox.be\/informations-juridiques\/denonciation\/"},"modified":"2024-11-29T13:25:48","modified_gmt":"2024-11-29T12:25:48","slug":"signalement-d-irregularites","status":"publish","type":"page","link":"https:\/\/telavox.be\/fr\/informations-juridiques\/signalement-d-irregularites\/","title":{"rendered":"Signalement d&rsquo;irr\u00e9gularit\u00e9s"},"content":{"rendered":"\t\t<div data-elementor-type=\"wp-page\" data-elementor-id=\"13888\" class=\"elementor elementor-13888 elementor-8101\" data-elementor-post-type=\"page\">\n\t\t\t\t<div class=\"elementor-element elementor-element-2f626bb e-flex e-con-boxed e-con e-parent\" data-id=\"2f626bb\" data-element_type=\"container\" data-e-type=\"container\">\n\t\t\t\t\t<div class=\"e-con-inner\">\n\t\t<div class=\"elementor-element elementor-element-1b95c52 e-con-full e-flex e-con e-child\" data-id=\"1b95c52\" data-element_type=\"container\" data-e-type=\"container\">\n\t\t\t\t<div class=\"elementor-element elementor-element-1272ff8 elementor-widget elementor-widget-breadcrumbs\" data-id=\"1272ff8\" data-element_type=\"widget\" data-e-type=\"widget\" data-widget_type=\"breadcrumbs.default\">\n\t\t\t\t<div class=\"elementor-widget-container\">\n\t\t\t\t\t<p id=\"breadcrumbs\"><span><span><a href=\"https:\/\/telavox.be\/fr\/\">Home<\/a><\/span><\/span><\/p>\t\t\t\t<\/div>\n\t\t\t\t<\/div>\n\t\t\t\t<\/div>\n\t\t\t\t\t<\/div>\n\t\t\t\t<\/div>\n\t\t<div class=\"elementor-element elementor-element-3dd4bda e-flex e-con-boxed e-con e-parent\" data-id=\"3dd4bda\" data-element_type=\"container\" data-e-type=\"container\">\n\t\t\t\t\t<div class=\"e-con-inner\">\n\t\t<div class=\"elementor-element elementor-element-a0631fe e-con-full e-flex e-con e-child\" data-id=\"a0631fe\" data-element_type=\"container\" data-e-type=\"container\">\n\t\t<div class=\"elementor-element elementor-element-34610d9 e-con-full progress-bar-table-content e-flex e-con e-child\" data-id=\"34610d9\" data-element_type=\"container\" data-e-type=\"container\" data-settings=\"{&quot;sticky&quot;:&quot;top&quot;,&quot;sticky_on&quot;:[&quot;desktop&quot;,&quot;tablet&quot;],&quot;sticky_offset&quot;:168,&quot;sticky_parent&quot;:&quot;yes&quot;,&quot;sticky_effects_offset&quot;:0,&quot;sticky_anchor_link_offset&quot;:0}\">\n\t\t\t\t<div class=\"elementor-element elementor-element-2c19534 no-header-table-of-content elementor-widget elementor-widget-table-of-contents\" data-id=\"2c19534\" data-element_type=\"widget\" data-e-type=\"widget\" data-settings=\"{&quot;headings_by_tags&quot;:[&quot;h2&quot;],&quot;exclude_headings_by_selector&quot;:[],&quot;container&quot;:&quot;.content&quot;,&quot;marker_view&quot;:&quot;bullets&quot;,&quot;icon&quot;:{&quot;value&quot;:&quot;&quot;,&quot;library&quot;:&quot;&quot;},&quot;no_headings_message&quot;:&quot;Inga rubriker hittades p\\u00e5 denna sida.&quot;,&quot;hierarchical_view&quot;:&quot;yes&quot;,&quot;min_height&quot;:{&quot;unit&quot;:&quot;px&quot;,&quot;size&quot;:&quot;&quot;,&quot;sizes&quot;:[]},&quot;min_height_tablet&quot;:{&quot;unit&quot;:&quot;px&quot;,&quot;size&quot;:&quot;&quot;,&quot;sizes&quot;:[]},&quot;min_height_mobile&quot;:{&quot;unit&quot;:&quot;px&quot;,&quot;size&quot;:&quot;&quot;,&quot;sizes&quot;:[]}}\" data-widget_type=\"table-of-contents.default\">\n\t\t\t\t<div class=\"elementor-widget-container\">\n\t\t\t\t\t\t\t\t\t<div id=\"elementor-toc__2c19534\" class=\"elementor-toc__body\">\n\t\t\t<div class=\"elementor-toc__spinner-container\">\n\t\t\t\t<svg class=\"elementor-toc__spinner eicon-animation-spin e-font-icon-svg e-eicon-loading\" aria-hidden=\"true\" viewBox=\"0 0 1000 1000\" xmlns=\"http:\/\/www.w3.org\/2000\/svg\"><path d=\"M500 975V858C696 858 858 696 858 500S696 142 500 142 142 304 142 500H25C25 237 238 25 500 25S975 237 975 500 763 975 500 975Z\"><\/path><\/svg>\t\t\t<\/div>\n\t\t<\/div>\n\t\t\t\t\t\t<\/div>\n\t\t\t\t<\/div>\n\t\t\t\t<\/div>\n\t\t\t\t<\/div>\n\t\t<div class=\"elementor-element elementor-element-0d1e4a3 e-con-full content e-flex e-con e-child\" data-id=\"0d1e4a3\" data-element_type=\"container\" data-e-type=\"container\">\n\t\t\t\t<div class=\"elementor-element elementor-element-499d1f9 elementor-widget elementor-widget-heading\" data-id=\"499d1f9\" data-element_type=\"widget\" data-e-type=\"widget\" data-widget_type=\"heading.default\">\n\t\t\t\t<div class=\"elementor-widget-container\">\n\t\t\t\t\t<h1 class=\"elementor-heading-title elementor-size-default\">Signalement d'irr\u00e9gularit\u00e9s<\/h1>\t\t\t\t<\/div>\n\t\t\t\t<\/div>\n\t\t\t\t<div class=\"elementor-element elementor-element-ce7fe62 elementor-widget elementor-widget-text-editor\" data-id=\"ce7fe62\" data-element_type=\"widget\" data-e-type=\"widget\" data-widget_type=\"text-editor.default\">\n\t\t\t\t<div class=\"elementor-widget-container\">\n\t\t\t\t\t\t\t\t\t<p>Telavox doit \u00eatre une organisation exempte d&rsquo;actes r\u00e9pr\u00e9hensibles, o\u00f9 tous les employ\u00e9s s&rsquo;efforcent de traiter les uns avec les autres et avec le public de mani\u00e8re appropri\u00e9e. Dans cette optique, la fonction de d\u00e9nonciation de Telavox est un compl\u00e9ment important aux autres canaux internes de signalement des actes r\u00e9pr\u00e9hensibles dans l&rsquo;int\u00e9r\u00eat du public. <\/p>\n<p>Le service de d\u00e9nonciation est con\u00e7u conform\u00e9ment \u00e0 la directive europ\u00e9enne sur la d\u00e9nonciation et aux r\u00e8gles europ\u00e9ennes applicables en mati\u00e8re de protection des donn\u00e9es.<\/p>\n\t\t\t\t\t\t\t\t<\/div>\n\t\t\t\t<\/div>\n\t\t\t\t<div class=\"elementor-element elementor-element-86aecfc elementor-widget elementor-widget-heading\" data-id=\"86aecfc\" data-element_type=\"widget\" data-e-type=\"widget\" data-widget_type=\"heading.default\">\n\t\t\t\t<div class=\"elementor-widget-container\">\n\t\t\t\t\t<h2 class=\"elementor-heading-title elementor-size-default\">Qui peut utiliser le service de d\u00e9nonciation ?  <\/h2>\t\t\t\t<\/div>\n\t\t\t\t<\/div>\n\t\t\t\t<div class=\"elementor-element elementor-element-f7df260 elementor-widget elementor-widget-text-editor\" data-id=\"f7df260\" data-element_type=\"widget\" data-e-type=\"widget\" data-widget_type=\"text-editor.default\">\n\t\t\t\t<div class=\"elementor-widget-container\">\n\t\t\t\t\t\t\t\t\t<p>Tous les employ\u00e9s, candidats \u00e0 l&#8217;emploi, stagiaires, consultants, volontaires et autres personnes qui ont actuellement une relation de travail avec Telavox sont concern\u00e9s. Les personnes qui ont d\u00e9j\u00e0 eu une relation de travail avec Telavox et qui ont obtenu ou acquis des informations pendant leur p\u00e9riode de travail dans l&rsquo;organisation sont \u00e9galement concern\u00e9es. <\/p>\n\t\t\t\t\t\t\t\t<\/div>\n\t\t\t\t<\/div>\n\t\t\t\t<div class=\"elementor-element elementor-element-8c23b86 elementor-widget elementor-widget-heading\" data-id=\"8c23b86\" data-element_type=\"widget\" data-e-type=\"widget\" data-widget_type=\"heading.default\">\n\t\t\t\t<div class=\"elementor-widget-container\">\n\t\t\t\t\t<h2 class=\"elementor-heading-title elementor-size-default\">Que peut-on signaler ?  <\/h2>\t\t\t\t<\/div>\n\t\t\t\t<\/div>\n\t\t\t\t<div class=\"elementor-element elementor-element-861a9b6 elementor-widget elementor-widget-text-editor\" data-id=\"861a9b6\" data-element_type=\"widget\" data-e-type=\"widget\" data-widget_type=\"text-editor.default\">\n\t\t\t\t<div class=\"elementor-widget-container\">\n\t\t\t\t\t\t\t\t\t<p>Le service de d\u00e9nonciation de Telavox permet \u00e0 tous les employ\u00e9s de signaler des soup\u00e7ons d&rsquo;actes r\u00e9pr\u00e9hensibles dans un contexte professionnel o\u00f9 il existe un int\u00e9r\u00eat public \u00e0 les divulguer.<\/p>\n<p>Les irr\u00e9gularit\u00e9s justifiant la divulgation de l&rsquo;int\u00e9r\u00eat public impliquent g\u00e9n\u00e9ralement des actes et des omissions qui sont contraires \u00e0 la loi et, dans certains cas, aux r\u00e8glements, aux r\u00e8gles ou aux statuts. Il peut s&rsquo;agir d&rsquo;irr\u00e9gularit\u00e9s dans des domaines tels que : <\/p>\n<ul>\n<li>les services, produits et march\u00e9s financiers, et la pr\u00e9vention du blanchiment d&rsquo;argent et du financement du terrorisme.<\/li>\n<li>la vie priv\u00e9e et la protection des donn\u00e9es \u00e0 caract\u00e8re personnel.<\/li>\n<li>la s\u00e9curit\u00e9 des r\u00e9seaux et des syst\u00e8mes d&rsquo;information.<\/li>\n<\/ul>\n<p>Les cas ne relevant pas du champ d&rsquo;application d\u00e9crit ci-dessus, tels que l&rsquo;insatisfaction sur le lieu de travail, ne doivent pas \u00eatre signal\u00e9s par l&rsquo;interm\u00e9diaire du service de d\u00e9nonciation.<\/p>\n\t\t\t\t\t\t\t\t<\/div>\n\t\t\t\t<\/div>\n\t\t\t\t<div class=\"elementor-element elementor-element-9f12105 elementor-widget elementor-widget-heading\" data-id=\"9f12105\" data-element_type=\"widget\" data-e-type=\"widget\" data-widget_type=\"heading.default\">\n\t\t\t\t<div class=\"elementor-widget-container\">\n\t\t\t\t\t<h2 class=\"elementor-heading-title elementor-size-default\">Comment les rapports sont-ils \u00e9tablis ?  <\/h2>\t\t\t\t<\/div>\n\t\t\t\t<\/div>\n\t\t\t\t<div class=\"elementor-element elementor-element-1fbfc37 elementor-widget elementor-widget-text-editor\" data-id=\"1fbfc37\" data-element_type=\"widget\" data-e-type=\"widget\" data-widget_type=\"text-editor.default\">\n\t\t\t\t<div class=\"elementor-widget-container\">\n\t\t\t\t\t\t\t\t\t<p>Le signalement se fait de mani\u00e8re anonyme par l&rsquo;interm\u00e9diaire de <span style=\"color: #2dc659;\"><a style=\"color: #2dc659;\" href=\"https:\/\/report.whistleb.com\/fr\/telavox\">l&rsquo;outil de signalement en ligne fourni par le prestataire externe WhistleB Whistleblowing Centre AB.<\/a><\/span><\/p>\t\t\t\t\t\t\t\t<\/div>\n\t\t\t\t<\/div>\n\t\t\t\t<\/div>\n\t\t\t\t\t<\/div>\n\t\t\t\t<\/div>\n\t\t\t\t<\/div>\n\t\t","protected":false},"excerpt":{"rendered":"<p>Signalement d&rsquo;irr\u00e9gularit\u00e9s Telavox doit \u00eatre une organisation exempte d&rsquo;actes r\u00e9pr\u00e9hensibles, o\u00f9 tous les employ\u00e9s s&rsquo;efforcent de traiter les uns avec les autres et avec le public de mani\u00e8re appropri\u00e9e. Dans cette optique, la fonction de d\u00e9nonciation de Telavox est un compl\u00e9ment important aux autres canaux internes de signalement des actes r\u00e9pr\u00e9hensibles dans l&rsquo;int\u00e9r\u00eat du public. [&hellip;]<\/p>\n","protected":false},"author":3,"featured_media":0,"parent":13810,"menu_order":0,"comment_status":"closed","ping_status":"closed","template":"","meta":{"_acf_changed":false,"content-type":"","inline_featured_image":false,"footnotes":""},"class_list":["post-13888","page","type-page","status-publish","hentry"],"acf":[],"yoast_head":"<!-- This site is optimized with the Yoast SEO Premium plugin v23.8 (Yoast SEO v27.0) - https:\/\/yoast.com\/product\/yoast-seo-premium-wordpress\/ -->\n<title>Signalement d&#039;irr\u00e9gularit\u00e9s | Telavox - Informations juridiques<\/title>\n<meta name=\"description\" content=\"D\u00e9couvrez le service de d\u00e9nonciation de Telavox pour signaler des irr\u00e9gularit\u00e9s de mani\u00e8re s\u00fbre et responsable.\" \/>\n<meta name=\"robots\" content=\"index, follow, max-snippet:-1, max-image-preview:large, max-video-preview:-1\" \/>\n<link rel=\"canonical\" href=\"https:\/\/telavox.be\/fr\/informations-juridiques\/signalement-d-irregularites\/\" \/>\n<meta property=\"og:locale\" content=\"fr_FR\" \/>\n<meta property=\"og:type\" content=\"article\" \/>\n<meta property=\"og:title\" content=\"Signalement d&#039;irr\u00e9gularit\u00e9s | Telavox | Mobiloperat\u00f6r bara f\u00f6r f\u00f6retag\" \/>\n<meta property=\"og:description\" content=\"D\u00e9couvrez le service de d\u00e9nonciation de Telavox pour signaler des irr\u00e9gularit\u00e9s de mani\u00e8re s\u00fbre et responsable.\" \/>\n<meta property=\"og:url\" content=\"https:\/\/telavox.be\/fr\/informations-juridiques\/signalement-d-irregularites\/\" \/>\n<meta property=\"og:site_name\" content=\"Telavox\" \/>\n<meta property=\"article:publisher\" content=\"https:\/\/www.facebook.com\/telavox\/\" \/>\n<meta property=\"article:modified_time\" content=\"2024-11-29T12:25:48+00:00\" \/>\n<meta property=\"og:image\" content=\"https:\/\/telavox.be\/wp-content\/uploads\/2024\/12\/Fo-rhandsvining-BE.png\" \/>\n\t<meta property=\"og:image:width\" content=\"4800\" \/>\n\t<meta property=\"og:image:height\" content=\"2700\" \/>\n\t<meta property=\"og:image:type\" content=\"image\/png\" \/>\n<meta name=\"twitter:card\" content=\"summary_large_image\" \/>\n<meta name=\"twitter:site\" content=\"@telavox\" \/>\n<meta name=\"twitter:label1\" content=\"Dur\u00e9e de lecture estim\u00e9e\" \/>\n\t<meta name=\"twitter:data1\" content=\"2 minutes\" \/>\n<script type=\"application\/ld+json\" class=\"yoast-schema-graph\">{\"@context\":\"https:\/\/schema.org\",\"@graph\":[{\"@type\":\"WebPage\",\"@id\":\"https:\/\/telavox.be\/fr\/informations-juridiques\/signalement-d-irregularites\/\",\"url\":\"https:\/\/telavox.be\/fr\/informations-juridiques\/signalement-d-irregularites\/\",\"name\":\"Signalement d'irr\u00e9gularit\u00e9s | Telavox - Informations juridiques\",\"isPartOf\":{\"@id\":\"https:\/\/telavox.be\/fr\/#website\"},\"datePublished\":\"2024-10-30T08:33:16+00:00\",\"dateModified\":\"2024-11-29T12:25:48+00:00\",\"description\":\"D\u00e9couvrez le service de d\u00e9nonciation de Telavox pour signaler des irr\u00e9gularit\u00e9s de mani\u00e8re s\u00fbre et responsable.\",\"breadcrumb\":{\"@id\":\"https:\/\/telavox.be\/fr\/informations-juridiques\/signalement-d-irregularites\/#breadcrumb\"},\"inLanguage\":\"fr-FR\",\"potentialAction\":[{\"@type\":\"ReadAction\",\"target\":[\"https:\/\/telavox.be\/fr\/informations-juridiques\/signalement-d-irregularites\/\"]}]},{\"@type\":\"BreadcrumbList\",\"@id\":\"https:\/\/telavox.be\/fr\/informations-juridiques\/signalement-d-irregularites\/#breadcrumb\",\"itemListElement\":[{\"@type\":\"ListItem\",\"position\":1,\"name\":\"Home\",\"item\":\"https:\/\/telavox.be\/fr\/\"},{\"@type\":\"ListItem\",\"position\":2,\"name\":\"Informations juridiques\",\"item\":\"https:\/\/telavox.be\/fr\/juridische-informatie\/\"},{\"@type\":\"ListItem\",\"position\":3,\"name\":\"Signalement d&rsquo;irr\u00e9gularit\u00e9s\"}]},{\"@type\":\"WebSite\",\"@id\":\"https:\/\/telavox.be\/fr\/#website\",\"url\":\"https:\/\/telavox.be\/fr\/\",\"name\":\"Telavox\",\"description\":\"Telavox | F\u00f6retagstelefoni, v\u00e4xel och \u00e4rendehantering integrerat med dina favoritsystem\",\"publisher\":{\"@id\":\"https:\/\/telavox.be\/fr\/#organization\"},\"potentialAction\":[{\"@type\":\"SearchAction\",\"target\":{\"@type\":\"EntryPoint\",\"urlTemplate\":\"https:\/\/telavox.be\/fr\/?s={search_term_string}\"},\"query-input\":{\"@type\":\"PropertyValueSpecification\",\"valueRequired\":true,\"valueName\":\"search_term_string\"}}],\"inLanguage\":\"fr-FR\"},{\"@type\":\"Organization\",\"@id\":\"https:\/\/telavox.be\/fr\/#organization\",\"name\":\"Telavox\",\"url\":\"https:\/\/telavox.be\/fr\/\",\"logo\":{\"@type\":\"ImageObject\",\"inLanguage\":\"fr-FR\",\"@id\":\"https:\/\/telavox.be\/fr\/#\/schema\/logo\/image\/\",\"url\":\"https:\/\/telavox.be\/wp-content\/uploads\/2026\/03\/Telavox-Logo-RGB-Green-scaled.png\",\"contentUrl\":\"https:\/\/telavox.be\/wp-content\/uploads\/2026\/03\/Telavox-Logo-RGB-Green-scaled.png\",\"width\":2560,\"height\":432,\"caption\":\"Telavox\"},\"image\":{\"@id\":\"https:\/\/telavox.be\/fr\/#\/schema\/logo\/image\/\"},\"sameAs\":[\"https:\/\/www.facebook.com\/telavox\/\",\"https:\/\/x.com\/telavox\",\"https:\/\/www.linkedin.com\/company\/telavox\/\",\"https:\/\/www.instagram.com\/telavox\/\",\"https:\/\/www.youtube.com\/channel\/UCQqir-waeD7753eHPZtcKmg\"],\"telephone\":\"020100000\",\"legalName\":\"Telavox AB\",\"vatID\":\"SE556600778601\",\"numberOfEmployees\":{\"@type\":\"QuantitativeValue\",\"minValue\":\"201\",\"maxValue\":\"500\"}}]}<\/script>\n<!-- \/ Yoast SEO Premium plugin. -->","yoast_head_json":{"title":"Signalement d'irr\u00e9gularit\u00e9s | Telavox - Informations juridiques","description":"D\u00e9couvrez le service de d\u00e9nonciation de Telavox pour signaler des irr\u00e9gularit\u00e9s de mani\u00e8re s\u00fbre et responsable.","robots":{"index":"index","follow":"follow","max-snippet":"max-snippet:-1","max-image-preview":"max-image-preview:large","max-video-preview":"max-video-preview:-1"},"canonical":"https:\/\/telavox.be\/fr\/informations-juridiques\/signalement-d-irregularites\/","og_locale":"fr_FR","og_type":"article","og_title":"Signalement d'irr\u00e9gularit\u00e9s | Telavox | Mobiloperat\u00f6r bara f\u00f6r f\u00f6retag","og_description":"D\u00e9couvrez le service de d\u00e9nonciation de Telavox pour signaler des irr\u00e9gularit\u00e9s de mani\u00e8re s\u00fbre et responsable.","og_url":"https:\/\/telavox.be\/fr\/informations-juridiques\/signalement-d-irregularites\/","og_site_name":"Telavox","article_publisher":"https:\/\/www.facebook.com\/telavox\/","article_modified_time":"2024-11-29T12:25:48+00:00","og_image":[{"width":4800,"height":2700,"url":"https:\/\/telavox.be\/wp-content\/uploads\/2024\/12\/Fo-rhandsvining-BE.png","type":"image\/png"}],"twitter_card":"summary_large_image","twitter_site":"@telavox","twitter_misc":{"Dur\u00e9e de lecture estim\u00e9e":"2 minutes"},"schema":{"@context":"https:\/\/schema.org","@graph":[{"@type":"WebPage","@id":"https:\/\/telavox.be\/fr\/informations-juridiques\/signalement-d-irregularites\/","url":"https:\/\/telavox.be\/fr\/informations-juridiques\/signalement-d-irregularites\/","name":"Signalement d'irr\u00e9gularit\u00e9s | Telavox - Informations juridiques","isPartOf":{"@id":"https:\/\/telavox.be\/fr\/#website"},"datePublished":"2024-10-30T08:33:16+00:00","dateModified":"2024-11-29T12:25:48+00:00","description":"D\u00e9couvrez le service de d\u00e9nonciation de Telavox pour signaler des irr\u00e9gularit\u00e9s de mani\u00e8re s\u00fbre et responsable.","breadcrumb":{"@id":"https:\/\/telavox.be\/fr\/informations-juridiques\/signalement-d-irregularites\/#breadcrumb"},"inLanguage":"fr-FR","potentialAction":[{"@type":"ReadAction","target":["https:\/\/telavox.be\/fr\/informations-juridiques\/signalement-d-irregularites\/"]}]},{"@type":"BreadcrumbList","@id":"https:\/\/telavox.be\/fr\/informations-juridiques\/signalement-d-irregularites\/#breadcrumb","itemListElement":[{"@type":"ListItem","position":1,"name":"Home","item":"https:\/\/telavox.be\/fr\/"},{"@type":"ListItem","position":2,"name":"Informations juridiques","item":"https:\/\/telavox.be\/fr\/juridische-informatie\/"},{"@type":"ListItem","position":3,"name":"Signalement d&rsquo;irr\u00e9gularit\u00e9s"}]},{"@type":"WebSite","@id":"https:\/\/telavox.be\/fr\/#website","url":"https:\/\/telavox.be\/fr\/","name":"Telavox","description":"Telavox | F\u00f6retagstelefoni, v\u00e4xel och \u00e4rendehantering integrerat med dina favoritsystem","publisher":{"@id":"https:\/\/telavox.be\/fr\/#organization"},"potentialAction":[{"@type":"SearchAction","target":{"@type":"EntryPoint","urlTemplate":"https:\/\/telavox.be\/fr\/?s={search_term_string}"},"query-input":{"@type":"PropertyValueSpecification","valueRequired":true,"valueName":"search_term_string"}}],"inLanguage":"fr-FR"},{"@type":"Organization","@id":"https:\/\/telavox.be\/fr\/#organization","name":"Telavox","url":"https:\/\/telavox.be\/fr\/","logo":{"@type":"ImageObject","inLanguage":"fr-FR","@id":"https:\/\/telavox.be\/fr\/#\/schema\/logo\/image\/","url":"https:\/\/telavox.be\/wp-content\/uploads\/2026\/03\/Telavox-Logo-RGB-Green-scaled.png","contentUrl":"https:\/\/telavox.be\/wp-content\/uploads\/2026\/03\/Telavox-Logo-RGB-Green-scaled.png","width":2560,"height":432,"caption":"Telavox"},"image":{"@id":"https:\/\/telavox.be\/fr\/#\/schema\/logo\/image\/"},"sameAs":["https:\/\/www.facebook.com\/telavox\/","https:\/\/x.com\/telavox","https:\/\/www.linkedin.com\/company\/telavox\/","https:\/\/www.instagram.com\/telavox\/","https:\/\/www.youtube.com\/channel\/UCQqir-waeD7753eHPZtcKmg"],"telephone":"020100000","legalName":"Telavox AB","vatID":"SE556600778601","numberOfEmployees":{"@type":"QuantitativeValue","minValue":"201","maxValue":"500"}}]}},"_links":{"self":[{"href":"https:\/\/telavox.be\/fr\/wp-json\/wp\/v2\/pages\/13888","targetHints":{"allow":["GET"]}}],"collection":[{"href":"https:\/\/telavox.be\/fr\/wp-json\/wp\/v2\/pages"}],"about":[{"href":"https:\/\/telavox.be\/fr\/wp-json\/wp\/v2\/types\/page"}],"author":[{"embeddable":true,"href":"https:\/\/telavox.be\/fr\/wp-json\/wp\/v2\/users\/3"}],"replies":[{"embeddable":true,"href":"https:\/\/telavox.be\/fr\/wp-json\/wp\/v2\/comments?post=13888"}],"version-history":[{"count":10,"href":"https:\/\/telavox.be\/fr\/wp-json\/wp\/v2\/pages\/13888\/revisions"}],"predecessor-version":[{"id":21911,"href":"https:\/\/telavox.be\/fr\/wp-json\/wp\/v2\/pages\/13888\/revisions\/21911"}],"up":[{"embeddable":true,"href":"https:\/\/telavox.be\/fr\/wp-json\/wp\/v2\/pages\/13810"}],"wp:attachment":[{"href":"https:\/\/telavox.be\/fr\/wp-json\/wp\/v2\/media?parent=13888"}],"curies":[{"name":"wp","href":"https:\/\/api.w.org\/{rel}","templated":true}]}}