
{"id":19640,"date":"2024-10-17T18:04:22","date_gmt":"2024-10-17T16:04:22","guid":{"rendered":"https:\/\/telavox.be\/duurzame-toekomst-en-samenleving\/"},"modified":"2024-11-29T17:08:36","modified_gmt":"2024-11-29T16:08:36","slug":"duurzaamheid-en-samenleving","status":"publish","type":"page","link":"https:\/\/telavox.be\/nl\/duurzaamheid-en-samenleving\/","title":{"rendered":"Duurzaamheid en samenleving"},"content":{"rendered":"\t\t<div data-elementor-type=\"wp-page\" data-elementor-id=\"19640\" class=\"elementor elementor-19640 elementor-5304\" data-elementor-post-type=\"page\">\n\t\t\t\t<div class=\"elementor-element elementor-element-43bfb26 e-flex e-con-boxed e-con e-parent\" data-id=\"43bfb26\" data-element_type=\"container\" data-e-type=\"container\">\n\t\t\t\t\t<div class=\"e-con-inner\">\n\t\t<div class=\"elementor-element elementor-element-087b894 e-con-full e-flex e-con e-child\" data-id=\"087b894\" data-element_type=\"container\" data-e-type=\"container\">\n\t\t\t\t<div class=\"elementor-element elementor-element-8e3f96f elementor-widget elementor-widget-heading\" data-id=\"8e3f96f\" data-element_type=\"widget\" data-e-type=\"widget\" data-widget_type=\"heading.default\">\n\t\t\t\t<div class=\"elementor-widget-container\">\n\t\t\t\t\t<h1 class=\"elementor-heading-title elementor-size-default\">Samen bouwen we aan een duurzame toekomst<\/h1>\t\t\t\t<\/div>\n\t\t\t\t<\/div>\n\t\t\t\t<div class=\"elementor-element elementor-element-e171891 elementor-widget elementor-widget-text-editor\" data-id=\"e171891\" data-element_type=\"widget\" data-e-type=\"widget\" data-widget_type=\"text-editor.default\">\n\t\t\t\t<div class=\"elementor-widget-container\">\n\t\t\t\t\t\t\t\t\t<p>Wij zijn gedreven om de wereld groener en slimmer te maken. Ons doel is een werkplek te cre\u00ebren waar iedereen zich gewaardeerd en betrokken voelt, terwijl we onze verantwoordelijkheid nemen voor onze impact op de maatschappij en het milieu. Samen bouwen we aan een betere toekomst voor onze planeet en de mensen om ons heen.<\/p>\t\t\t\t\t\t\t\t<\/div>\n\t\t\t\t<\/div>\n\t\t\t\t<\/div>\n\t\t\t\t\t<\/div>\n\t\t\t\t<\/div>\n\t\t<div class=\"elementor-element elementor-element-b762e87 e-flex e-con-boxed e-con e-parent\" data-id=\"b762e87\" data-element_type=\"container\" data-e-type=\"container\">\n\t\t\t\t\t<div class=\"e-con-inner\">\n\t\t<div class=\"elementor-element elementor-element-dacc1d0 e-con-full e-flex e-con e-child\" data-id=\"dacc1d0\" data-element_type=\"container\" data-e-type=\"container\">\n\t\t\t\t<div class=\"elementor-element elementor-element-59d978a elementor-widget__width-initial elementor-widget elementor-widget-heading\" data-id=\"59d978a\" data-element_type=\"widget\" data-e-type=\"widget\" data-widget_type=\"heading.default\">\n\t\t\t\t<div class=\"elementor-widget-container\">\n\t\t\t\t\t<h2 class=\"elementor-heading-title elementor-size-default\">Onze inzet voor een duurzame toekomst<\/h2>\t\t\t\t<\/div>\n\t\t\t\t<\/div>\n\t\t\t\t<div class=\"elementor-element elementor-element-fdc5ce7 elementor-widget__width-initial elementor-widget elementor-widget-text-editor\" data-id=\"fdc5ce7\" data-element_type=\"widget\" data-e-type=\"widget\" data-widget_type=\"text-editor.default\">\n\t\t\t\t<div class=\"elementor-widget-container\">\n\t\t\t\t\t\t\t\t\t<p>Duurzaam ondernemen vormt een essenti\u00eble pijler van onze bedrijfsstrategie. Bij Telavox streven we ernaar een toekomstgerichte organisatie te zijn die groei, winstgevendheid en verantwoord gedrag combineert. De Europese richtlijn inzake Corporate Sustainability Reporting (CSRD) verplicht bedrijven om transparanter te zijn over hun milieu-impact en om gedetailleerd verslag uit te brengen over hun uitstoot. Telavox heeft proactief stappen ondernomen om aan deze richtlijn te voldoen en blijft zich inzetten voor een duurzamere toekomst.<\/p>\t\t\t\t\t\t\t\t<\/div>\n\t\t\t\t<\/div>\n\t\t\t\t<\/div>\n\t\t<div class=\"elementor-element elementor-element-50d1d90 e-con-full e-flex e-con e-child\" data-id=\"50d1d90\" data-element_type=\"container\" data-e-type=\"container\">\n\t\t\t\t<div class=\"elementor-element elementor-element-8d63b99 elementor-widget elementor-widget-image\" data-id=\"8d63b99\" data-element_type=\"widget\" data-e-type=\"widget\" data-widget_type=\"image.default\">\n\t\t\t\t<div class=\"elementor-widget-container\">\n\t\t\t\t\t\t\t\t\t\t\t\t\t\t\t<img fetchpriority=\"high\" decoding=\"async\" width=\"800\" height=\"534\" src=\"https:\/\/telavox.be\/wp-content\/uploads\/2024\/11\/Hallbarhet-och-samhalle-hero-1024x683.webp\" class=\"attachment-large size-large wp-image-19641\" alt=\"\" srcset=\"https:\/\/telavox.be\/wp-content\/uploads\/2024\/11\/Hallbarhet-och-samhalle-hero-1024x683.webp 1024w, https:\/\/telavox.be\/wp-content\/uploads\/2024\/11\/Hallbarhet-och-samhalle-hero-300x200.webp 300w, https:\/\/telavox.be\/wp-content\/uploads\/2024\/11\/Hallbarhet-och-samhalle-hero-768x512.webp 768w, https:\/\/telavox.be\/wp-content\/uploads\/2024\/11\/Hallbarhet-och-samhalle-hero-1536x1024.webp 1536w, https:\/\/telavox.be\/wp-content\/uploads\/2024\/11\/Hallbarhet-och-samhalle-hero-2048x1365.webp 2048w, https:\/\/telavox.be\/wp-content\/uploads\/2024\/11\/Hallbarhet-och-samhalle-hero-600x400.webp 600w\" sizes=\"(max-width: 800px) 100vw, 800px\" \/>\t\t\t\t\t\t\t\t\t\t\t\t\t\t\t<\/div>\n\t\t\t\t<\/div>\n\t\t\t\t<\/div>\n\t\t\t\t\t<\/div>\n\t\t\t\t<\/div>\n\t\t<div class=\"elementor-element elementor-element-f436b82 e-flex e-con-boxed e-con e-parent\" data-id=\"f436b82\" data-element_type=\"container\" data-e-type=\"container\">\n\t\t\t\t\t<div class=\"e-con-inner\">\n\t\t<div class=\"elementor-element elementor-element-fff128e e-con-full e-flex e-con e-child\" data-id=\"fff128e\" data-element_type=\"container\" data-e-type=\"container\" data-settings=\"{&quot;background_background&quot;:&quot;classic&quot;}\">\n\t\t<div class=\"elementor-element elementor-element-f5946c4 e-con-full e-flex e-con e-child\" data-id=\"f5946c4\" data-element_type=\"container\" data-e-type=\"container\" data-settings=\"{&quot;background_background&quot;:&quot;classic&quot;}\">\n\t\t\t\t<div class=\"elementor-element elementor-element-92727dd elementor-widget-tablet__width-inherit elementor-position-top elementor-widget elementor-widget-image-box\" data-id=\"92727dd\" data-element_type=\"widget\" data-e-type=\"widget\" data-widget_type=\"image-box.default\">\n\t\t\t\t<div class=\"elementor-widget-container\">\n\t\t\t\t\t<div class=\"elementor-image-box-wrapper\"><figure class=\"elementor-image-box-img\"><img decoding=\"async\" width=\"44\" height=\"44\" src=\"https:\/\/telavox.be\/wp-content\/uploads\/2024\/11\/Hallbarhetsrapport.svg\" class=\"attachment-full size-full wp-image-19642\" alt=\"\" \/><\/figure><div class=\"elementor-image-box-content\"><h3 class=\"elementor-image-box-title\">Ons laatste duurzaamheidsverslag<\/h3><p class=\"elementor-image-box-description\">Ontdek hoe we onze impact op het milieu verkleinen en bijdragen aan een duurzamere wereld<\/p><\/div><\/div>\t\t\t\t<\/div>\n\t\t\t\t<\/div>\n\t\t\t\t<div class=\"elementor-element elementor-element-07f04b8 elementor-widget elementor-widget-button\" data-id=\"07f04b8\" data-element_type=\"widget\" data-e-type=\"widget\" data-widget_type=\"button.default\">\n\t\t\t\t<div class=\"elementor-widget-container\">\n\t\t\t\t\t\t\t\t\t<div class=\"elementor-button-wrapper\">\n\t\t\t\t\t<a class=\"elementor-button elementor-button-link elementor-size-sm\" href=\"http:\/\/telavox.se\/wp-content\/uploads\/2024\/11\/Telavox-Sustainability-Report-2023.pdf\">\n\t\t\t\t\t\t<span class=\"elementor-button-content-wrapper\">\n\t\t\t\t\t\t<span class=\"elementor-button-icon\">\n\t\t\t\t<svg xmlns=\"http:\/\/www.w3.org\/2000\/svg\" width=\"13\" height=\"12\" viewBox=\"0 0 13 12\" fill=\"none\"><g clip-path=\"url(#clip0_47_1101)\"><path d=\"M6.59304 10.277L5.69815 9.39205L8.8054 6.2848H1V4.99219H8.8054L5.69815 1.88991L6.59304 1L11.2315 5.6385L6.59304 10.277Z\" fill=\"#353839\"><\/path><\/g><defs><clipPath id=\"clip0_47_1101\"><rect width=\"13\" height=\"12\" fill=\"white\"><\/rect><\/clipPath><\/defs><\/svg>\t\t\t<\/span>\n\t\t\t\t\t\t\t\t\t<span class=\"elementor-button-text\">Lees meer<\/span>\n\t\t\t\t\t<\/span>\n\t\t\t\t\t<\/a>\n\t\t\t\t<\/div>\n\t\t\t\t\t\t\t\t<\/div>\n\t\t\t\t<\/div>\n\t\t\t\t<\/div>\n\t\t<div class=\"elementor-element elementor-element-0ff6518 e-con-full e-flex e-con e-child\" data-id=\"0ff6518\" data-element_type=\"container\" data-e-type=\"container\" data-settings=\"{&quot;background_background&quot;:&quot;classic&quot;}\">\n\t\t\t\t<div class=\"elementor-element elementor-element-2b59e75 elementor-widget-tablet__width-inherit elementor-position-top elementor-widget elementor-widget-image-box\" data-id=\"2b59e75\" data-element_type=\"widget\" data-e-type=\"widget\" data-widget_type=\"image-box.default\">\n\t\t\t\t<div class=\"elementor-widget-container\">\n\t\t\t\t\t<div class=\"elementor-image-box-wrapper\"><figure class=\"elementor-image-box-img\"><img decoding=\"async\" width=\"44\" height=\"44\" src=\"https:\/\/telavox.be\/wp-content\/uploads\/2024\/11\/Abenhetsloven.svg\" class=\"attachment-full size-full wp-image-19644\" alt=\"\" \/><\/figure><div class=\"elementor-image-box-content\"><h3 class=\"elementor-image-box-title\">Verslag over de transparantiewet  <\/h3><p class=\"elementor-image-box-description\">Lees ons rapport over hoe Telavox de Noorse transparantiewet naleeft en bijdraagt aan ondernemen<\/p><\/div><\/div>\t\t\t\t<\/div>\n\t\t\t\t<\/div>\n\t\t\t\t<div class=\"elementor-element elementor-element-b1744e1 elementor-widget elementor-widget-button\" data-id=\"b1744e1\" data-element_type=\"widget\" data-e-type=\"widget\" data-widget_type=\"button.default\">\n\t\t\t\t<div class=\"elementor-widget-container\">\n\t\t\t\t\t\t\t\t\t<div class=\"elementor-button-wrapper\">\n\t\t\t\t\t<a class=\"elementor-button elementor-button-link elementor-size-sm\" href=\"http:\/\/telavox.se\/wp-content\/uploads\/2024\/11\/NORWAY-Transparency-Report-Telavox-AS-2023.pdf\">\n\t\t\t\t\t\t<span class=\"elementor-button-content-wrapper\">\n\t\t\t\t\t\t<span class=\"elementor-button-icon\">\n\t\t\t\t<svg xmlns=\"http:\/\/www.w3.org\/2000\/svg\" width=\"13\" height=\"12\" viewBox=\"0 0 13 12\" fill=\"none\"><g clip-path=\"url(#clip0_47_1101)\"><path d=\"M6.59304 10.277L5.69815 9.39205L8.8054 6.2848H1V4.99219H8.8054L5.69815 1.88991L6.59304 1L11.2315 5.6385L6.59304 10.277Z\" fill=\"#353839\"><\/path><\/g><defs><clipPath id=\"clip0_47_1101\"><rect width=\"13\" height=\"12\" fill=\"white\"><\/rect><\/clipPath><\/defs><\/svg>\t\t\t<\/span>\n\t\t\t\t\t\t\t\t\t<span class=\"elementor-button-text\">Lees meer<\/span>\n\t\t\t\t\t<\/span>\n\t\t\t\t\t<\/a>\n\t\t\t\t<\/div>\n\t\t\t\t\t\t\t\t<\/div>\n\t\t\t\t<\/div>\n\t\t\t\t<\/div>\n\t\t<div class=\"elementor-element elementor-element-e819a90 e-con-full e-flex e-con e-child\" data-id=\"e819a90\" data-element_type=\"container\" data-e-type=\"container\" data-settings=\"{&quot;background_background&quot;:&quot;classic&quot;}\">\n\t\t\t\t<div class=\"elementor-element elementor-element-5adf8f8 elementor-widget-tablet__width-inherit elementor-position-top elementor-widget elementor-widget-image-box\" data-id=\"5adf8f8\" data-element_type=\"widget\" data-e-type=\"widget\" data-widget_type=\"image-box.default\">\n\t\t\t\t<div class=\"elementor-widget-container\">\n\t\t\t\t\t<div class=\"elementor-image-box-wrapper\"><figure class=\"elementor-image-box-img\"><img loading=\"lazy\" decoding=\"async\" width=\"44\" height=\"44\" src=\"https:\/\/telavox.be\/wp-content\/uploads\/2024\/11\/Visselblasning.svg\" class=\"attachment-full size-full wp-image-19643\" alt=\"\" \/><\/figure><div class=\"elementor-image-box-content\"><h3 class=\"elementor-image-box-title\">Onregelmatigheden melden<\/h3><p class=\"elementor-image-box-description\">Ons meldpunt geeft werknemers en partners de mogelijkheid om in vertrouwen verdacht gedrag of handelingen die niet in lijn zijn met onze kernwaarden te melden. Heeft u iets opgemerkt dat niet klopt? Meld het anoniem.<\/p><\/div><\/div>\t\t\t\t<\/div>\n\t\t\t\t<\/div>\n\t\t\t\t<div class=\"elementor-element elementor-element-dd0cc0e elementor-widget elementor-widget-button\" data-id=\"dd0cc0e\" data-element_type=\"widget\" data-e-type=\"widget\" data-widget_type=\"button.default\">\n\t\t\t\t<div class=\"elementor-widget-container\">\n\t\t\t\t\t\t\t\t\t<div class=\"elementor-button-wrapper\">\n\t\t\t\t\t<a class=\"elementor-button elementor-button-link elementor-size-sm\" href=\"https:\/\/telavox.be\/nl\/juridische-informatie\/melding-van-onregelmatigheden\/\">\n\t\t\t\t\t\t<span class=\"elementor-button-content-wrapper\">\n\t\t\t\t\t\t<span class=\"elementor-button-icon\">\n\t\t\t\t<svg xmlns=\"http:\/\/www.w3.org\/2000\/svg\" width=\"13\" height=\"12\" viewBox=\"0 0 13 12\" fill=\"none\"><g clip-path=\"url(#clip0_47_1101)\"><path d=\"M6.59304 10.277L5.69815 9.39205L8.8054 6.2848H1V4.99219H8.8054L5.69815 1.88991L6.59304 1L11.2315 5.6385L6.59304 10.277Z\" fill=\"#353839\"><\/path><\/g><defs><clipPath id=\"clip0_47_1101\"><rect width=\"13\" height=\"12\" fill=\"white\"><\/rect><\/clipPath><\/defs><\/svg>\t\t\t<\/span>\n\t\t\t\t\t\t\t\t\t<span class=\"elementor-button-text\">Lees meer<\/span>\n\t\t\t\t\t<\/span>\n\t\t\t\t\t<\/a>\n\t\t\t\t<\/div>\n\t\t\t\t\t\t\t\t<\/div>\n\t\t\t\t<\/div>\n\t\t\t\t<\/div>\n\t\t\t\t<\/div>\n\t\t\t\t\t<\/div>\n\t\t\t\t<\/div>\n\t\t\t\t<\/div>\n\t\t","protected":false},"excerpt":{"rendered":"<p>Samen bouwen we aan een duurzame toekomst Wij zijn gedreven om de wereld groener en slimmer te maken. Ons doel is een werkplek te cre\u00ebren waar iedereen zich gewaardeerd en betrokken voelt, terwijl we onze verantwoordelijkheid nemen voor onze impact op de maatschappij en het milieu. Samen bouwen we aan een betere toekomst voor onze [&hellip;]<\/p>\n","protected":false},"author":4,"featured_media":0,"parent":0,"menu_order":0,"comment_status":"closed","ping_status":"closed","template":"elementor_header_footer","meta":{"_acf_changed":false,"content-type":"","inline_featured_image":false,"footnotes":""},"class_list":["post-19640","page","type-page","status-publish","hentry"],"acf":[],"yoast_head":"<!-- This site is optimized with the Yoast SEO Premium plugin v23.8 (Yoast SEO v27.0) - https:\/\/yoast.com\/product\/yoast-seo-premium-wordpress\/ -->\n<title>Telavox | Duurzaamheid en samenleving<\/title>\n<meta name=\"description\" content=\"Ontdek hoe Telavox de wereld groener en slimmer maakt door duurzaam te ondernemen.\" \/>\n<meta name=\"robots\" content=\"index, follow, max-snippet:-1, max-image-preview:large, max-video-preview:-1\" \/>\n<link rel=\"canonical\" href=\"https:\/\/telavox.be\/nl\/duurzaamheid-en-samenleving\/\" \/>\n<meta property=\"og:locale\" content=\"nl_NL\" \/>\n<meta property=\"og:type\" content=\"article\" \/>\n<meta property=\"og:title\" content=\"Duurzaamheid en samenleving | Telavox | Mobiloperat\u00f6r bara f\u00f6r f\u00f6retag\" \/>\n<meta property=\"og:description\" content=\"Ontdek hoe Telavox de wereld groener en slimmer maakt door duurzaam te ondernemen.\" \/>\n<meta property=\"og:url\" content=\"https:\/\/telavox.be\/nl\/duurzaamheid-en-samenleving\/\" \/>\n<meta property=\"og:site_name\" content=\"Telavox\" \/>\n<meta property=\"article:publisher\" content=\"https:\/\/www.facebook.com\/telavox\/\" \/>\n<meta property=\"article:modified_time\" content=\"2024-11-29T16:08:36+00:00\" \/>\n<meta property=\"og:image\" content=\"https:\/\/telavox.be\/wp-content\/uploads\/2024\/11\/Hallbarhet-och-samhalle-hero-scaled.webp\" \/>\n\t<meta property=\"og:image:width\" content=\"2560\" \/>\n\t<meta property=\"og:image:height\" content=\"1707\" \/>\n\t<meta property=\"og:image:type\" content=\"image\/webp\" \/>\n<meta name=\"twitter:card\" content=\"summary_large_image\" \/>\n<meta name=\"twitter:site\" content=\"@telavox\" \/>\n<meta name=\"twitter:label1\" content=\"Geschatte leestijd\" \/>\n\t<meta name=\"twitter:data1\" content=\"2 minuten\" \/>\n<script type=\"application\/ld+json\" class=\"yoast-schema-graph\">{\"@context\":\"https:\/\/schema.org\",\"@graph\":[{\"@type\":\"WebPage\",\"@id\":\"https:\/\/telavox.be\/nl\/duurzaamheid-en-samenleving\/\",\"url\":\"https:\/\/telavox.be\/nl\/duurzaamheid-en-samenleving\/\",\"name\":\"Telavox | Duurzaamheid en samenleving\",\"isPartOf\":{\"@id\":\"https:\/\/telavox.be\/nl\/#website\"},\"primaryImageOfPage\":{\"@id\":\"https:\/\/telavox.be\/nl\/duurzaamheid-en-samenleving\/#primaryimage\"},\"image\":{\"@id\":\"https:\/\/telavox.be\/nl\/duurzaamheid-en-samenleving\/#primaryimage\"},\"thumbnailUrl\":\"https:\/\/telavox.be\/wp-content\/uploads\/2024\/11\/Hallbarhet-och-samhalle-hero-1024x683.webp\",\"datePublished\":\"2024-10-17T16:04:22+00:00\",\"dateModified\":\"2024-11-29T16:08:36+00:00\",\"description\":\"Ontdek hoe Telavox de wereld groener en slimmer maakt door duurzaam te ondernemen.\",\"breadcrumb\":{\"@id\":\"https:\/\/telavox.be\/nl\/duurzaamheid-en-samenleving\/#breadcrumb\"},\"inLanguage\":\"nl-NL\",\"potentialAction\":[{\"@type\":\"ReadAction\",\"target\":[\"https:\/\/telavox.be\/nl\/duurzaamheid-en-samenleving\/\"]}]},{\"@type\":\"ImageObject\",\"inLanguage\":\"nl-NL\",\"@id\":\"https:\/\/telavox.be\/nl\/duurzaamheid-en-samenleving\/#primaryimage\",\"url\":\"https:\/\/telavox.be\/wp-content\/uploads\/2024\/11\/Hallbarhet-och-samhalle-hero-1024x683.webp\",\"contentUrl\":\"https:\/\/telavox.be\/wp-content\/uploads\/2024\/11\/Hallbarhet-och-samhalle-hero-1024x683.webp\"},{\"@type\":\"BreadcrumbList\",\"@id\":\"https:\/\/telavox.be\/nl\/duurzaamheid-en-samenleving\/#breadcrumb\",\"itemListElement\":[{\"@type\":\"ListItem\",\"position\":1,\"name\":\"Home\",\"item\":\"https:\/\/telavox.be\/nl\/startpagina-2\/\"},{\"@type\":\"ListItem\",\"position\":2,\"name\":\"Duurzaamheid en samenleving\"}]},{\"@type\":\"WebSite\",\"@id\":\"https:\/\/telavox.be\/nl\/#website\",\"url\":\"https:\/\/telavox.be\/nl\/\",\"name\":\"Telavox\",\"description\":\"Telavox | F\u00f6retagstelefoni, v\u00e4xel och \u00e4rendehantering integrerat med dina favoritsystem\",\"publisher\":{\"@id\":\"https:\/\/telavox.be\/nl\/#organization\"},\"potentialAction\":[{\"@type\":\"SearchAction\",\"target\":{\"@type\":\"EntryPoint\",\"urlTemplate\":\"https:\/\/telavox.be\/nl\/?s={search_term_string}\"},\"query-input\":{\"@type\":\"PropertyValueSpecification\",\"valueRequired\":true,\"valueName\":\"search_term_string\"}}],\"inLanguage\":\"nl-NL\"},{\"@type\":\"Organization\",\"@id\":\"https:\/\/telavox.be\/nl\/#organization\",\"name\":\"Telavox\",\"url\":\"https:\/\/telavox.be\/nl\/\",\"logo\":{\"@type\":\"ImageObject\",\"inLanguage\":\"nl-NL\",\"@id\":\"https:\/\/telavox.be\/nl\/#\/schema\/logo\/image\/\",\"url\":\"https:\/\/telavox.be\/wp-content\/uploads\/2026\/03\/Telavox-Logo-RGB-Green-scaled.png\",\"contentUrl\":\"https:\/\/telavox.be\/wp-content\/uploads\/2026\/03\/Telavox-Logo-RGB-Green-scaled.png\",\"width\":2560,\"height\":432,\"caption\":\"Telavox\"},\"image\":{\"@id\":\"https:\/\/telavox.be\/nl\/#\/schema\/logo\/image\/\"},\"sameAs\":[\"https:\/\/www.facebook.com\/telavox\/\",\"https:\/\/x.com\/telavox\",\"https:\/\/www.linkedin.com\/company\/telavox\/\",\"https:\/\/www.instagram.com\/telavox\/\",\"https:\/\/www.youtube.com\/channel\/UCQqir-waeD7753eHPZtcKmg\"],\"telephone\":\"020100000\",\"legalName\":\"Telavox AB\",\"vatID\":\"SE556600778601\",\"numberOfEmployees\":{\"@type\":\"QuantitativeValue\",\"minValue\":\"201\",\"maxValue\":\"500\"}}]}<\/script>\n<!-- \/ Yoast SEO Premium plugin. -->","yoast_head_json":{"title":"Telavox | Duurzaamheid en samenleving","description":"Ontdek hoe Telavox de wereld groener en slimmer maakt door duurzaam te ondernemen.","robots":{"index":"index","follow":"follow","max-snippet":"max-snippet:-1","max-image-preview":"max-image-preview:large","max-video-preview":"max-video-preview:-1"},"canonical":"https:\/\/telavox.be\/nl\/duurzaamheid-en-samenleving\/","og_locale":"nl_NL","og_type":"article","og_title":"Duurzaamheid en samenleving | Telavox | Mobiloperat\u00f6r bara f\u00f6r f\u00f6retag","og_description":"Ontdek hoe Telavox de wereld groener en slimmer maakt door duurzaam te ondernemen.","og_url":"https:\/\/telavox.be\/nl\/duurzaamheid-en-samenleving\/","og_site_name":"Telavox","article_publisher":"https:\/\/www.facebook.com\/telavox\/","article_modified_time":"2024-11-29T16:08:36+00:00","og_image":[{"width":2560,"height":1707,"url":"https:\/\/telavox.be\/wp-content\/uploads\/2024\/11\/Hallbarhet-och-samhalle-hero-scaled.webp","type":"image\/webp"}],"twitter_card":"summary_large_image","twitter_site":"@telavox","twitter_misc":{"Geschatte leestijd":"2 minuten"},"schema":{"@context":"https:\/\/schema.org","@graph":[{"@type":"WebPage","@id":"https:\/\/telavox.be\/nl\/duurzaamheid-en-samenleving\/","url":"https:\/\/telavox.be\/nl\/duurzaamheid-en-samenleving\/","name":"Telavox | Duurzaamheid en samenleving","isPartOf":{"@id":"https:\/\/telavox.be\/nl\/#website"},"primaryImageOfPage":{"@id":"https:\/\/telavox.be\/nl\/duurzaamheid-en-samenleving\/#primaryimage"},"image":{"@id":"https:\/\/telavox.be\/nl\/duurzaamheid-en-samenleving\/#primaryimage"},"thumbnailUrl":"https:\/\/telavox.be\/wp-content\/uploads\/2024\/11\/Hallbarhet-och-samhalle-hero-1024x683.webp","datePublished":"2024-10-17T16:04:22+00:00","dateModified":"2024-11-29T16:08:36+00:00","description":"Ontdek hoe Telavox de wereld groener en slimmer maakt door duurzaam te ondernemen.","breadcrumb":{"@id":"https:\/\/telavox.be\/nl\/duurzaamheid-en-samenleving\/#breadcrumb"},"inLanguage":"nl-NL","potentialAction":[{"@type":"ReadAction","target":["https:\/\/telavox.be\/nl\/duurzaamheid-en-samenleving\/"]}]},{"@type":"ImageObject","inLanguage":"nl-NL","@id":"https:\/\/telavox.be\/nl\/duurzaamheid-en-samenleving\/#primaryimage","url":"https:\/\/telavox.be\/wp-content\/uploads\/2024\/11\/Hallbarhet-och-samhalle-hero-1024x683.webp","contentUrl":"https:\/\/telavox.be\/wp-content\/uploads\/2024\/11\/Hallbarhet-och-samhalle-hero-1024x683.webp"},{"@type":"BreadcrumbList","@id":"https:\/\/telavox.be\/nl\/duurzaamheid-en-samenleving\/#breadcrumb","itemListElement":[{"@type":"ListItem","position":1,"name":"Home","item":"https:\/\/telavox.be\/nl\/startpagina-2\/"},{"@type":"ListItem","position":2,"name":"Duurzaamheid en samenleving"}]},{"@type":"WebSite","@id":"https:\/\/telavox.be\/nl\/#website","url":"https:\/\/telavox.be\/nl\/","name":"Telavox","description":"Telavox | F\u00f6retagstelefoni, v\u00e4xel och \u00e4rendehantering integrerat med dina favoritsystem","publisher":{"@id":"https:\/\/telavox.be\/nl\/#organization"},"potentialAction":[{"@type":"SearchAction","target":{"@type":"EntryPoint","urlTemplate":"https:\/\/telavox.be\/nl\/?s={search_term_string}"},"query-input":{"@type":"PropertyValueSpecification","valueRequired":true,"valueName":"search_term_string"}}],"inLanguage":"nl-NL"},{"@type":"Organization","@id":"https:\/\/telavox.be\/nl\/#organization","name":"Telavox","url":"https:\/\/telavox.be\/nl\/","logo":{"@type":"ImageObject","inLanguage":"nl-NL","@id":"https:\/\/telavox.be\/nl\/#\/schema\/logo\/image\/","url":"https:\/\/telavox.be\/wp-content\/uploads\/2026\/03\/Telavox-Logo-RGB-Green-scaled.png","contentUrl":"https:\/\/telavox.be\/wp-content\/uploads\/2026\/03\/Telavox-Logo-RGB-Green-scaled.png","width":2560,"height":432,"caption":"Telavox"},"image":{"@id":"https:\/\/telavox.be\/nl\/#\/schema\/logo\/image\/"},"sameAs":["https:\/\/www.facebook.com\/telavox\/","https:\/\/x.com\/telavox","https:\/\/www.linkedin.com\/company\/telavox\/","https:\/\/www.instagram.com\/telavox\/","https:\/\/www.youtube.com\/channel\/UCQqir-waeD7753eHPZtcKmg"],"telephone":"020100000","legalName":"Telavox AB","vatID":"SE556600778601","numberOfEmployees":{"@type":"QuantitativeValue","minValue":"201","maxValue":"500"}}]}},"_links":{"self":[{"href":"https:\/\/telavox.be\/nl\/wp-json\/wp\/v2\/pages\/19640","targetHints":{"allow":["GET"]}}],"collection":[{"href":"https:\/\/telavox.be\/nl\/wp-json\/wp\/v2\/pages"}],"about":[{"href":"https:\/\/telavox.be\/nl\/wp-json\/wp\/v2\/types\/page"}],"author":[{"embeddable":true,"href":"https:\/\/telavox.be\/nl\/wp-json\/wp\/v2\/users\/4"}],"replies":[{"embeddable":true,"href":"https:\/\/telavox.be\/nl\/wp-json\/wp\/v2\/comments?post=19640"}],"version-history":[{"count":14,"href":"https:\/\/telavox.be\/nl\/wp-json\/wp\/v2\/pages\/19640\/revisions"}],"predecessor-version":[{"id":22226,"href":"https:\/\/telavox.be\/nl\/wp-json\/wp\/v2\/pages\/19640\/revisions\/22226"}],"wp:attachment":[{"href":"https:\/\/telavox.be\/nl\/wp-json\/wp\/v2\/media?parent=19640"}],"curies":[{"name":"wp","href":"https:\/\/api.w.org\/{rel}","templated":true}]}}