
{"id":19730,"date":"2024-10-24T09:27:07","date_gmt":"2024-10-24T07:27:07","guid":{"rendered":"https:\/\/telavox.be\/contact-partner\/"},"modified":"2024-12-17T11:52:39","modified_gmt":"2024-12-17T10:52:39","slug":"contact-partner","status":"publish","type":"page","link":"https:\/\/telavox.be\/nl\/contact-partner\/","title":{"rendered":"Contact &#8211; Partner"},"content":{"rendered":"\t\t<div data-elementor-type=\"wp-page\" data-elementor-id=\"19730\" class=\"elementor elementor-19730 elementor-6336\" data-elementor-post-type=\"page\">\n\t\t\t\t<div class=\"elementor-element elementor-element-9ec608c e-flex e-con-boxed e-con e-parent\" data-id=\"9ec608c\" data-element_type=\"container\" data-e-type=\"container\" data-settings=\"{&quot;background_background&quot;:&quot;gradient&quot;}\">\n\t\t\t\t\t<div class=\"e-con-inner\">\n\t\t<div class=\"elementor-element elementor-element-199037a e-flex e-con-boxed e-con e-child\" data-id=\"199037a\" data-element_type=\"container\" data-e-type=\"container\" data-settings=\"{&quot;background_background&quot;:&quot;classic&quot;}\">\n\t\t\t\t\t<div class=\"e-con-inner\">\n\t\t<div class=\"elementor-element elementor-element-b96ca67 e-con-full e-flex e-con e-child\" data-id=\"b96ca67\" data-element_type=\"container\" data-e-type=\"container\" data-settings=\"{&quot;background_background&quot;:&quot;classic&quot;}\">\n\t\t\t\t<div class=\"elementor-element elementor-element-c60bb0c elementor-widget elementor-widget-image\" data-id=\"c60bb0c\" data-element_type=\"widget\" data-e-type=\"widget\" data-widget_type=\"image.default\">\n\t\t\t\t<div class=\"elementor-widget-container\">\n\t\t\t\t\t\t\t\t\t\t\t\t\t\t\t<img fetchpriority=\"high\" decoding=\"async\" width=\"484\" height=\"1024\" src=\"https:\/\/telavox.be\/wp-content\/uploads\/2024\/11\/Bli-en-del-av-vart-partnernatverk-484x1024.webp\" class=\"attachment-large size-large wp-image-19731\" alt=\"\" srcset=\"https:\/\/telavox.be\/wp-content\/uploads\/2024\/11\/Bli-en-del-av-vart-partnernatverk-484x1024.webp 484w, https:\/\/telavox.be\/wp-content\/uploads\/2024\/11\/Bli-en-del-av-vart-partnernatverk-142x300.webp 142w, https:\/\/telavox.be\/wp-content\/uploads\/2024\/11\/Bli-en-del-av-vart-partnernatverk.webp 510w\" sizes=\"(max-width: 484px) 100vw, 484px\" \/>\t\t\t\t\t\t\t\t\t\t\t\t\t\t\t<\/div>\n\t\t\t\t<\/div>\n\t\t\t\t<\/div>\n\t\t<div class=\"elementor-element elementor-element-6671f83 e-con-full e-flex e-con e-child\" data-id=\"6671f83\" data-element_type=\"container\" data-e-type=\"container\">\n\t\t\t\t<div class=\"elementor-element elementor-element-0491314 elementor-widget elementor-widget-heading\" data-id=\"0491314\" data-element_type=\"widget\" data-e-type=\"widget\" data-widget_type=\"heading.default\">\n\t\t\t\t<div class=\"elementor-widget-container\">\n\t\t\t\t\t<h1 class=\"elementor-heading-title elementor-size-default\">Word lid van ons Partnernetwerk<\/h1>\t\t\t\t<\/div>\n\t\t\t\t<\/div>\n\t\t\t\t<div class=\"elementor-element elementor-element-6ec9a41 elementor-widget elementor-widget-text-editor\" data-id=\"6ec9a41\" data-element_type=\"widget\" data-e-type=\"widget\" data-widget_type=\"text-editor.default\">\n\t\t\t\t<div class=\"elementor-widget-container\">\n\t\t\t\t\t\t\t\t\t<p>Bied uw klanten de beste zakelijke telefonie op de markt en krijg toegang tot innovatieve, schaalbare diensten die u helpen uw bedrijf te laten groeien.<\/p>\t\t\t\t\t\t\t\t<\/div>\n\t\t\t\t<\/div>\n\t\t\t\t<div class=\"elementor-element elementor-element-285b73a elementor-button-align-stretch elementor-widget elementor-widget-form\" data-id=\"285b73a\" data-element_type=\"widget\" data-e-type=\"widget\" data-settings=\"{&quot;step_next_label&quot;:&quot;Volgende&quot;,&quot;step_previous_label&quot;:&quot;Vorige pagina&quot;,&quot;step_type&quot;:&quot;none&quot;,&quot;button_width&quot;:&quot;100&quot;,&quot;step_icon_shape&quot;:&quot;circle&quot;}\" data-widget_type=\"form.default\">\n\t\t\t\t<div class=\"elementor-widget-container\">\n\t\t\t\t\t\t\t<form class=\"elementor-form\" method=\"post\" id=\"contact_partner_benl\" name=\"contact_partner_voorr\" aria-label=\"contact_partner_voorr\">\n\t\t\t<input type=\"hidden\" name=\"post_id\" value=\"19730\"\/>\n\t\t\t<input type=\"hidden\" name=\"form_id\" value=\"285b73a\"\/>\n\t\t\t<input type=\"hidden\" name=\"referer_title\" value=\"Telavox| Word Partner\" \/>\n\n\t\t\t\t\t\t\t<input type=\"hidden\" name=\"queried_id\" value=\"19730\"\/>\n\t\t\t\n\t\t\t<div class=\"elementor-form-fields-wrapper elementor-labels-above\">\n\t\t\t\t\t\t\t\t<div class=\"elementor-field-type-step elementor-field-group elementor-column elementor-field-group-field_ae69ff4 elementor-col-100\">\n\t\t\t\t\t\t\t<div class=\"e-field-step elementor-hidden\" data-label=\"\" data-previousButton=\"\" data-nextButton=\"\" data-iconUrl=\"\" data-iconLibrary=\"fas fa-star\" data-icon=\"&lt;svg class=&quot;e-font-icon-svg e-fas-star&quot; viewBox=&quot;0 0 576 512&quot; xmlns=&quot;http:\/\/www.w3.org\/2000\/svg&quot;&gt;&lt;path d=&quot;M259.3 17.8L194 150.2 47.9 171.5c-26.2 3.8-36.7 36.1-17.7 54.6l105.7 103-25 145.5c-4.5 26.3 23.2 46 46.4 33.7L288 439.6l130.7 68.7c23.2 12.2 50.9-7.4 46.4-33.7l-25-145.5 105.7-103c19-18.5 8.5-50.8-17.7-54.6L382 150.2 316.7 17.8c-11.7-23.6-45.6-23.9-57.4 0z&quot;&gt;&lt;\/path&gt;&lt;\/svg&gt;\" ><\/div>\n\n\t\t\t\t\t\t<\/div>\n\t\t\t\t\t\t\t\t<div class=\"elementor-field-type-text elementor-field-group elementor-column elementor-field-group-company elementor-col-50 elementor-field-required elementor-mark-required\">\n\t\t\t\t\t\t\t\t\t\t\t\t<label for=\"form-field-company\" class=\"elementor-field-label\">\n\t\t\t\t\t\t\t\tBedrijf\t\t\t\t\t\t\t<\/label>\n\t\t\t\t\t\t\t\t\t\t\t\t\t\t<input size=\"1\" type=\"text\" name=\"form_fields[company]\" id=\"form-field-company\" class=\"elementor-field elementor-size-sm  elementor-field-textual\" placeholder=\"Bedrijf\" required=\"required\">\n\t\t\t\t\t\t\t\t\t\t\t<\/div>\n\t\t\t\t\t\t\t\t<div class=\"elementor-field-type-text elementor-field-group elementor-column elementor-field-group-number_of_employees elementor-col-50 elementor-field-required elementor-mark-required\">\n\t\t\t\t\t\t\t\t\t\t\t\t<label for=\"form-field-number_of_employees\" class=\"elementor-field-label\">\n\t\t\t\t\t\t\t\tAantal werknemers\t\t\t\t\t\t\t<\/label>\n\t\t\t\t\t\t\t\t\t\t\t\t\t\t<input size=\"1\" type=\"text\" name=\"form_fields[number_of_employees]\" id=\"form-field-number_of_employees\" class=\"elementor-field elementor-size-sm  elementor-field-textual\" placeholder=\"20\" required=\"required\">\n\t\t\t\t\t\t\t\t\t\t\t<\/div>\n\t\t\t\t\t\t\t\t<div class=\"elementor-field-type-text elementor-field-group elementor-column elementor-field-group-city elementor-col-50 elementor-field-required elementor-mark-required\">\n\t\t\t\t\t\t\t\t\t\t\t\t<label for=\"form-field-city\" class=\"elementor-field-label\">\n\t\t\t\t\t\t\t\tStad\t\t\t\t\t\t\t<\/label>\n\t\t\t\t\t\t\t\t\t\t\t\t\t\t<input size=\"1\" type=\"text\" name=\"form_fields[city]\" id=\"form-field-city\" class=\"elementor-field elementor-size-sm  elementor-field-textual\" placeholder=\"Stad\" required=\"required\">\n\t\t\t\t\t\t\t\t\t\t\t<\/div>\n\t\t\t\t\t\t\t\t<div class=\"elementor-field-type-text elementor-field-group elementor-column elementor-field-group-zip elementor-col-50 elementor-field-required elementor-mark-required\">\n\t\t\t\t\t\t\t\t\t\t\t\t<label for=\"form-field-zip\" class=\"elementor-field-label\">\n\t\t\t\t\t\t\t\tPostcode\t\t\t\t\t\t\t<\/label>\n\t\t\t\t\t\t\t\t\t\t\t\t\t\t<input size=\"1\" type=\"text\" name=\"form_fields[zip]\" id=\"form-field-zip\" class=\"elementor-field elementor-size-sm  elementor-field-textual\" placeholder=\"Postcode\" required=\"required\">\n\t\t\t\t\t\t\t\t\t\t\t<\/div>\n\t\t\t\t\t\t\t\t<div class=\"elementor-field-type-textarea elementor-field-group elementor-column elementor-field-group-message elementor-col-100\">\n\t\t\t\t\t\t\t\t\t\t\t\t<label for=\"form-field-message\" class=\"elementor-field-label\">\n\t\t\t\t\t\t\t\tHoe kunnen we je helpen?\t\t\t\t\t\t\t<\/label>\n\t\t\t\t\t\t<textarea class=\"elementor-field-textual elementor-field  elementor-size-sm\" name=\"form_fields[message]\" id=\"form-field-message\" rows=\"4\" placeholder=\"Beschrijf kort je zaak\"><\/textarea>\t\t\t\t<\/div>\n\t\t\t\t\t\t\t\t<div class=\"elementor-field-type-step elementor-field-group elementor-column elementor-field-group-field_1523ced elementor-col-100\">\n\t\t\t\t\t\t\t<div class=\"e-field-step elementor-hidden\" data-label=\"Stadium\" data-previousButton=\"Terug naar het begin van de pagina\" data-nextButton=\"Volgende\" data-iconUrl=\"\" data-iconLibrary=\"fas fa-star\" data-icon=\"&lt;svg class=&quot;e-font-icon-svg e-fas-star&quot; viewBox=&quot;0 0 576 512&quot; xmlns=&quot;http:\/\/www.w3.org\/2000\/svg&quot;&gt;&lt;path d=&quot;M259.3 17.8L194 150.2 47.9 171.5c-26.2 3.8-36.7 36.1-17.7 54.6l105.7 103-25 145.5c-4.5 26.3 23.2 46 46.4 33.7L288 439.6l130.7 68.7c23.2 12.2 50.9-7.4 46.4-33.7l-25-145.5 105.7-103c19-18.5 8.5-50.8-17.7-54.6L382 150.2 316.7 17.8c-11.7-23.6-45.6-23.9-57.4 0z&quot;&gt;&lt;\/path&gt;&lt;\/svg&gt;\" ><\/div>\n\n\t\t\t\t\t\t<\/div>\n\t\t\t\t\t\t\t\t<div class=\"elementor-field-type-text elementor-field-group elementor-column elementor-field-group-lastname elementor-col-50 elementor-field-required elementor-mark-required\">\n\t\t\t\t\t\t\t\t\t\t\t\t<label for=\"form-field-lastname\" class=\"elementor-field-label\">\n\t\t\t\t\t\t\t\tNaam\t\t\t\t\t\t\t<\/label>\n\t\t\t\t\t\t\t\t\t\t\t\t\t\t<input size=\"1\" type=\"text\" name=\"form_fields[lastname]\" id=\"form-field-lastname\" class=\"elementor-field elementor-size-sm  elementor-field-textual\" placeholder=\"Naam\" required=\"required\">\n\t\t\t\t\t\t\t\t\t\t\t<\/div>\n\t\t\t\t\t\t\t\t<div class=\"elementor-field-type-text elementor-field-group elementor-column elementor-field-group-name elementor-col-50 elementor-field-required elementor-mark-required\">\n\t\t\t\t\t\t\t\t\t\t\t\t<label for=\"form-field-name\" class=\"elementor-field-label\">\n\t\t\t\t\t\t\t\tVoornaam\t\t\t\t\t\t\t<\/label>\n\t\t\t\t\t\t\t\t\t\t\t\t\t\t<input size=\"1\" type=\"text\" name=\"form_fields[name]\" id=\"form-field-name\" class=\"elementor-field elementor-size-sm  elementor-field-textual\" placeholder=\"Voornaam\" required=\"required\">\n\t\t\t\t\t\t\t\t\t\t\t<\/div>\n\t\t\t\t\t\t\t\t<div class=\"elementor-field-type-email elementor-field-group elementor-column elementor-field-group-email elementor-col-50 elementor-field-required elementor-mark-required\">\n\t\t\t\t\t\t\t\t\t\t\t\t<label for=\"form-field-email\" class=\"elementor-field-label\">\n\t\t\t\t\t\t\t\tE-mail\t\t\t\t\t\t\t<\/label>\n\t\t\t\t\t\t\t\t\t\t\t\t\t\t<input size=\"1\" type=\"email\" name=\"form_fields[email]\" id=\"form-field-email\" class=\"elementor-field elementor-size-sm  elementor-field-textual\" placeholder=\"you@company.com\" required=\"required\">\n\t\t\t\t\t\t\t\t\t\t\t<\/div>\n\t\t\t\t\t\t\t\t<div class=\"elementor-field-type-tel elementor-field-group elementor-column elementor-field-group-phone elementor-col-50 elementor-field-required elementor-mark-required\">\n\t\t\t\t\t\t\t\t\t\t\t\t<label for=\"form-field-phone\" class=\"elementor-field-label\">\n\t\t\t\t\t\t\t\tTelefoonnummer\t\t\t\t\t\t\t<\/label>\n\t\t\t\t\t\t\t\t<input size=\"1\" type=\"tel\" name=\"form_fields[phone]\" id=\"form-field-phone\" class=\"elementor-field elementor-size-sm  elementor-field-textual\" placeholder=\"+32 2 222 222\" required=\"required\" pattern=\"[0-9()#&amp;+*-=.]+\" title=\"Alleen nummers en telefoontekens (#, -, *, enz.) worden geaccepteerd.\">\n\n\t\t\t\t\t\t<\/div>\n\t\t\t\t\t\t\t\t<div class=\"elementor-field-type-acceptance elementor-field-group elementor-column elementor-field-group-privacy_policy_checkbox elementor-col-100 elementor-field-required elementor-mark-required\">\n\t\t\t\t\t\t\t\t\t\t\t\t<label for=\"form-field-privacy_policy_checkbox\" class=\"elementor-field-label\">\n\t\t\t\t\t\t\t\tIk heb het <a href=\"https:\/\/www.telavox.com\/legal-information\/privacy-policy\/\"> privacybeleid<\/a> van Telavox gelezen <a href=\"https:\/\/www.telavox.com\/legal-information\/privacy-policy\/\">.<\/a> Ik ga ermee akkoord dat Telavox mijn persoonlijke gegevens opslaat en verwerkt en dat Telavox contact met mij opneemt.\t\t\t\t\t\t\t<\/label>\n\t\t\t\t\t\t\t\t<div class=\"elementor-field-subgroup\">\n\t\t\t<span class=\"elementor-field-option\">\n\t\t\t\t<input type=\"checkbox\" name=\"form_fields[privacy_policy_checkbox]\" id=\"form-field-privacy_policy_checkbox\" class=\"elementor-field elementor-size-sm  elementor-acceptance-field\" required=\"required\">\n\t\t\t\t\t\t\t<\/span>\n\t\t<\/div>\n\t\t\t\t\t\t<\/div>\n\t\t\t\t\t\t\t\t<div class=\"elementor-field-group elementor-column elementor-field-type-submit elementor-col-100 e-form__buttons\">\n\t\t\t\t\t<button class=\"elementor-button elementor-size-sm\" type=\"submit\">\n\t\t\t\t\t\t<span class=\"elementor-button-content-wrapper\">\n\t\t\t\t\t\t\t\t\t\t\t\t\t\t\t\t\t\t\t\t\t\t<span class=\"elementor-button-text\">Stuur<\/span>\n\t\t\t\t\t\t\t\t\t\t\t\t\t<\/span>\n\t\t\t\t\t<\/button>\n\t\t\t\t<\/div>\n\t\t\t<\/div>\n\t\t<\/form>\n\t\t\t\t\t\t<\/div>\n\t\t\t\t<\/div>\n\t\t\t\t<\/div>\n\t\t\t\t\t<\/div>\n\t\t\t\t<\/div>\n\t\t\t\t\t<\/div>\n\t\t\t\t<\/div>\n\t\t\t\t<\/div>\n\t\t","protected":false},"excerpt":{"rendered":"<p>Word lid van ons Partnernetwerk Bied uw klanten de beste zakelijke telefonie op de markt en krijg toegang tot innovatieve, schaalbare diensten die u helpen uw bedrijf te laten groeien.<\/p>\n","protected":false},"author":3,"featured_media":0,"parent":0,"menu_order":0,"comment_status":"closed","ping_status":"closed","template":"elementor_header_footer","meta":{"_acf_changed":false,"content-type":"","inline_featured_image":false,"footnotes":""},"class_list":["post-19730","page","type-page","status-publish","hentry"],"acf":[],"yoast_head":"<!-- This site is optimized with the Yoast SEO Premium plugin v23.8 (Yoast SEO v27.0) - https:\/\/yoast.com\/product\/yoast-seo-premium-wordpress\/ -->\n<title>Telavox| Word Partner<\/title>\n<meta name=\"description\" content=\"Neem contact met ons op en zet de volgende stap naar succes. Ontvang toegang tot bedrijfstelefonie die uw bedrijf zal helpen groeien.\" \/>\n<meta name=\"robots\" content=\"index, follow, max-snippet:-1, max-image-preview:large, max-video-preview:-1\" \/>\n<link rel=\"canonical\" href=\"https:\/\/telavox.be\/nl\/contact-partner\/\" \/>\n<meta property=\"og:locale\" content=\"nl_NL\" \/>\n<meta property=\"og:type\" content=\"article\" \/>\n<meta property=\"og:title\" content=\"Contact - Partner | Telavox | Mobiloperat\u00f6r bara f\u00f6r f\u00f6retag\" \/>\n<meta property=\"og:description\" content=\"Neem contact met ons op en zet de volgende stap naar succes. Ontvang toegang tot bedrijfstelefonie die uw bedrijf zal helpen groeien.\" \/>\n<meta property=\"og:url\" content=\"https:\/\/telavox.be\/nl\/contact-partner\/\" \/>\n<meta property=\"og:site_name\" content=\"Telavox\" \/>\n<meta property=\"article:publisher\" content=\"https:\/\/www.facebook.com\/telavox\/\" \/>\n<meta property=\"article:modified_time\" content=\"2024-12-17T10:52:39+00:00\" \/>\n<meta property=\"og:image\" content=\"https:\/\/telavox.be\/wp-content\/uploads\/2024\/11\/Bli-en-del-av-vart-partnernatverk.webp\" \/>\n\t<meta property=\"og:image:width\" content=\"510\" \/>\n\t<meta property=\"og:image:height\" content=\"1080\" \/>\n\t<meta property=\"og:image:type\" content=\"image\/webp\" \/>\n<meta name=\"twitter:card\" content=\"summary_large_image\" \/>\n<meta name=\"twitter:site\" content=\"@telavox\" \/>\n<meta name=\"twitter:label1\" content=\"Geschatte leestijd\" \/>\n\t<meta name=\"twitter:data1\" content=\"1 minuut\" \/>\n<script type=\"application\/ld+json\" class=\"yoast-schema-graph\">{\"@context\":\"https:\/\/schema.org\",\"@graph\":[{\"@type\":\"WebPage\",\"@id\":\"https:\/\/telavox.be\/nl\/contact-partner\/\",\"url\":\"https:\/\/telavox.be\/nl\/contact-partner\/\",\"name\":\"Telavox| Word Partner\",\"isPartOf\":{\"@id\":\"https:\/\/telavox.be\/nl\/#website\"},\"primaryImageOfPage\":{\"@id\":\"https:\/\/telavox.be\/nl\/contact-partner\/#primaryimage\"},\"image\":{\"@id\":\"https:\/\/telavox.be\/nl\/contact-partner\/#primaryimage\"},\"thumbnailUrl\":\"https:\/\/telavox.be\/wp-content\/uploads\/2024\/11\/Bli-en-del-av-vart-partnernatverk-484x1024.webp\",\"datePublished\":\"2024-10-24T07:27:07+00:00\",\"dateModified\":\"2024-12-17T10:52:39+00:00\",\"description\":\"Neem contact met ons op en zet de volgende stap naar succes. Ontvang toegang tot bedrijfstelefonie die uw bedrijf zal helpen groeien.\",\"breadcrumb\":{\"@id\":\"https:\/\/telavox.be\/nl\/contact-partner\/#breadcrumb\"},\"inLanguage\":\"nl-NL\",\"potentialAction\":[{\"@type\":\"ReadAction\",\"target\":[\"https:\/\/telavox.be\/nl\/contact-partner\/\"]}]},{\"@type\":\"ImageObject\",\"inLanguage\":\"nl-NL\",\"@id\":\"https:\/\/telavox.be\/nl\/contact-partner\/#primaryimage\",\"url\":\"https:\/\/telavox.be\/wp-content\/uploads\/2024\/11\/Bli-en-del-av-vart-partnernatverk-484x1024.webp\",\"contentUrl\":\"https:\/\/telavox.be\/wp-content\/uploads\/2024\/11\/Bli-en-del-av-vart-partnernatverk-484x1024.webp\"},{\"@type\":\"BreadcrumbList\",\"@id\":\"https:\/\/telavox.be\/nl\/contact-partner\/#breadcrumb\",\"itemListElement\":[{\"@type\":\"ListItem\",\"position\":1,\"name\":\"Home\",\"item\":\"https:\/\/telavox.be\/nl\/startpagina-2\/\"},{\"@type\":\"ListItem\",\"position\":2,\"name\":\"Contact &#8211; Partner\"}]},{\"@type\":\"WebSite\",\"@id\":\"https:\/\/telavox.be\/nl\/#website\",\"url\":\"https:\/\/telavox.be\/nl\/\",\"name\":\"Telavox\",\"description\":\"Telavox | F\u00f6retagstelefoni, v\u00e4xel och \u00e4rendehantering integrerat med dina favoritsystem\",\"publisher\":{\"@id\":\"https:\/\/telavox.be\/nl\/#organization\"},\"potentialAction\":[{\"@type\":\"SearchAction\",\"target\":{\"@type\":\"EntryPoint\",\"urlTemplate\":\"https:\/\/telavox.be\/nl\/?s={search_term_string}\"},\"query-input\":{\"@type\":\"PropertyValueSpecification\",\"valueRequired\":true,\"valueName\":\"search_term_string\"}}],\"inLanguage\":\"nl-NL\"},{\"@type\":\"Organization\",\"@id\":\"https:\/\/telavox.be\/nl\/#organization\",\"name\":\"Telavox\",\"url\":\"https:\/\/telavox.be\/nl\/\",\"logo\":{\"@type\":\"ImageObject\",\"inLanguage\":\"nl-NL\",\"@id\":\"https:\/\/telavox.be\/nl\/#\/schema\/logo\/image\/\",\"url\":\"https:\/\/telavox.be\/wp-content\/uploads\/2026\/03\/Telavox-Logo-RGB-Green-scaled.png\",\"contentUrl\":\"https:\/\/telavox.be\/wp-content\/uploads\/2026\/03\/Telavox-Logo-RGB-Green-scaled.png\",\"width\":2560,\"height\":432,\"caption\":\"Telavox\"},\"image\":{\"@id\":\"https:\/\/telavox.be\/nl\/#\/schema\/logo\/image\/\"},\"sameAs\":[\"https:\/\/www.facebook.com\/telavox\/\",\"https:\/\/x.com\/telavox\",\"https:\/\/www.linkedin.com\/company\/telavox\/\",\"https:\/\/www.instagram.com\/telavox\/\",\"https:\/\/www.youtube.com\/channel\/UCQqir-waeD7753eHPZtcKmg\"],\"telephone\":\"020100000\",\"legalName\":\"Telavox AB\",\"vatID\":\"SE556600778601\",\"numberOfEmployees\":{\"@type\":\"QuantitativeValue\",\"minValue\":\"201\",\"maxValue\":\"500\"}}]}<\/script>\n<!-- \/ Yoast SEO Premium plugin. -->","yoast_head_json":{"title":"Telavox| Word Partner","description":"Neem contact met ons op en zet de volgende stap naar succes. Ontvang toegang tot bedrijfstelefonie die uw bedrijf zal helpen groeien.","robots":{"index":"index","follow":"follow","max-snippet":"max-snippet:-1","max-image-preview":"max-image-preview:large","max-video-preview":"max-video-preview:-1"},"canonical":"https:\/\/telavox.be\/nl\/contact-partner\/","og_locale":"nl_NL","og_type":"article","og_title":"Contact - Partner | Telavox | Mobiloperat\u00f6r bara f\u00f6r f\u00f6retag","og_description":"Neem contact met ons op en zet de volgende stap naar succes. Ontvang toegang tot bedrijfstelefonie die uw bedrijf zal helpen groeien.","og_url":"https:\/\/telavox.be\/nl\/contact-partner\/","og_site_name":"Telavox","article_publisher":"https:\/\/www.facebook.com\/telavox\/","article_modified_time":"2024-12-17T10:52:39+00:00","og_image":[{"width":510,"height":1080,"url":"https:\/\/telavox.be\/wp-content\/uploads\/2024\/11\/Bli-en-del-av-vart-partnernatverk.webp","type":"image\/webp"}],"twitter_card":"summary_large_image","twitter_site":"@telavox","twitter_misc":{"Geschatte leestijd":"1 minuut"},"schema":{"@context":"https:\/\/schema.org","@graph":[{"@type":"WebPage","@id":"https:\/\/telavox.be\/nl\/contact-partner\/","url":"https:\/\/telavox.be\/nl\/contact-partner\/","name":"Telavox| Word Partner","isPartOf":{"@id":"https:\/\/telavox.be\/nl\/#website"},"primaryImageOfPage":{"@id":"https:\/\/telavox.be\/nl\/contact-partner\/#primaryimage"},"image":{"@id":"https:\/\/telavox.be\/nl\/contact-partner\/#primaryimage"},"thumbnailUrl":"https:\/\/telavox.be\/wp-content\/uploads\/2024\/11\/Bli-en-del-av-vart-partnernatverk-484x1024.webp","datePublished":"2024-10-24T07:27:07+00:00","dateModified":"2024-12-17T10:52:39+00:00","description":"Neem contact met ons op en zet de volgende stap naar succes. Ontvang toegang tot bedrijfstelefonie die uw bedrijf zal helpen groeien.","breadcrumb":{"@id":"https:\/\/telavox.be\/nl\/contact-partner\/#breadcrumb"},"inLanguage":"nl-NL","potentialAction":[{"@type":"ReadAction","target":["https:\/\/telavox.be\/nl\/contact-partner\/"]}]},{"@type":"ImageObject","inLanguage":"nl-NL","@id":"https:\/\/telavox.be\/nl\/contact-partner\/#primaryimage","url":"https:\/\/telavox.be\/wp-content\/uploads\/2024\/11\/Bli-en-del-av-vart-partnernatverk-484x1024.webp","contentUrl":"https:\/\/telavox.be\/wp-content\/uploads\/2024\/11\/Bli-en-del-av-vart-partnernatverk-484x1024.webp"},{"@type":"BreadcrumbList","@id":"https:\/\/telavox.be\/nl\/contact-partner\/#breadcrumb","itemListElement":[{"@type":"ListItem","position":1,"name":"Home","item":"https:\/\/telavox.be\/nl\/startpagina-2\/"},{"@type":"ListItem","position":2,"name":"Contact &#8211; Partner"}]},{"@type":"WebSite","@id":"https:\/\/telavox.be\/nl\/#website","url":"https:\/\/telavox.be\/nl\/","name":"Telavox","description":"Telavox | F\u00f6retagstelefoni, v\u00e4xel och \u00e4rendehantering integrerat med dina favoritsystem","publisher":{"@id":"https:\/\/telavox.be\/nl\/#organization"},"potentialAction":[{"@type":"SearchAction","target":{"@type":"EntryPoint","urlTemplate":"https:\/\/telavox.be\/nl\/?s={search_term_string}"},"query-input":{"@type":"PropertyValueSpecification","valueRequired":true,"valueName":"search_term_string"}}],"inLanguage":"nl-NL"},{"@type":"Organization","@id":"https:\/\/telavox.be\/nl\/#organization","name":"Telavox","url":"https:\/\/telavox.be\/nl\/","logo":{"@type":"ImageObject","inLanguage":"nl-NL","@id":"https:\/\/telavox.be\/nl\/#\/schema\/logo\/image\/","url":"https:\/\/telavox.be\/wp-content\/uploads\/2026\/03\/Telavox-Logo-RGB-Green-scaled.png","contentUrl":"https:\/\/telavox.be\/wp-content\/uploads\/2026\/03\/Telavox-Logo-RGB-Green-scaled.png","width":2560,"height":432,"caption":"Telavox"},"image":{"@id":"https:\/\/telavox.be\/nl\/#\/schema\/logo\/image\/"},"sameAs":["https:\/\/www.facebook.com\/telavox\/","https:\/\/x.com\/telavox","https:\/\/www.linkedin.com\/company\/telavox\/","https:\/\/www.instagram.com\/telavox\/","https:\/\/www.youtube.com\/channel\/UCQqir-waeD7753eHPZtcKmg"],"telephone":"020100000","legalName":"Telavox AB","vatID":"SE556600778601","numberOfEmployees":{"@type":"QuantitativeValue","minValue":"201","maxValue":"500"}}]}},"_links":{"self":[{"href":"https:\/\/telavox.be\/nl\/wp-json\/wp\/v2\/pages\/19730","targetHints":{"allow":["GET"]}}],"collection":[{"href":"https:\/\/telavox.be\/nl\/wp-json\/wp\/v2\/pages"}],"about":[{"href":"https:\/\/telavox.be\/nl\/wp-json\/wp\/v2\/types\/page"}],"author":[{"embeddable":true,"href":"https:\/\/telavox.be\/nl\/wp-json\/wp\/v2\/users\/3"}],"replies":[{"embeddable":true,"href":"https:\/\/telavox.be\/nl\/wp-json\/wp\/v2\/comments?post=19730"}],"version-history":[{"count":20,"href":"https:\/\/telavox.be\/nl\/wp-json\/wp\/v2\/pages\/19730\/revisions"}],"predecessor-version":[{"id":22844,"href":"https:\/\/telavox.be\/nl\/wp-json\/wp\/v2\/pages\/19730\/revisions\/22844"}],"wp:attachment":[{"href":"https:\/\/telavox.be\/nl\/wp-json\/wp\/v2\/media?parent=19730"}],"curies":[{"name":"wp","href":"https:\/\/api.w.org\/{rel}","templated":true}]}}