
{"id":19746,"date":"2024-10-30T09:37:42","date_gmt":"2024-10-30T08:37:42","guid":{"rendered":"https:\/\/telavox.be\/toegang-tot-het-telavox-beheerportaal\/"},"modified":"2024-11-25T15:12:31","modified_gmt":"2024-11-25T14:12:31","slug":"toegang-tot-het-telavox-beheerportaal","status":"publish","type":"page","link":"https:\/\/telavox.be\/nl\/juridische-informatie\/toegang-tot-het-telavox-beheerportaal\/","title":{"rendered":"Toegang tot het Telavox-beheerportaal"},"content":{"rendered":"\t\t<div data-elementor-type=\"wp-page\" data-elementor-id=\"19746\" class=\"elementor elementor-19746 elementor-8109\" data-elementor-post-type=\"page\">\n\t\t\t\t<div class=\"elementor-element elementor-element-2f626bb e-flex e-con-boxed e-con e-parent\" data-id=\"2f626bb\" data-element_type=\"container\" data-e-type=\"container\">\n\t\t\t\t\t<div class=\"e-con-inner\">\n\t\t<div class=\"elementor-element elementor-element-1b95c52 e-con-full e-flex e-con e-child\" data-id=\"1b95c52\" data-element_type=\"container\" data-e-type=\"container\">\n\t\t\t\t<div class=\"elementor-element elementor-element-1272ff8 elementor-widget elementor-widget-breadcrumbs\" data-id=\"1272ff8\" data-element_type=\"widget\" data-e-type=\"widget\" data-widget_type=\"breadcrumbs.default\">\n\t\t\t\t<div class=\"elementor-widget-container\">\n\t\t\t\t\t<p id=\"breadcrumbs\"><span><span><a href=\"https:\/\/telavox.be\/nl\/startpagina-2\/\">Home<\/a><\/span><\/span><\/p>\t\t\t\t<\/div>\n\t\t\t\t<\/div>\n\t\t\t\t<\/div>\n\t\t\t\t\t<\/div>\n\t\t\t\t<\/div>\n\t\t<div class=\"elementor-element elementor-element-3dd4bda e-flex e-con-boxed e-con e-parent\" data-id=\"3dd4bda\" data-element_type=\"container\" data-e-type=\"container\">\n\t\t\t\t\t<div class=\"e-con-inner\">\n\t\t<div class=\"elementor-element elementor-element-a0631fe e-con-full e-flex e-con e-child\" data-id=\"a0631fe\" data-element_type=\"container\" data-e-type=\"container\">\n\t\t<div class=\"elementor-element elementor-element-34610d9 e-con-full progress-bar-table-content e-flex e-con e-child\" data-id=\"34610d9\" data-element_type=\"container\" data-e-type=\"container\" data-settings=\"{&quot;sticky&quot;:&quot;top&quot;,&quot;sticky_on&quot;:[&quot;desktop&quot;,&quot;tablet&quot;],&quot;sticky_offset&quot;:168,&quot;sticky_parent&quot;:&quot;yes&quot;,&quot;sticky_effects_offset&quot;:0,&quot;sticky_anchor_link_offset&quot;:0}\">\n\t\t\t\t<div class=\"elementor-element elementor-element-2c19534 no-header-table-of-content elementor-widget elementor-widget-table-of-contents\" data-id=\"2c19534\" data-element_type=\"widget\" data-e-type=\"widget\" data-settings=\"{&quot;headings_by_tags&quot;:[&quot;h2&quot;],&quot;exclude_headings_by_selector&quot;:[],&quot;container&quot;:&quot;.content&quot;,&quot;marker_view&quot;:&quot;bullets&quot;,&quot;icon&quot;:{&quot;value&quot;:&quot;&quot;,&quot;library&quot;:&quot;&quot;},&quot;no_headings_message&quot;:&quot;Inga rubriker hittades p\\u00e5 denna sida.&quot;,&quot;hierarchical_view&quot;:&quot;yes&quot;,&quot;min_height&quot;:{&quot;unit&quot;:&quot;px&quot;,&quot;size&quot;:&quot;&quot;,&quot;sizes&quot;:[]},&quot;min_height_tablet&quot;:{&quot;unit&quot;:&quot;px&quot;,&quot;size&quot;:&quot;&quot;,&quot;sizes&quot;:[]},&quot;min_height_mobile&quot;:{&quot;unit&quot;:&quot;px&quot;,&quot;size&quot;:&quot;&quot;,&quot;sizes&quot;:[]}}\" data-widget_type=\"table-of-contents.default\">\n\t\t\t\t<div class=\"elementor-widget-container\">\n\t\t\t\t\t\t\t\t\t<div id=\"elementor-toc__2c19534\" class=\"elementor-toc__body\">\n\t\t\t<div class=\"elementor-toc__spinner-container\">\n\t\t\t\t<svg class=\"elementor-toc__spinner eicon-animation-spin e-font-icon-svg e-eicon-loading\" aria-hidden=\"true\" viewBox=\"0 0 1000 1000\" xmlns=\"http:\/\/www.w3.org\/2000\/svg\"><path d=\"M500 975V858C696 858 858 696 858 500S696 142 500 142 142 304 142 500H25C25 237 238 25 500 25S975 237 975 500 763 975 500 975Z\"><\/path><\/svg>\t\t\t<\/div>\n\t\t<\/div>\n\t\t\t\t\t\t<\/div>\n\t\t\t\t<\/div>\n\t\t\t\t<\/div>\n\t\t\t\t<\/div>\n\t\t<div class=\"elementor-element elementor-element-0d1e4a3 e-con-full content e-flex e-con e-child\" data-id=\"0d1e4a3\" data-element_type=\"container\" data-e-type=\"container\">\n\t\t\t\t<div class=\"elementor-element elementor-element-499d1f9 elementor-widget elementor-widget-heading\" data-id=\"499d1f9\" data-element_type=\"widget\" data-e-type=\"widget\" data-widget_type=\"heading.default\">\n\t\t\t\t<div class=\"elementor-widget-container\">\n\t\t\t\t\t<h1 class=\"elementor-heading-title elementor-size-default\">Toegang tot het Telavox-beheerportaal  <\/h1>\t\t\t\t<\/div>\n\t\t\t\t<\/div>\n\t\t\t\t<div class=\"elementor-element elementor-element-ce7fe62 elementor-widget elementor-widget-text-editor\" data-id=\"ce7fe62\" data-element_type=\"widget\" data-e-type=\"widget\" data-widget_type=\"text-editor.default\">\n\t\t\t\t<div class=\"elementor-widget-container\">\n\t\t\t\t\t\t\t\t\t<h5>Persoonlijke gegevens beheren, Telavox<\/h5>\n<p>Telavox is een krachtige communicatiedienst die is ontworpen om de klant zo autonoom mogelijk te laten zijn. De klant is de gegevensbeheerder en Telavox vervult zijn verplichtingen als gegevensbeheerder op grond van een ondertekende gegevensverwerkingsovereenkomst (Data Processing Agreement, DPA). Dit document beschrijft de functionaliteit voor gegevensbeheer die Telavox aan de eindgebruiker en beheerder biedt.  <\/p>\n\t\t\t\t\t\t\t\t<\/div>\n\t\t\t\t<\/div>\n\t\t\t\t<div class=\"elementor-element elementor-element-86aecfc elementor-widget elementor-widget-heading\" data-id=\"86aecfc\" data-element_type=\"widget\" data-e-type=\"widget\" data-widget_type=\"heading.default\">\n\t\t\t\t<div class=\"elementor-widget-container\">\n\t\t\t\t\t<h2 class=\"elementor-heading-title elementor-size-default\">Wie heeft toegang tot wat?<\/h2>\t\t\t\t<\/div>\n\t\t\t\t<\/div>\n\t\t\t\t<div class=\"elementor-element elementor-element-f7df260 elementor-widget elementor-widget-text-editor\" data-id=\"f7df260\" data-element_type=\"widget\" data-e-type=\"widget\" data-widget_type=\"text-editor.default\">\n\t\t\t\t<div class=\"elementor-widget-container\">\n\t\t\t\t\t\t\t\t\t<p>De volgende matrix beschrijft het verschil tussen een individuele gebruiker en een beheerder en de persoonlijke gegevens waartoe zij toegang hebben.<\/p>\n\t\t\t\t\t\t\t\t<\/div>\n\t\t\t\t<\/div>\n\t\t\t\t<div class=\"elementor-element elementor-element-3ac61bf elementor-widget elementor-widget-html\" data-id=\"3ac61bf\" data-element_type=\"widget\" data-e-type=\"widget\" data-widget_type=\"html.default\">\n\t\t\t\t<div class=\"elementor-widget-container\">\n\t\t\t\t\t\n<table id=\"tablepress-28\" class=\"tablepress tablepress-id-28\">\n<thead>\n<tr class=\"row-1 odd\">\n\t<th class=\"column-1\"><\/th><th class=\"column-2\">Toegang van eindgebruikers tot individuele persoonlijke gegevens<\/th><th class=\"column-3\">Toegang van beheerders tot de persoonlijke gegevens van gebruikers<\/th>\n<\/tr>\n<\/thead>\n<tbody>\n<tr class=\"row-2 even\">\n\t<td class=\"column-1\">Verwijderen\/wijzigen\/blokkeren van een licentie<\/td><td class=\"column-2\"><\/td><td class=\"column-3\">X<\/td>\n<\/tr>\n<tr class=\"row-3 odd\">\n\t<td class=\"column-1\">Wachtwoord opnieuw instellen<\/td><td class=\"column-2\">X<\/td><td class=\"column-3\"><\/td>\n<\/tr>\n<tr class=\"row-4 even\">\n\t<td class=\"column-1\">Toegang krijgen tot de PIN\/PUK-codes<\/td><td class=\"column-2\">X<\/td><td class=\"column-3\">X<\/td>\n<\/tr>\n<tr class=\"row-5 odd\">\n\t<td class=\"column-1\">Toegang krijgen tot de voicemailberichten<\/td><td class=\"column-2\">X<\/td><td class=\"column-3\"><\/td>\n<\/tr>\n<tr class=\"row-6 even\">\n\t<td class=\"column-1\">De contactgegevens wijzigen<\/td><td class=\"column-2\">X<\/td><td class=\"column-3\">X<\/td>\n<\/tr>\n<tr class=\"row-7 odd\">\n\t<td class=\"column-1\">De mobiele dataconsumptie raadplegen<\/td><td class=\"column-2\">X<\/td><td class=\"column-3\">X<\/td>\n<\/tr>\n<tr class=\"row-8 even\">\n\t<td class=\"column-1\">Het locatieverslag toevoegen\/<br \/>\nverwijderen<\/td><td class=\"column-2\">X<\/td><td class=\"column-3\">X<\/td>\n<\/tr>\n<tr class=\"row-9 odd\">\n\t<td class=\"column-1\">Toegang krijgen tot de oproepregistraties<\/td><td class=\"column-2\">X*<\/td><td class=\"column-3\">X*<\/td>\n<\/tr>\n<tr class=\"row-10 even\">\n\t<td class=\"column-1\">De chatberichten lezen<\/td><td class=\"column-2\">X<\/td><td class=\"column-3\"><\/td>\n<\/tr>\n<tr class=\"row-11 odd\">\n\t<td class=\"column-1\">Leden van de wachtrij toevoegen\/verwijderen<\/td><td class=\"column-2\"><\/td><td class=\"column-3\">X<\/td>\n<\/tr>\n<tr class=\"row-12 even\">\n\t<td class=\"column-1\">De wachtrijstatistieken raadplegen<\/td><td class=\"column-2\">X<\/td><td class=\"column-3\">X*<\/td>\n<\/tr>\n<tr class=\"row-13 odd\">\n\t<td class=\"column-1\">De oproeplijsten weergeven<\/td><td class=\"column-2\">X<\/td><td class=\"column-3\">X*<\/td>\n<\/tr>\n<\/tbody>\n<\/table>\n<!-- #tablepress-28 from cache -->\t\t\t\t<\/div>\n\t\t\t\t<\/div>\n\t\t\t\t<div class=\"elementor-element elementor-element-32f8f42 elementor-widget elementor-widget-text-editor\" data-id=\"32f8f42\" data-element_type=\"widget\" data-e-type=\"widget\" data-widget_type=\"text-editor.default\">\n\t\t\t\t<div class=\"elementor-widget-container\">\n\t\t\t\t\t\t\t\t\t<p>* Alleen mogelijk als specifieke extra functies worden aangeschaft.<\/p>\n\t\t\t\t\t\t\t\t<\/div>\n\t\t\t\t<\/div>\n\t\t\t\t<div class=\"elementor-element elementor-element-8c23b86 elementor-widget elementor-widget-heading\" data-id=\"8c23b86\" data-element_type=\"widget\" data-e-type=\"widget\" data-widget_type=\"heading.default\">\n\t\t\t\t<div class=\"elementor-widget-container\">\n\t\t\t\t\t<h2 class=\"elementor-heading-title elementor-size-default\">Wie kan directeur worden?\n<\/h2>\t\t\t\t<\/div>\n\t\t\t\t<\/div>\n\t\t\t\t<div class=\"elementor-element elementor-element-861a9b6 elementor-widget elementor-widget-text-editor\" data-id=\"861a9b6\" data-element_type=\"widget\" data-e-type=\"widget\" data-widget_type=\"text-editor.default\">\n\t\t\t\t<div class=\"elementor-widget-container\">\n\t\t\t\t\t\t\t\t\t<p>Een beheerder heeft de mogelijkheid om meerdere andere beheerders aan te stellen en kan deze direct toevoegen of verwijderen. Het is ook mogelijk dat een beheerder geen andere beheerders heeft toegewezen.<\/p>\t\t\t\t\t\t\t\t<\/div>\n\t\t\t\t<\/div>\n\t\t\t\t<div class=\"elementor-element elementor-element-9f12105 elementor-widget elementor-widget-heading\" data-id=\"9f12105\" data-element_type=\"widget\" data-e-type=\"widget\" data-widget_type=\"heading.default\">\n\t\t\t\t<div class=\"elementor-widget-container\">\n\t\t\t\t\t<h2 class=\"elementor-heading-title elementor-size-default\">Heeft u nog Vragen? <\/h2>\t\t\t\t<\/div>\n\t\t\t\t<\/div>\n\t\t\t\t<div class=\"elementor-element elementor-element-1fbfc37 elementor-widget elementor-widget-text-editor\" data-id=\"1fbfc37\" data-element_type=\"widget\" data-e-type=\"widget\" data-widget_type=\"text-editor.default\">\n\t\t\t\t<div class=\"elementor-widget-container\">\n\t\t\t\t\t\t\t\t\t<p>Indien u nog vragen heeft, kunt u contact opnemen met uw Customer Success Manager.<\/p>\t\t\t\t\t\t\t\t<\/div>\n\t\t\t\t<\/div>\n\t\t\t\t<\/div>\n\t\t\t\t\t<\/div>\n\t\t\t\t<\/div>\n\t\t\t\t<\/div>\n\t\t","protected":false},"excerpt":{"rendered":"<p>Toegang tot het Telavox-beheerportaal Persoonlijke gegevens beheren, Telavox Telavox is een krachtige communicatiedienst die is ontworpen om de klant zo autonoom mogelijk te laten zijn. De klant is de gegevensbeheerder en Telavox vervult zijn verplichtingen als gegevensbeheerder op grond van een ondertekende gegevensverwerkingsovereenkomst (Data Processing Agreement, DPA). Dit document beschrijft de functionaliteit voor gegevensbeheer die [&hellip;]<\/p>\n","protected":false},"author":3,"featured_media":0,"parent":19750,"menu_order":0,"comment_status":"closed","ping_status":"closed","template":"","meta":{"_acf_changed":false,"content-type":"","inline_featured_image":false,"footnotes":""},"class_list":["post-19746","page","type-page","status-publish","hentry"],"acf":[],"yoast_head":"<!-- This site is optimized with the Yoast SEO Premium plugin v23.8 (Yoast SEO v27.0) - https:\/\/yoast.com\/product\/yoast-seo-premium-wordpress\/ -->\n<title>Telavox| Toegang tot het Telavox-beheerportaal<\/title>\n<meta name=\"description\" content=\"Ontdek de mogelijkheden van de Telavox-beheerportal. Leer wat gebruikers en beheerders kunnen doen en hoe zij effici\u00ebnt hun taken kunnen beheren.\" \/>\n<meta name=\"robots\" content=\"index, follow, max-snippet:-1, max-image-preview:large, max-video-preview:-1\" \/>\n<link rel=\"canonical\" href=\"https:\/\/telavox.be\/nl\/juridische-informatie\/toegang-tot-het-telavox-beheerportaal\/\" \/>\n<meta property=\"og:locale\" content=\"nl_NL\" \/>\n<meta property=\"og:type\" content=\"article\" \/>\n<meta property=\"og:title\" content=\"Toegang tot het Telavox-beheerportaal | Telavox | Mobiloperat\u00f6r bara f\u00f6r f\u00f6retag\" \/>\n<meta property=\"og:description\" content=\"Ontdek de mogelijkheden van de Telavox-beheerportal. Leer wat gebruikers en beheerders kunnen doen en hoe zij effici\u00ebnt hun taken kunnen beheren.\" \/>\n<meta property=\"og:url\" content=\"https:\/\/telavox.be\/nl\/juridische-informatie\/toegang-tot-het-telavox-beheerportaal\/\" \/>\n<meta property=\"og:site_name\" content=\"Telavox\" \/>\n<meta property=\"article:publisher\" content=\"https:\/\/www.facebook.com\/telavox\/\" \/>\n<meta property=\"article:modified_time\" content=\"2024-11-25T14:12:31+00:00\" \/>\n<meta property=\"og:image\" content=\"https:\/\/telavox.be\/wp-content\/uploads\/2024\/12\/Fo-rhandsvining-BE.png\" \/>\n\t<meta property=\"og:image:width\" content=\"4800\" \/>\n\t<meta property=\"og:image:height\" content=\"2700\" \/>\n\t<meta property=\"og:image:type\" content=\"image\/png\" \/>\n<meta name=\"twitter:card\" content=\"summary_large_image\" \/>\n<meta name=\"twitter:site\" content=\"@telavox\" \/>\n<meta name=\"twitter:label1\" content=\"Geschatte leestijd\" \/>\n\t<meta name=\"twitter:data1\" content=\"1 minuut\" \/>\n<script type=\"application\/ld+json\" class=\"yoast-schema-graph\">{\"@context\":\"https:\/\/schema.org\",\"@graph\":[{\"@type\":\"WebPage\",\"@id\":\"https:\/\/telavox.be\/nl\/juridische-informatie\/toegang-tot-het-telavox-beheerportaal\/\",\"url\":\"https:\/\/telavox.be\/nl\/juridische-informatie\/toegang-tot-het-telavox-beheerportaal\/\",\"name\":\"Telavox| Toegang tot het Telavox-beheerportaal\",\"isPartOf\":{\"@id\":\"https:\/\/telavox.be\/nl\/#website\"},\"datePublished\":\"2024-10-30T08:37:42+00:00\",\"dateModified\":\"2024-11-25T14:12:31+00:00\",\"description\":\"Ontdek de mogelijkheden van de Telavox-beheerportal. Leer wat gebruikers en beheerders kunnen doen en hoe zij effici\u00ebnt hun taken kunnen beheren.\",\"breadcrumb\":{\"@id\":\"https:\/\/telavox.be\/nl\/juridische-informatie\/toegang-tot-het-telavox-beheerportaal\/#breadcrumb\"},\"inLanguage\":\"nl-NL\",\"potentialAction\":[{\"@type\":\"ReadAction\",\"target\":[\"https:\/\/telavox.be\/nl\/juridische-informatie\/toegang-tot-het-telavox-beheerportaal\/\"]}]},{\"@type\":\"BreadcrumbList\",\"@id\":\"https:\/\/telavox.be\/nl\/juridische-informatie\/toegang-tot-het-telavox-beheerportaal\/#breadcrumb\",\"itemListElement\":[{\"@type\":\"ListItem\",\"position\":1,\"name\":\"Home\",\"item\":\"https:\/\/telavox.be\/nl\/startpagina-2\/\"},{\"@type\":\"ListItem\",\"position\":2,\"name\":\"Juridische informatie\",\"item\":\"https:\/\/telavox.be\/nl\/juridische-informatie\/\"},{\"@type\":\"ListItem\",\"position\":3,\"name\":\"Toegang tot het Telavox-beheerportaal\"}]},{\"@type\":\"WebSite\",\"@id\":\"https:\/\/telavox.be\/nl\/#website\",\"url\":\"https:\/\/telavox.be\/nl\/\",\"name\":\"Telavox\",\"description\":\"Telavox | F\u00f6retagstelefoni, v\u00e4xel och \u00e4rendehantering integrerat med dina favoritsystem\",\"publisher\":{\"@id\":\"https:\/\/telavox.be\/nl\/#organization\"},\"potentialAction\":[{\"@type\":\"SearchAction\",\"target\":{\"@type\":\"EntryPoint\",\"urlTemplate\":\"https:\/\/telavox.be\/nl\/?s={search_term_string}\"},\"query-input\":{\"@type\":\"PropertyValueSpecification\",\"valueRequired\":true,\"valueName\":\"search_term_string\"}}],\"inLanguage\":\"nl-NL\"},{\"@type\":\"Organization\",\"@id\":\"https:\/\/telavox.be\/nl\/#organization\",\"name\":\"Telavox\",\"url\":\"https:\/\/telavox.be\/nl\/\",\"logo\":{\"@type\":\"ImageObject\",\"inLanguage\":\"nl-NL\",\"@id\":\"https:\/\/telavox.be\/nl\/#\/schema\/logo\/image\/\",\"url\":\"https:\/\/telavox.be\/wp-content\/uploads\/2026\/03\/Telavox-Logo-RGB-Green-scaled.png\",\"contentUrl\":\"https:\/\/telavox.be\/wp-content\/uploads\/2026\/03\/Telavox-Logo-RGB-Green-scaled.png\",\"width\":2560,\"height\":432,\"caption\":\"Telavox\"},\"image\":{\"@id\":\"https:\/\/telavox.be\/nl\/#\/schema\/logo\/image\/\"},\"sameAs\":[\"https:\/\/www.facebook.com\/telavox\/\",\"https:\/\/x.com\/telavox\",\"https:\/\/www.linkedin.com\/company\/telavox\/\",\"https:\/\/www.instagram.com\/telavox\/\",\"https:\/\/www.youtube.com\/channel\/UCQqir-waeD7753eHPZtcKmg\"],\"telephone\":\"020100000\",\"legalName\":\"Telavox AB\",\"vatID\":\"SE556600778601\",\"numberOfEmployees\":{\"@type\":\"QuantitativeValue\",\"minValue\":\"201\",\"maxValue\":\"500\"}}]}<\/script>\n<!-- \/ Yoast SEO Premium plugin. -->","yoast_head_json":{"title":"Telavox| Toegang tot het Telavox-beheerportaal","description":"Ontdek de mogelijkheden van de Telavox-beheerportal. Leer wat gebruikers en beheerders kunnen doen en hoe zij effici\u00ebnt hun taken kunnen beheren.","robots":{"index":"index","follow":"follow","max-snippet":"max-snippet:-1","max-image-preview":"max-image-preview:large","max-video-preview":"max-video-preview:-1"},"canonical":"https:\/\/telavox.be\/nl\/juridische-informatie\/toegang-tot-het-telavox-beheerportaal\/","og_locale":"nl_NL","og_type":"article","og_title":"Toegang tot het Telavox-beheerportaal | Telavox | Mobiloperat\u00f6r bara f\u00f6r f\u00f6retag","og_description":"Ontdek de mogelijkheden van de Telavox-beheerportal. Leer wat gebruikers en beheerders kunnen doen en hoe zij effici\u00ebnt hun taken kunnen beheren.","og_url":"https:\/\/telavox.be\/nl\/juridische-informatie\/toegang-tot-het-telavox-beheerportaal\/","og_site_name":"Telavox","article_publisher":"https:\/\/www.facebook.com\/telavox\/","article_modified_time":"2024-11-25T14:12:31+00:00","og_image":[{"width":4800,"height":2700,"url":"https:\/\/telavox.be\/wp-content\/uploads\/2024\/12\/Fo-rhandsvining-BE.png","type":"image\/png"}],"twitter_card":"summary_large_image","twitter_site":"@telavox","twitter_misc":{"Geschatte leestijd":"1 minuut"},"schema":{"@context":"https:\/\/schema.org","@graph":[{"@type":"WebPage","@id":"https:\/\/telavox.be\/nl\/juridische-informatie\/toegang-tot-het-telavox-beheerportaal\/","url":"https:\/\/telavox.be\/nl\/juridische-informatie\/toegang-tot-het-telavox-beheerportaal\/","name":"Telavox| Toegang tot het Telavox-beheerportaal","isPartOf":{"@id":"https:\/\/telavox.be\/nl\/#website"},"datePublished":"2024-10-30T08:37:42+00:00","dateModified":"2024-11-25T14:12:31+00:00","description":"Ontdek de mogelijkheden van de Telavox-beheerportal. Leer wat gebruikers en beheerders kunnen doen en hoe zij effici\u00ebnt hun taken kunnen beheren.","breadcrumb":{"@id":"https:\/\/telavox.be\/nl\/juridische-informatie\/toegang-tot-het-telavox-beheerportaal\/#breadcrumb"},"inLanguage":"nl-NL","potentialAction":[{"@type":"ReadAction","target":["https:\/\/telavox.be\/nl\/juridische-informatie\/toegang-tot-het-telavox-beheerportaal\/"]}]},{"@type":"BreadcrumbList","@id":"https:\/\/telavox.be\/nl\/juridische-informatie\/toegang-tot-het-telavox-beheerportaal\/#breadcrumb","itemListElement":[{"@type":"ListItem","position":1,"name":"Home","item":"https:\/\/telavox.be\/nl\/startpagina-2\/"},{"@type":"ListItem","position":2,"name":"Juridische informatie","item":"https:\/\/telavox.be\/nl\/juridische-informatie\/"},{"@type":"ListItem","position":3,"name":"Toegang tot het Telavox-beheerportaal"}]},{"@type":"WebSite","@id":"https:\/\/telavox.be\/nl\/#website","url":"https:\/\/telavox.be\/nl\/","name":"Telavox","description":"Telavox | F\u00f6retagstelefoni, v\u00e4xel och \u00e4rendehantering integrerat med dina favoritsystem","publisher":{"@id":"https:\/\/telavox.be\/nl\/#organization"},"potentialAction":[{"@type":"SearchAction","target":{"@type":"EntryPoint","urlTemplate":"https:\/\/telavox.be\/nl\/?s={search_term_string}"},"query-input":{"@type":"PropertyValueSpecification","valueRequired":true,"valueName":"search_term_string"}}],"inLanguage":"nl-NL"},{"@type":"Organization","@id":"https:\/\/telavox.be\/nl\/#organization","name":"Telavox","url":"https:\/\/telavox.be\/nl\/","logo":{"@type":"ImageObject","inLanguage":"nl-NL","@id":"https:\/\/telavox.be\/nl\/#\/schema\/logo\/image\/","url":"https:\/\/telavox.be\/wp-content\/uploads\/2026\/03\/Telavox-Logo-RGB-Green-scaled.png","contentUrl":"https:\/\/telavox.be\/wp-content\/uploads\/2026\/03\/Telavox-Logo-RGB-Green-scaled.png","width":2560,"height":432,"caption":"Telavox"},"image":{"@id":"https:\/\/telavox.be\/nl\/#\/schema\/logo\/image\/"},"sameAs":["https:\/\/www.facebook.com\/telavox\/","https:\/\/x.com\/telavox","https:\/\/www.linkedin.com\/company\/telavox\/","https:\/\/www.instagram.com\/telavox\/","https:\/\/www.youtube.com\/channel\/UCQqir-waeD7753eHPZtcKmg"],"telephone":"020100000","legalName":"Telavox AB","vatID":"SE556600778601","numberOfEmployees":{"@type":"QuantitativeValue","minValue":"201","maxValue":"500"}}]}},"_links":{"self":[{"href":"https:\/\/telavox.be\/nl\/wp-json\/wp\/v2\/pages\/19746","targetHints":{"allow":["GET"]}}],"collection":[{"href":"https:\/\/telavox.be\/nl\/wp-json\/wp\/v2\/pages"}],"about":[{"href":"https:\/\/telavox.be\/nl\/wp-json\/wp\/v2\/types\/page"}],"author":[{"embeddable":true,"href":"https:\/\/telavox.be\/nl\/wp-json\/wp\/v2\/users\/3"}],"replies":[{"embeddable":true,"href":"https:\/\/telavox.be\/nl\/wp-json\/wp\/v2\/comments?post=19746"}],"version-history":[{"count":10,"href":"https:\/\/telavox.be\/nl\/wp-json\/wp\/v2\/pages\/19746\/revisions"}],"predecessor-version":[{"id":20682,"href":"https:\/\/telavox.be\/nl\/wp-json\/wp\/v2\/pages\/19746\/revisions\/20682"}],"up":[{"embeddable":true,"href":"https:\/\/telavox.be\/nl\/wp-json\/wp\/v2\/pages\/19750"}],"wp:attachment":[{"href":"https:\/\/telavox.be\/nl\/wp-json\/wp\/v2\/media?parent=19746"}],"curies":[{"name":"wp","href":"https:\/\/api.w.org\/{rel}","templated":true}]}}