
{"id":19765,"date":"2024-10-21T20:28:52","date_gmt":"2024-10-21T18:28:52","guid":{"rendered":"https:\/\/telavox.be\/gids\/"},"modified":"2024-11-25T10:05:51","modified_gmt":"2024-11-25T09:05:51","slug":"onze-gidsen","status":"publish","type":"page","link":"https:\/\/telavox.be\/nl\/onze-gidsen\/","title":{"rendered":"Onze gidsen"},"content":{"rendered":"\t\t<div data-elementor-type=\"wp-page\" data-elementor-id=\"19765\" class=\"elementor elementor-19765 elementor-5721\" data-elementor-post-type=\"page\">\n\t\t\t\t<div class=\"elementor-element elementor-element-a69aa02 e-flex e-con-boxed e-con e-parent\" data-id=\"a69aa02\" data-element_type=\"container\" data-e-type=\"container\">\n\t\t\t\t\t<div class=\"e-con-inner\">\n\t\t\t\t<div class=\"elementor-element elementor-element-9be6bdd elementor-widget elementor-widget-heading\" data-id=\"9be6bdd\" data-element_type=\"widget\" data-e-type=\"widget\" data-widget_type=\"heading.default\">\n\t\t\t\t<div class=\"elementor-widget-container\">\n\t\t\t\t\t<h1 class=\"elementor-heading-title elementor-size-default\">Onze gidsen<\/h1>\t\t\t\t<\/div>\n\t\t\t\t<\/div>\n\t\t\t\t<div class=\"elementor-element elementor-element-25e2eb0 elementor-widget elementor-widget-text-editor\" data-id=\"25e2eb0\" data-element_type=\"widget\" data-e-type=\"widget\" data-widget_type=\"text-editor.default\">\n\t\t\t\t<div class=\"elementor-widget-container\">\n\t\t\t\t\t\t\t\t\t<p>Hier vindt u onze informatieve gidsen over onderwerpen vari\u00ebrend van de voordelen van contactcentra tot het gebruik van mobiele telefoons in uw bedrijf. Veel leesplezier!<\/p>\t\t\t\t\t\t\t\t<\/div>\n\t\t\t\t<\/div>\n\t\t\t\t\t<\/div>\n\t\t\t\t<\/div>\n\t\t<div class=\"elementor-element elementor-element-4d8a9c1 e-flex e-con-boxed e-con e-parent\" data-id=\"4d8a9c1\" data-element_type=\"container\" data-e-type=\"container\">\n\t\t\t\t\t<div class=\"e-con-inner\">\n\t\t\t\t<div class=\"elementor-element elementor-element-4e3ffa6 elementor-grid-3 elementor-grid-tablet-2 elementor-grid-mobile-1 elementor-widget elementor-widget-loop-grid\" data-id=\"4e3ffa6\" data-element_type=\"widget\" data-e-type=\"widget\" data-settings=\"{&quot;template_id&quot;:20147,&quot;_skin&quot;:&quot;post&quot;,&quot;columns&quot;:&quot;3&quot;,&quot;columns_tablet&quot;:&quot;2&quot;,&quot;columns_mobile&quot;:&quot;1&quot;,&quot;edit_handle_selector&quot;:&quot;[data-elementor-type=\\&quot;loop-item\\&quot;]&quot;,&quot;row_gap&quot;:{&quot;unit&quot;:&quot;px&quot;,&quot;size&quot;:&quot;&quot;,&quot;sizes&quot;:[]},&quot;row_gap_tablet&quot;:{&quot;unit&quot;:&quot;px&quot;,&quot;size&quot;:&quot;&quot;,&quot;sizes&quot;:[]},&quot;row_gap_mobile&quot;:{&quot;unit&quot;:&quot;px&quot;,&quot;size&quot;:&quot;&quot;,&quot;sizes&quot;:[]}}\" data-widget_type=\"loop-grid.post\">\n\t\t\t\t<div class=\"elementor-widget-container\">\n\t\t\t\t\t\t\t<div class=\"e-loop-nothing-found-message\">\n\t\t<\/div>\n\t\t\t\t\t\t<\/div>\n\t\t\t\t<\/div>\n\t\t\t\t\t<\/div>\n\t\t\t\t<\/div>\n\t\t\t\t<\/div>\n\t\t","protected":false},"excerpt":{"rendered":"<p>Onze gidsen Hier vindt u onze informatieve gidsen over onderwerpen vari\u00ebrend van de voordelen van contactcentra tot het gebruik van mobiele telefoons in uw bedrijf. Veel leesplezier!<\/p>\n","protected":false},"author":4,"featured_media":0,"parent":0,"menu_order":0,"comment_status":"closed","ping_status":"closed","template":"elementor_header_footer","meta":{"_acf_changed":false,"content-type":"","inline_featured_image":false,"footnotes":""},"class_list":["post-19765","page","type-page","status-publish","hentry"],"acf":[],"yoast_head":"<!-- This site is optimized with the Yoast SEO Premium plugin v23.8 (Yoast SEO v27.0) - https:\/\/yoast.com\/product\/yoast-seo-premium-wordpress\/ -->\n<title>Telavox| Onze gidsen<\/title>\n<meta name=\"description\" content=\"Ontdek onze nuttige gidsen over hoe u de effici\u00ebntie van uw bedrijf kunt maximaliseren\" \/>\n<meta name=\"robots\" content=\"index, follow, max-snippet:-1, max-image-preview:large, max-video-preview:-1\" \/>\n<link rel=\"canonical\" href=\"https:\/\/telavox.be\/nl\/onze-gidsen\/\" \/>\n<meta property=\"og:locale\" content=\"nl_NL\" \/>\n<meta property=\"og:type\" content=\"article\" \/>\n<meta property=\"og:title\" content=\"Onze gidsen | Telavox | Mobiloperat\u00f6r bara f\u00f6r f\u00f6retag\" \/>\n<meta property=\"og:description\" content=\"Ontdek onze nuttige gidsen over hoe u de effici\u00ebntie van uw bedrijf kunt maximaliseren\" \/>\n<meta property=\"og:url\" content=\"https:\/\/telavox.be\/nl\/onze-gidsen\/\" \/>\n<meta property=\"og:site_name\" content=\"Telavox\" \/>\n<meta property=\"article:publisher\" content=\"https:\/\/www.facebook.com\/telavox\/\" \/>\n<meta property=\"article:modified_time\" content=\"2024-11-25T09:05:51+00:00\" \/>\n<meta property=\"og:image\" content=\"https:\/\/telavox.be\/wp-content\/uploads\/2024\/12\/Fo-rhandsvining-BE.png\" \/>\n\t<meta property=\"og:image:width\" content=\"4800\" \/>\n\t<meta property=\"og:image:height\" content=\"2700\" \/>\n\t<meta property=\"og:image:type\" content=\"image\/png\" \/>\n<meta name=\"twitter:card\" content=\"summary_large_image\" \/>\n<meta name=\"twitter:site\" content=\"@telavox\" \/>\n<meta name=\"twitter:label1\" content=\"Geschatte leestijd\" \/>\n\t<meta name=\"twitter:data1\" content=\"1 minuut\" \/>\n<script type=\"application\/ld+json\" class=\"yoast-schema-graph\">{\"@context\":\"https:\/\/schema.org\",\"@graph\":[{\"@type\":\"WebPage\",\"@id\":\"https:\/\/telavox.be\/nl\/onze-gidsen\/\",\"url\":\"https:\/\/telavox.be\/nl\/onze-gidsen\/\",\"name\":\"Telavox| Onze gidsen\",\"isPartOf\":{\"@id\":\"https:\/\/telavox.be\/nl\/#website\"},\"datePublished\":\"2024-10-21T18:28:52+00:00\",\"dateModified\":\"2024-11-25T09:05:51+00:00\",\"description\":\"Ontdek onze nuttige gidsen over hoe u de effici\u00ebntie van uw bedrijf kunt maximaliseren\",\"breadcrumb\":{\"@id\":\"https:\/\/telavox.be\/nl\/onze-gidsen\/#breadcrumb\"},\"inLanguage\":\"nl-NL\",\"potentialAction\":[{\"@type\":\"ReadAction\",\"target\":[\"https:\/\/telavox.be\/nl\/onze-gidsen\/\"]}]},{\"@type\":\"BreadcrumbList\",\"@id\":\"https:\/\/telavox.be\/nl\/onze-gidsen\/#breadcrumb\",\"itemListElement\":[{\"@type\":\"ListItem\",\"position\":1,\"name\":\"Home\",\"item\":\"https:\/\/telavox.be\/nl\/startpagina-2\/\"},{\"@type\":\"ListItem\",\"position\":2,\"name\":\"Onze gidsen\"}]},{\"@type\":\"WebSite\",\"@id\":\"https:\/\/telavox.be\/nl\/#website\",\"url\":\"https:\/\/telavox.be\/nl\/\",\"name\":\"Telavox\",\"description\":\"Telavox | F\u00f6retagstelefoni, v\u00e4xel och \u00e4rendehantering integrerat med dina favoritsystem\",\"publisher\":{\"@id\":\"https:\/\/telavox.be\/nl\/#organization\"},\"potentialAction\":[{\"@type\":\"SearchAction\",\"target\":{\"@type\":\"EntryPoint\",\"urlTemplate\":\"https:\/\/telavox.be\/nl\/?s={search_term_string}\"},\"query-input\":{\"@type\":\"PropertyValueSpecification\",\"valueRequired\":true,\"valueName\":\"search_term_string\"}}],\"inLanguage\":\"nl-NL\"},{\"@type\":\"Organization\",\"@id\":\"https:\/\/telavox.be\/nl\/#organization\",\"name\":\"Telavox\",\"url\":\"https:\/\/telavox.be\/nl\/\",\"logo\":{\"@type\":\"ImageObject\",\"inLanguage\":\"nl-NL\",\"@id\":\"https:\/\/telavox.be\/nl\/#\/schema\/logo\/image\/\",\"url\":\"https:\/\/telavox.be\/wp-content\/uploads\/2026\/03\/Telavox-Logo-RGB-Green-scaled.png\",\"contentUrl\":\"https:\/\/telavox.be\/wp-content\/uploads\/2026\/03\/Telavox-Logo-RGB-Green-scaled.png\",\"width\":2560,\"height\":432,\"caption\":\"Telavox\"},\"image\":{\"@id\":\"https:\/\/telavox.be\/nl\/#\/schema\/logo\/image\/\"},\"sameAs\":[\"https:\/\/www.facebook.com\/telavox\/\",\"https:\/\/x.com\/telavox\",\"https:\/\/www.linkedin.com\/company\/telavox\/\",\"https:\/\/www.instagram.com\/telavox\/\",\"https:\/\/www.youtube.com\/channel\/UCQqir-waeD7753eHPZtcKmg\"],\"telephone\":\"020100000\",\"legalName\":\"Telavox AB\",\"vatID\":\"SE556600778601\",\"numberOfEmployees\":{\"@type\":\"QuantitativeValue\",\"minValue\":\"201\",\"maxValue\":\"500\"}}]}<\/script>\n<!-- \/ Yoast SEO Premium plugin. -->","yoast_head_json":{"title":"Telavox| Onze gidsen","description":"Ontdek onze nuttige gidsen over hoe u de effici\u00ebntie van uw bedrijf kunt maximaliseren","robots":{"index":"index","follow":"follow","max-snippet":"max-snippet:-1","max-image-preview":"max-image-preview:large","max-video-preview":"max-video-preview:-1"},"canonical":"https:\/\/telavox.be\/nl\/onze-gidsen\/","og_locale":"nl_NL","og_type":"article","og_title":"Onze gidsen | Telavox | Mobiloperat\u00f6r bara f\u00f6r f\u00f6retag","og_description":"Ontdek onze nuttige gidsen over hoe u de effici\u00ebntie van uw bedrijf kunt maximaliseren","og_url":"https:\/\/telavox.be\/nl\/onze-gidsen\/","og_site_name":"Telavox","article_publisher":"https:\/\/www.facebook.com\/telavox\/","article_modified_time":"2024-11-25T09:05:51+00:00","og_image":[{"width":4800,"height":2700,"url":"https:\/\/telavox.be\/wp-content\/uploads\/2024\/12\/Fo-rhandsvining-BE.png","type":"image\/png"}],"twitter_card":"summary_large_image","twitter_site":"@telavox","twitter_misc":{"Geschatte leestijd":"1 minuut"},"schema":{"@context":"https:\/\/schema.org","@graph":[{"@type":"WebPage","@id":"https:\/\/telavox.be\/nl\/onze-gidsen\/","url":"https:\/\/telavox.be\/nl\/onze-gidsen\/","name":"Telavox| Onze gidsen","isPartOf":{"@id":"https:\/\/telavox.be\/nl\/#website"},"datePublished":"2024-10-21T18:28:52+00:00","dateModified":"2024-11-25T09:05:51+00:00","description":"Ontdek onze nuttige gidsen over hoe u de effici\u00ebntie van uw bedrijf kunt maximaliseren","breadcrumb":{"@id":"https:\/\/telavox.be\/nl\/onze-gidsen\/#breadcrumb"},"inLanguage":"nl-NL","potentialAction":[{"@type":"ReadAction","target":["https:\/\/telavox.be\/nl\/onze-gidsen\/"]}]},{"@type":"BreadcrumbList","@id":"https:\/\/telavox.be\/nl\/onze-gidsen\/#breadcrumb","itemListElement":[{"@type":"ListItem","position":1,"name":"Home","item":"https:\/\/telavox.be\/nl\/startpagina-2\/"},{"@type":"ListItem","position":2,"name":"Onze gidsen"}]},{"@type":"WebSite","@id":"https:\/\/telavox.be\/nl\/#website","url":"https:\/\/telavox.be\/nl\/","name":"Telavox","description":"Telavox | F\u00f6retagstelefoni, v\u00e4xel och \u00e4rendehantering integrerat med dina favoritsystem","publisher":{"@id":"https:\/\/telavox.be\/nl\/#organization"},"potentialAction":[{"@type":"SearchAction","target":{"@type":"EntryPoint","urlTemplate":"https:\/\/telavox.be\/nl\/?s={search_term_string}"},"query-input":{"@type":"PropertyValueSpecification","valueRequired":true,"valueName":"search_term_string"}}],"inLanguage":"nl-NL"},{"@type":"Organization","@id":"https:\/\/telavox.be\/nl\/#organization","name":"Telavox","url":"https:\/\/telavox.be\/nl\/","logo":{"@type":"ImageObject","inLanguage":"nl-NL","@id":"https:\/\/telavox.be\/nl\/#\/schema\/logo\/image\/","url":"https:\/\/telavox.be\/wp-content\/uploads\/2026\/03\/Telavox-Logo-RGB-Green-scaled.png","contentUrl":"https:\/\/telavox.be\/wp-content\/uploads\/2026\/03\/Telavox-Logo-RGB-Green-scaled.png","width":2560,"height":432,"caption":"Telavox"},"image":{"@id":"https:\/\/telavox.be\/nl\/#\/schema\/logo\/image\/"},"sameAs":["https:\/\/www.facebook.com\/telavox\/","https:\/\/x.com\/telavox","https:\/\/www.linkedin.com\/company\/telavox\/","https:\/\/www.instagram.com\/telavox\/","https:\/\/www.youtube.com\/channel\/UCQqir-waeD7753eHPZtcKmg"],"telephone":"020100000","legalName":"Telavox AB","vatID":"SE556600778601","numberOfEmployees":{"@type":"QuantitativeValue","minValue":"201","maxValue":"500"}}]}},"_links":{"self":[{"href":"https:\/\/telavox.be\/nl\/wp-json\/wp\/v2\/pages\/19765","targetHints":{"allow":["GET"]}}],"collection":[{"href":"https:\/\/telavox.be\/nl\/wp-json\/wp\/v2\/pages"}],"about":[{"href":"https:\/\/telavox.be\/nl\/wp-json\/wp\/v2\/types\/page"}],"author":[{"embeddable":true,"href":"https:\/\/telavox.be\/nl\/wp-json\/wp\/v2\/users\/4"}],"replies":[{"embeddable":true,"href":"https:\/\/telavox.be\/nl\/wp-json\/wp\/v2\/comments?post=19765"}],"version-history":[{"count":5,"href":"https:\/\/telavox.be\/nl\/wp-json\/wp\/v2\/pages\/19765\/revisions"}],"predecessor-version":[{"id":20538,"href":"https:\/\/telavox.be\/nl\/wp-json\/wp\/v2\/pages\/19765\/revisions\/20538"}],"wp:attachment":[{"href":"https:\/\/telavox.be\/nl\/wp-json\/wp\/v2\/media?parent=19765"}],"curies":[{"name":"wp","href":"https:\/\/api.w.org\/{rel}","templated":true}]}}