
{"id":19776,"date":"2024-10-17T16:17:57","date_gmt":"2024-10-17T14:17:57","guid":{"rendered":"https:\/\/telavox.be\/juridische-informatie\/gebruiksvoorwaarden\/"},"modified":"2024-12-02T10:36:11","modified_gmt":"2024-12-02T09:36:11","slug":"gebruiksvoorwaarden","status":"publish","type":"page","link":"https:\/\/telavox.be\/nl\/juridische-informatie\/gebruiksvoorwaarden\/","title":{"rendered":"Gebruiksvoorwaarden"},"content":{"rendered":"\t\t<div data-elementor-type=\"wp-page\" data-elementor-id=\"19776\" class=\"elementor elementor-19776 elementor-5215\" data-elementor-post-type=\"page\">\n\t\t\t\t<div class=\"elementor-element elementor-element-2f626bb e-flex e-con-boxed e-con e-parent\" data-id=\"2f626bb\" data-element_type=\"container\" data-e-type=\"container\">\n\t\t\t\t\t<div class=\"e-con-inner\">\n\t\t<div class=\"elementor-element elementor-element-1b95c52 e-con-full e-flex e-con e-child\" data-id=\"1b95c52\" data-element_type=\"container\" data-e-type=\"container\">\n\t\t\t\t<div class=\"elementor-element elementor-element-1272ff8 elementor-widget elementor-widget-breadcrumbs\" data-id=\"1272ff8\" data-element_type=\"widget\" data-e-type=\"widget\" data-widget_type=\"breadcrumbs.default\">\n\t\t\t\t<div class=\"elementor-widget-container\">\n\t\t\t\t\t<p id=\"breadcrumbs\"><span><span><a href=\"https:\/\/telavox.be\/nl\/startpagina-2\/\">Home<\/a><\/span><\/span><\/p>\t\t\t\t<\/div>\n\t\t\t\t<\/div>\n\t\t\t\t<\/div>\n\t\t\t\t\t<\/div>\n\t\t\t\t<\/div>\n\t\t<div class=\"elementor-element elementor-element-3dd4bda e-flex e-con-boxed e-con e-parent\" data-id=\"3dd4bda\" data-element_type=\"container\" data-e-type=\"container\">\n\t\t\t\t\t<div class=\"e-con-inner\">\n\t\t<div class=\"elementor-element elementor-element-a0631fe e-con-full e-flex e-con e-child\" data-id=\"a0631fe\" data-element_type=\"container\" data-e-type=\"container\">\n\t\t<div class=\"elementor-element elementor-element-34610d9 e-con-full progress-bar-table-content e-flex e-con e-child\" data-id=\"34610d9\" data-element_type=\"container\" data-e-type=\"container\" data-settings=\"{&quot;sticky&quot;:&quot;top&quot;,&quot;sticky_on&quot;:[&quot;desktop&quot;,&quot;tablet&quot;],&quot;sticky_offset&quot;:170,&quot;sticky_parent&quot;:&quot;yes&quot;,&quot;sticky_effects_offset&quot;:0,&quot;sticky_anchor_link_offset&quot;:0}\">\n\t\t\t\t<div class=\"elementor-element elementor-element-2c19534 no-header-table-of-content elementor-widget elementor-widget-table-of-contents\" data-id=\"2c19534\" data-element_type=\"widget\" data-e-type=\"widget\" data-settings=\"{&quot;headings_by_tags&quot;:[&quot;h2&quot;],&quot;exclude_headings_by_selector&quot;:[],&quot;container&quot;:&quot;.content&quot;,&quot;marker_view&quot;:&quot;bullets&quot;,&quot;icon&quot;:{&quot;value&quot;:&quot;&quot;,&quot;library&quot;:&quot;&quot;},&quot;no_headings_message&quot;:&quot;No headings were found on this page.&quot;,&quot;hierarchical_view&quot;:&quot;yes&quot;,&quot;min_height&quot;:{&quot;unit&quot;:&quot;px&quot;,&quot;size&quot;:&quot;&quot;,&quot;sizes&quot;:[]},&quot;min_height_tablet&quot;:{&quot;unit&quot;:&quot;px&quot;,&quot;size&quot;:&quot;&quot;,&quot;sizes&quot;:[]},&quot;min_height_mobile&quot;:{&quot;unit&quot;:&quot;px&quot;,&quot;size&quot;:&quot;&quot;,&quot;sizes&quot;:[]}}\" data-widget_type=\"table-of-contents.default\">\n\t\t\t\t<div class=\"elementor-widget-container\">\n\t\t\t\t\t\t\t\t\t<div id=\"elementor-toc__2c19534\" class=\"elementor-toc__body\">\n\t\t\t<div class=\"elementor-toc__spinner-container\">\n\t\t\t\t<svg class=\"elementor-toc__spinner eicon-animation-spin e-font-icon-svg e-eicon-loading\" aria-hidden=\"true\" viewBox=\"0 0 1000 1000\" xmlns=\"http:\/\/www.w3.org\/2000\/svg\"><path d=\"M500 975V858C696 858 858 696 858 500S696 142 500 142 142 304 142 500H25C25 237 238 25 500 25S975 237 975 500 763 975 500 975Z\"><\/path><\/svg>\t\t\t<\/div>\n\t\t<\/div>\n\t\t\t\t\t\t<\/div>\n\t\t\t\t<\/div>\n\t\t\t\t<\/div>\n\t\t\t\t<\/div>\n\t\t<div class=\"elementor-element elementor-element-0d1e4a3 e-con-full content e-flex e-con e-child\" data-id=\"0d1e4a3\" data-element_type=\"container\" data-e-type=\"container\">\n\t\t\t\t<div class=\"elementor-element elementor-element-5eb0e40 elementor-widget elementor-widget-text-editor\" data-id=\"5eb0e40\" data-element_type=\"widget\" data-e-type=\"widget\" data-widget_type=\"text-editor.default\">\n\t\t\t\t<div class=\"elementor-widget-container\">\n\t\t\t\t\t\t\t\t\t<h1 class=\"title\">Website Terms of Use<\/h1><div class=\"content\"><p>PLEASE READ THESE TERMS AND CONDITIONS CAREFULLY BEFORE USING THIS SITE<\/p><h4>What\u2019s in these terms?<\/h4><p>These terms tell you the rules for using our website telavox.com (and other Telavox top-level domains as well as other associated sites, such as our blog, support sites and webinars) (our site).<\/p><h4>Who we are and how to contact us<\/h4><p>Telavox.com (and other Telavox top-level domains) is a site operated by Telavox AB or its subsidiaries (\u201cWe\u201d). Telavox AB is registered in Sweden under company number 556600-7786 and has its registered office at Stora Varvsgatan 6, 211 19 Malm\u00f6, Sweden. To contact us, please use the contact details available on our site.<\/p><h4>By using our site you accept these terms<\/h4><p>By using our site, you confirm that you accept these terms of use and that you agree to comply with them. If you do not agree to these terms, you must not use our site. We recommend that you print a copy of these terms for future reference.<\/p><h4>There are other terms that may apply to you<\/h4><p>These terms of use refer to the following additional terms, which also apply to your use of our site:<\/p><ul><li><a href=\"https:\/\/telavox.be\/fr\/informations-juridiques\/politique-de-confidentialite\/\">Our Privacy Policy<\/a><\/li><li><a href=\"https:\/\/telavox.be\/fr\/informations-juridiques\/informations-sur-les-cookies\/\">Our Cookie Policy<\/a>, which sets out information about the cookies on our site.<\/li><\/ul><h4>We may make changes to these terms<\/h4><p>We amend these terms from time to time. Every time you wish to use our site, please check these terms to ensure you understand the terms that apply at that time. These terms were most recently updated on 29 November 2023.<\/p><h4>How you may use material on our site<\/h4><p>We are the owner or the licensee of all intellectual property rights in our site, and in the material published on it. Those works are protected by copyright laws and treaties around the world. All such rights are reserved. You may print off one copy, and may download extracts, of any page(s) from our site for your personal use and you may draw the attention of others within your organisation to content posted on our site. You must not modify the paper or digital copies of any materials you have printed off or downloaded in any way, and you must not use any illustrations, photographs, video or audio sequences or any graphics separately from any accompanying text. Our status (and that of any identified contributors) as the authors of content on our site must always be acknowledged (except where the content is user-generated). You must not use any part of the content on our site for commercial purposes without obtaining a licence to do so from us or our licensors. If you print off, copy, download, share or repost any part of our site in breach of these terms of use, your right to use our site will cease immediately and you must, at our option, return or destroy any copies of the materials you have made.<\/p><h4>Do not rely on information on this site<\/h4><p>The content on our site is provided for general information only and is provided \u201cAS IS\u201d. It is not intended to amount to advice on which you should rely. Although we make reasonable efforts to update the information on our site, we make no representations, warranties or guarantees, whether express or implied, that the content on our site is accurate, complete or up to date. Nothing on this website should be construed as the giving of advice or the making of any recommendation and this website should not be relied upon as the basis for any decision or action. We do not warrant that this website or the server is free of viruses or other items of destructive nature such as worms, Trojan horses and malicious script.<\/p><h4>How to complain about or report content<\/h4><p>If you become aware of any material that is illegal, please contact us immediately on legal@telavox.com.<\/p><h4>Rules about linking to our site<\/h4><p>You may link to our website, provided you do so in a way that is fair and legal and does not damage our reputation or take advantage of it. Our site must not be framed on any other site. You must not establish a link in such a way as to suggest any form of association, approval or endorsement on our part where none exists. You must not establish a link to our site in any website that is not owned by you. We reserve the right to withdraw linking permission without notice.<\/p><h4>Our trademarks are registered<\/h4><p>You are not permitted to use Telavox trademarks without our approval.<\/p><\/div>\t\t\t\t\t\t\t\t<\/div>\n\t\t\t\t<\/div>\n\t\t\t\t<\/div>\n\t\t\t\t\t<\/div>\n\t\t\t\t<\/div>\n\t\t<div class=\"elementor-element elementor-element-fb7a80f e-flex e-con-boxed e-con e-parent\" data-id=\"fb7a80f\" data-element_type=\"container\" data-e-type=\"container\">\n\t\t\t\t\t<div class=\"e-con-inner\">\n\t\t<div class=\"elementor-element elementor-element-4857a41 e-con-full e-flex e-con e-child\" data-id=\"4857a41\" data-element_type=\"container\" data-e-type=\"container\">\n\t\t<div class=\"elementor-element elementor-element-c0ab658 e-con-full e-flex e-con e-child\" data-id=\"c0ab658\" data-element_type=\"container\" data-e-type=\"container\" data-settings=\"{&quot;background_background&quot;:&quot;classic&quot;}\">\n\t\t<div class=\"elementor-element elementor-element-e9891a3 e-con-full e-flex e-con e-child\" data-id=\"e9891a3\" data-element_type=\"container\" data-e-type=\"container\">\n\t\t\t\t<div class=\"elementor-element elementor-element-edac5fa elementor-widget elementor-widget-heading\" data-id=\"edac5fa\" data-element_type=\"widget\" data-e-type=\"widget\" data-widget_type=\"heading.default\">\n\t\t\t\t<div class=\"elementor-widget-container\">\n\t\t\t\t\t<h2 class=\"elementor-heading-title elementor-size-default\">Begin vandaag met Telavox!<\/h2>\t\t\t\t<\/div>\n\t\t\t\t<\/div>\n\t\t\t\t<div class=\"elementor-element elementor-element-06245cb elementor-widget elementor-widget-text-editor\" data-id=\"06245cb\" data-element_type=\"widget\" data-e-type=\"widget\" data-widget_type=\"text-editor.default\">\n\t\t\t\t<div class=\"elementor-widget-container\">\n\t\t\t\t\t\t\t\t\t<p>Neem contact op met een van onze experts en geniet van onbeperkt zakelijk bellen voor uw bedrijf.<\/p>\t\t\t\t\t\t\t\t<\/div>\n\t\t\t\t<\/div>\n\t\t<div class=\"elementor-element elementor-element-62e7079 e-con-full e-flex e-con e-child\" data-id=\"62e7079\" data-element_type=\"container\" data-e-type=\"container\">\n\t\t\t\t<div class=\"elementor-element elementor-element-379cf2c elementor-align-right elementor-widget__width-auto elementor-mobile-align-center elementor-widget-mobile__width-initial elementor-widget elementor-widget-button\" data-id=\"379cf2c\" data-element_type=\"widget\" data-e-type=\"widget\" data-widget_type=\"button.default\">\n\t\t\t\t<div class=\"elementor-widget-container\">\n\t\t\t\t\t\t\t\t\t<div class=\"elementor-button-wrapper\">\n\t\t\t\t\t<a class=\"elementor-button elementor-button-link elementor-size-sm\" href=\"https:\/\/telavox.be\/nl\/prijzen\/\">\n\t\t\t\t\t\t<span class=\"elementor-button-content-wrapper\">\n\t\t\t\t\t\t\t\t\t<span class=\"elementor-button-text\">Ontdek onze abonnementen <\/span>\n\t\t\t\t\t<\/span>\n\t\t\t\t\t<\/a>\n\t\t\t\t<\/div>\n\t\t\t\t\t\t\t\t<\/div>\n\t\t\t\t<\/div>\n\t\t\t\t<div class=\"elementor-element elementor-element-7a8cb54 elementor-align-right elementor-widget__width-auto elementor-mobile-align-center elementor-widget-mobile__width-initial elementor-widget elementor-widget-button\" data-id=\"7a8cb54\" data-element_type=\"widget\" data-e-type=\"widget\" data-widget_type=\"button.default\">\n\t\t\t\t<div class=\"elementor-widget-container\">\n\t\t\t\t\t\t\t\t\t<div class=\"elementor-button-wrapper\">\n\t\t\t\t\t<a class=\"elementor-button elementor-button-link elementor-size-sm\" href=\"https:\/\/telavox.be\/nl\/neem-contact-met-ons-op\/\">\n\t\t\t\t\t\t<span class=\"elementor-button-content-wrapper\">\n\t\t\t\t\t\t\t\t\t<span class=\"elementor-button-text\">Contacteer ons<\/span>\n\t\t\t\t\t<\/span>\n\t\t\t\t\t<\/a>\n\t\t\t\t<\/div>\n\t\t\t\t\t\t\t\t<\/div>\n\t\t\t\t<\/div>\n\t\t\t\t<\/div>\n\t\t\t\t<\/div>\n\t\t\t\t<\/div>\n\t\t\t\t<\/div>\n\t\t\t\t\t<\/div>\n\t\t\t\t<\/div>\n\t\t\t\t<\/div>\n\t\t","protected":false},"excerpt":{"rendered":"<p>Website Terms of Use PLEASE READ THESE TERMS AND CONDITIONS CAREFULLY BEFORE USING THIS SITE What\u2019s in these terms? These terms tell you the rules for using our website telavox.com (and other Telavox top-level domains as well as other associated sites, such as our blog, support sites and webinars) (our site). Who we are and [&hellip;]<\/p>\n","protected":false},"author":4,"featured_media":0,"parent":19750,"menu_order":0,"comment_status":"closed","ping_status":"closed","template":"elementor_header_footer","meta":{"_acf_changed":false,"content-type":"","inline_featured_image":false,"footnotes":""},"class_list":["post-19776","page","type-page","status-publish","hentry"],"acf":[],"yoast_head":"<!-- This site is optimized with the Yoast SEO Premium plugin v23.8 (Yoast SEO v27.0) - https:\/\/yoast.com\/product\/yoast-seo-premium-wordpress\/ -->\n<title>Telavox | Gebruiksvoorwaarden<\/title>\n<meta name=\"description\" content=\"Lees meer over de definities en voorwaarden van onze serviceovereenkomst. Ontdek ook de details van onze algemene voorwaarden en de overeenkomst voor gegevensverwerking.\" \/>\n<meta name=\"robots\" content=\"index, follow, max-snippet:-1, max-image-preview:large, max-video-preview:-1\" \/>\n<link rel=\"canonical\" href=\"https:\/\/telavox.be\/nl\/juridische-informatie\/gebruiksvoorwaarden\/\" \/>\n<meta property=\"og:locale\" content=\"nl_NL\" \/>\n<meta property=\"og:type\" content=\"article\" \/>\n<meta property=\"og:title\" content=\"Gebruiksvoorwaarden | Telavox | Mobiloperat\u00f6r bara f\u00f6r f\u00f6retag\" \/>\n<meta property=\"og:description\" content=\"Lees meer over de definities en voorwaarden van onze serviceovereenkomst. Ontdek ook de details van onze algemene voorwaarden en de overeenkomst voor gegevensverwerking.\" \/>\n<meta property=\"og:url\" content=\"https:\/\/telavox.be\/nl\/juridische-informatie\/gebruiksvoorwaarden\/\" \/>\n<meta property=\"og:site_name\" content=\"Telavox\" \/>\n<meta property=\"article:publisher\" content=\"https:\/\/www.facebook.com\/telavox\/\" \/>\n<meta property=\"article:modified_time\" content=\"2024-12-02T09:36:11+00:00\" \/>\n<meta property=\"og:image\" content=\"https:\/\/telavox.be\/wp-content\/uploads\/2024\/12\/Fo-rhandsvining-BE.png\" \/>\n\t<meta property=\"og:image:width\" content=\"4800\" \/>\n\t<meta property=\"og:image:height\" content=\"2700\" \/>\n\t<meta property=\"og:image:type\" content=\"image\/png\" \/>\n<meta name=\"twitter:card\" content=\"summary_large_image\" \/>\n<meta name=\"twitter:site\" content=\"@telavox\" \/>\n<meta name=\"twitter:label1\" content=\"Geschatte leestijd\" \/>\n\t<meta name=\"twitter:data1\" content=\"5 minuten\" \/>\n<script type=\"application\/ld+json\" class=\"yoast-schema-graph\">{\"@context\":\"https:\/\/schema.org\",\"@graph\":[{\"@type\":\"WebPage\",\"@id\":\"https:\/\/telavox.be\/nl\/juridische-informatie\/gebruiksvoorwaarden\/\",\"url\":\"https:\/\/telavox.be\/nl\/juridische-informatie\/gebruiksvoorwaarden\/\",\"name\":\"Telavox | Gebruiksvoorwaarden\",\"isPartOf\":{\"@id\":\"https:\/\/telavox.be\/nl\/#website\"},\"datePublished\":\"2024-10-17T14:17:57+00:00\",\"dateModified\":\"2024-12-02T09:36:11+00:00\",\"description\":\"Lees meer over de definities en voorwaarden van onze serviceovereenkomst. Ontdek ook de details van onze algemene voorwaarden en de overeenkomst voor gegevensverwerking.\",\"breadcrumb\":{\"@id\":\"https:\/\/telavox.be\/nl\/juridische-informatie\/gebruiksvoorwaarden\/#breadcrumb\"},\"inLanguage\":\"nl-NL\",\"potentialAction\":[{\"@type\":\"ReadAction\",\"target\":[\"https:\/\/telavox.be\/nl\/juridische-informatie\/gebruiksvoorwaarden\/\"]}]},{\"@type\":\"BreadcrumbList\",\"@id\":\"https:\/\/telavox.be\/nl\/juridische-informatie\/gebruiksvoorwaarden\/#breadcrumb\",\"itemListElement\":[{\"@type\":\"ListItem\",\"position\":1,\"name\":\"Home\",\"item\":\"https:\/\/telavox.be\/nl\/startpagina-2\/\"},{\"@type\":\"ListItem\",\"position\":2,\"name\":\"Juridische informatie\",\"item\":\"https:\/\/telavox.be\/nl\/juridische-informatie\/\"},{\"@type\":\"ListItem\",\"position\":3,\"name\":\"Gebruiksvoorwaarden\"}]},{\"@type\":\"WebSite\",\"@id\":\"https:\/\/telavox.be\/nl\/#website\",\"url\":\"https:\/\/telavox.be\/nl\/\",\"name\":\"Telavox\",\"description\":\"Telavox | F\u00f6retagstelefoni, v\u00e4xel och \u00e4rendehantering integrerat med dina favoritsystem\",\"publisher\":{\"@id\":\"https:\/\/telavox.be\/nl\/#organization\"},\"potentialAction\":[{\"@type\":\"SearchAction\",\"target\":{\"@type\":\"EntryPoint\",\"urlTemplate\":\"https:\/\/telavox.be\/nl\/?s={search_term_string}\"},\"query-input\":{\"@type\":\"PropertyValueSpecification\",\"valueRequired\":true,\"valueName\":\"search_term_string\"}}],\"inLanguage\":\"nl-NL\"},{\"@type\":\"Organization\",\"@id\":\"https:\/\/telavox.be\/nl\/#organization\",\"name\":\"Telavox\",\"url\":\"https:\/\/telavox.be\/nl\/\",\"logo\":{\"@type\":\"ImageObject\",\"inLanguage\":\"nl-NL\",\"@id\":\"https:\/\/telavox.be\/nl\/#\/schema\/logo\/image\/\",\"url\":\"https:\/\/telavox.be\/wp-content\/uploads\/2026\/03\/Telavox-Logo-RGB-Green-scaled.png\",\"contentUrl\":\"https:\/\/telavox.be\/wp-content\/uploads\/2026\/03\/Telavox-Logo-RGB-Green-scaled.png\",\"width\":2560,\"height\":432,\"caption\":\"Telavox\"},\"image\":{\"@id\":\"https:\/\/telavox.be\/nl\/#\/schema\/logo\/image\/\"},\"sameAs\":[\"https:\/\/www.facebook.com\/telavox\/\",\"https:\/\/x.com\/telavox\",\"https:\/\/www.linkedin.com\/company\/telavox\/\",\"https:\/\/www.instagram.com\/telavox\/\",\"https:\/\/www.youtube.com\/channel\/UCQqir-waeD7753eHPZtcKmg\"],\"telephone\":\"020100000\",\"legalName\":\"Telavox AB\",\"vatID\":\"SE556600778601\",\"numberOfEmployees\":{\"@type\":\"QuantitativeValue\",\"minValue\":\"201\",\"maxValue\":\"500\"}}]}<\/script>\n<!-- \/ Yoast SEO Premium plugin. -->","yoast_head_json":{"title":"Telavox | Gebruiksvoorwaarden","description":"Lees meer over de definities en voorwaarden van onze serviceovereenkomst. Ontdek ook de details van onze algemene voorwaarden en de overeenkomst voor gegevensverwerking.","robots":{"index":"index","follow":"follow","max-snippet":"max-snippet:-1","max-image-preview":"max-image-preview:large","max-video-preview":"max-video-preview:-1"},"canonical":"https:\/\/telavox.be\/nl\/juridische-informatie\/gebruiksvoorwaarden\/","og_locale":"nl_NL","og_type":"article","og_title":"Gebruiksvoorwaarden | Telavox | Mobiloperat\u00f6r bara f\u00f6r f\u00f6retag","og_description":"Lees meer over de definities en voorwaarden van onze serviceovereenkomst. Ontdek ook de details van onze algemene voorwaarden en de overeenkomst voor gegevensverwerking.","og_url":"https:\/\/telavox.be\/nl\/juridische-informatie\/gebruiksvoorwaarden\/","og_site_name":"Telavox","article_publisher":"https:\/\/www.facebook.com\/telavox\/","article_modified_time":"2024-12-02T09:36:11+00:00","og_image":[{"width":4800,"height":2700,"url":"https:\/\/telavox.be\/wp-content\/uploads\/2024\/12\/Fo-rhandsvining-BE.png","type":"image\/png"}],"twitter_card":"summary_large_image","twitter_site":"@telavox","twitter_misc":{"Geschatte leestijd":"5 minuten"},"schema":{"@context":"https:\/\/schema.org","@graph":[{"@type":"WebPage","@id":"https:\/\/telavox.be\/nl\/juridische-informatie\/gebruiksvoorwaarden\/","url":"https:\/\/telavox.be\/nl\/juridische-informatie\/gebruiksvoorwaarden\/","name":"Telavox | Gebruiksvoorwaarden","isPartOf":{"@id":"https:\/\/telavox.be\/nl\/#website"},"datePublished":"2024-10-17T14:17:57+00:00","dateModified":"2024-12-02T09:36:11+00:00","description":"Lees meer over de definities en voorwaarden van onze serviceovereenkomst. Ontdek ook de details van onze algemene voorwaarden en de overeenkomst voor gegevensverwerking.","breadcrumb":{"@id":"https:\/\/telavox.be\/nl\/juridische-informatie\/gebruiksvoorwaarden\/#breadcrumb"},"inLanguage":"nl-NL","potentialAction":[{"@type":"ReadAction","target":["https:\/\/telavox.be\/nl\/juridische-informatie\/gebruiksvoorwaarden\/"]}]},{"@type":"BreadcrumbList","@id":"https:\/\/telavox.be\/nl\/juridische-informatie\/gebruiksvoorwaarden\/#breadcrumb","itemListElement":[{"@type":"ListItem","position":1,"name":"Home","item":"https:\/\/telavox.be\/nl\/startpagina-2\/"},{"@type":"ListItem","position":2,"name":"Juridische informatie","item":"https:\/\/telavox.be\/nl\/juridische-informatie\/"},{"@type":"ListItem","position":3,"name":"Gebruiksvoorwaarden"}]},{"@type":"WebSite","@id":"https:\/\/telavox.be\/nl\/#website","url":"https:\/\/telavox.be\/nl\/","name":"Telavox","description":"Telavox | F\u00f6retagstelefoni, v\u00e4xel och \u00e4rendehantering integrerat med dina favoritsystem","publisher":{"@id":"https:\/\/telavox.be\/nl\/#organization"},"potentialAction":[{"@type":"SearchAction","target":{"@type":"EntryPoint","urlTemplate":"https:\/\/telavox.be\/nl\/?s={search_term_string}"},"query-input":{"@type":"PropertyValueSpecification","valueRequired":true,"valueName":"search_term_string"}}],"inLanguage":"nl-NL"},{"@type":"Organization","@id":"https:\/\/telavox.be\/nl\/#organization","name":"Telavox","url":"https:\/\/telavox.be\/nl\/","logo":{"@type":"ImageObject","inLanguage":"nl-NL","@id":"https:\/\/telavox.be\/nl\/#\/schema\/logo\/image\/","url":"https:\/\/telavox.be\/wp-content\/uploads\/2026\/03\/Telavox-Logo-RGB-Green-scaled.png","contentUrl":"https:\/\/telavox.be\/wp-content\/uploads\/2026\/03\/Telavox-Logo-RGB-Green-scaled.png","width":2560,"height":432,"caption":"Telavox"},"image":{"@id":"https:\/\/telavox.be\/nl\/#\/schema\/logo\/image\/"},"sameAs":["https:\/\/www.facebook.com\/telavox\/","https:\/\/x.com\/telavox","https:\/\/www.linkedin.com\/company\/telavox\/","https:\/\/www.instagram.com\/telavox\/","https:\/\/www.youtube.com\/channel\/UCQqir-waeD7753eHPZtcKmg"],"telephone":"020100000","legalName":"Telavox AB","vatID":"SE556600778601","numberOfEmployees":{"@type":"QuantitativeValue","minValue":"201","maxValue":"500"}}]}},"_links":{"self":[{"href":"https:\/\/telavox.be\/nl\/wp-json\/wp\/v2\/pages\/19776","targetHints":{"allow":["GET"]}}],"collection":[{"href":"https:\/\/telavox.be\/nl\/wp-json\/wp\/v2\/pages"}],"about":[{"href":"https:\/\/telavox.be\/nl\/wp-json\/wp\/v2\/types\/page"}],"author":[{"embeddable":true,"href":"https:\/\/telavox.be\/nl\/wp-json\/wp\/v2\/users\/4"}],"replies":[{"embeddable":true,"href":"https:\/\/telavox.be\/nl\/wp-json\/wp\/v2\/comments?post=19776"}],"version-history":[{"count":13,"href":"https:\/\/telavox.be\/nl\/wp-json\/wp\/v2\/pages\/19776\/revisions"}],"predecessor-version":[{"id":22395,"href":"https:\/\/telavox.be\/nl\/wp-json\/wp\/v2\/pages\/19776\/revisions\/22395"}],"up":[{"embeddable":true,"href":"https:\/\/telavox.be\/nl\/wp-json\/wp\/v2\/pages\/19750"}],"wp:attachment":[{"href":"https:\/\/telavox.be\/nl\/wp-json\/wp\/v2\/media?parent=19776"}],"curies":[{"name":"wp","href":"https:\/\/api.w.org\/{rel}","templated":true}]}}