
{"id":20195,"date":"2024-10-28T10:24:49","date_gmt":"2024-10-28T09:24:49","guid":{"rendered":"https:\/\/telavox.be\/juridische-informatie\/informatie-over-cookies\/"},"modified":"2024-11-25T11:54:54","modified_gmt":"2024-11-25T10:54:54","slug":"cookiesbeleid","status":"publish","type":"page","link":"https:\/\/telavox.be\/nl\/juridische-informatie\/cookiesbeleid\/","title":{"rendered":"Cookiesbeleid"},"content":{"rendered":"\t\t<div data-elementor-type=\"wp-page\" data-elementor-id=\"20195\" class=\"elementor elementor-20195 elementor-7266\" data-elementor-post-type=\"page\">\n\t\t\t\t<div class=\"elementor-element elementor-element-2f626bb e-flex e-con-boxed e-con e-parent\" data-id=\"2f626bb\" data-element_type=\"container\" data-e-type=\"container\">\n\t\t\t\t\t<div class=\"e-con-inner\">\n\t\t<div class=\"elementor-element elementor-element-1b95c52 e-con-full e-flex e-con e-child\" data-id=\"1b95c52\" data-element_type=\"container\" data-e-type=\"container\">\n\t\t\t\t<div class=\"elementor-element elementor-element-1272ff8 elementor-widget elementor-widget-breadcrumbs\" data-id=\"1272ff8\" data-element_type=\"widget\" data-e-type=\"widget\" data-widget_type=\"breadcrumbs.default\">\n\t\t\t\t<div class=\"elementor-widget-container\">\n\t\t\t\t\t<p id=\"breadcrumbs\"><span><span><a href=\"https:\/\/telavox.be\/nl\/startpagina-2\/\">Home<\/a><\/span><\/span><\/p>\t\t\t\t<\/div>\n\t\t\t\t<\/div>\n\t\t\t\t<\/div>\n\t\t\t\t\t<\/div>\n\t\t\t\t<\/div>\n\t\t<div class=\"elementor-element elementor-element-3dd4bda e-flex e-con-boxed e-con e-parent\" data-id=\"3dd4bda\" data-element_type=\"container\" data-e-type=\"container\">\n\t\t\t\t\t<div class=\"e-con-inner\">\n\t\t<div class=\"elementor-element elementor-element-a0631fe e-con-full e-flex e-con e-child\" data-id=\"a0631fe\" data-element_type=\"container\" data-e-type=\"container\">\n\t\t<div class=\"elementor-element elementor-element-34610d9 e-con-full progress-bar-table-content e-flex e-con e-child\" data-id=\"34610d9\" data-element_type=\"container\" data-e-type=\"container\" data-settings=\"{&quot;sticky&quot;:&quot;top&quot;,&quot;sticky_on&quot;:[&quot;desktop&quot;,&quot;tablet&quot;],&quot;sticky_offset&quot;:168,&quot;sticky_parent&quot;:&quot;yes&quot;,&quot;sticky_effects_offset&quot;:0,&quot;sticky_anchor_link_offset&quot;:0}\">\n\t\t\t\t<div class=\"elementor-element elementor-element-2c19534 no-header-table-of-content elementor-widget elementor-widget-table-of-contents\" data-id=\"2c19534\" data-element_type=\"widget\" data-e-type=\"widget\" data-settings=\"{&quot;headings_by_tags&quot;:[&quot;h2&quot;],&quot;exclude_headings_by_selector&quot;:[],&quot;container&quot;:&quot;.content&quot;,&quot;marker_view&quot;:&quot;bullets&quot;,&quot;icon&quot;:{&quot;value&quot;:&quot;&quot;,&quot;library&quot;:&quot;&quot;},&quot;no_headings_message&quot;:&quot;No headings were found on this page.&quot;,&quot;hierarchical_view&quot;:&quot;yes&quot;,&quot;min_height&quot;:{&quot;unit&quot;:&quot;px&quot;,&quot;size&quot;:&quot;&quot;,&quot;sizes&quot;:[]},&quot;min_height_tablet&quot;:{&quot;unit&quot;:&quot;px&quot;,&quot;size&quot;:&quot;&quot;,&quot;sizes&quot;:[]},&quot;min_height_mobile&quot;:{&quot;unit&quot;:&quot;px&quot;,&quot;size&quot;:&quot;&quot;,&quot;sizes&quot;:[]}}\" data-widget_type=\"table-of-contents.default\">\n\t\t\t\t<div class=\"elementor-widget-container\">\n\t\t\t\t\t\t\t\t\t<div id=\"elementor-toc__2c19534\" class=\"elementor-toc__body\">\n\t\t\t<div class=\"elementor-toc__spinner-container\">\n\t\t\t\t<svg class=\"elementor-toc__spinner eicon-animation-spin e-font-icon-svg e-eicon-loading\" aria-hidden=\"true\" viewBox=\"0 0 1000 1000\" xmlns=\"http:\/\/www.w3.org\/2000\/svg\"><path d=\"M500 975V858C696 858 858 696 858 500S696 142 500 142 142 304 142 500H25C25 237 238 25 500 25S975 237 975 500 763 975 500 975Z\"><\/path><\/svg>\t\t\t<\/div>\n\t\t<\/div>\n\t\t\t\t\t\t<\/div>\n\t\t\t\t<\/div>\n\t\t\t\t<\/div>\n\t\t\t\t<\/div>\n\t\t<div class=\"elementor-element elementor-element-0d1e4a3 e-con-full content e-flex e-con e-child\" data-id=\"0d1e4a3\" data-element_type=\"container\" data-e-type=\"container\">\n\t\t\t\t<div class=\"elementor-element elementor-element-499d1f9 elementor-widget elementor-widget-heading\" data-id=\"499d1f9\" data-element_type=\"widget\" data-e-type=\"widget\" data-widget_type=\"heading.default\">\n\t\t\t\t<div class=\"elementor-widget-container\">\n\t\t\t\t\t<h1 class=\"elementor-heading-title elementor-size-default\">Informatie over cookies\n<\/h1>\t\t\t\t<\/div>\n\t\t\t\t<\/div>\n\t\t\t\t<div class=\"elementor-element elementor-element-2206f0d elementor-widget elementor-widget-text-editor\" data-id=\"2206f0d\" data-element_type=\"widget\" data-e-type=\"widget\" data-widget_type=\"text-editor.default\">\n\t\t\t\t<div class=\"elementor-widget-container\">\n\t\t\t\t\t\t\t\t\tLaatste bijwerking: 30 augustus 2021.\n\n\t\t\t\t\t\t\t\t<\/div>\n\t\t\t\t<\/div>\n\t\t\t\t<div class=\"elementor-element elementor-element-9b7d770 elementor-widget elementor-widget-heading\" data-id=\"9b7d770\" data-element_type=\"widget\" data-e-type=\"widget\" data-widget_type=\"heading.default\">\n\t\t\t\t<div class=\"elementor-widget-container\">\n\t\t\t\t\t<h2 class=\"elementor-heading-title elementor-size-default\">Inleiding<\/h2>\t\t\t\t<\/div>\n\t\t\t\t<\/div>\n\t\t\t\t<div class=\"elementor-element elementor-element-441a15b elementor-widget elementor-widget-text-editor\" data-id=\"441a15b\" data-element_type=\"widget\" data-e-type=\"widget\" data-widget_type=\"text-editor.default\">\n\t\t\t\t<div class=\"elementor-widget-container\">\n\t\t\t\t\t\t\t\t\t<p>Telavox AB (&#8220;Telavox&#8221;, &#8220;wij&#8221;, &#8220;ons&#8221;, &#8220;onze&#8221;) maakt gebruik van cookies om de functionaliteit van onze website te optimaliseren en uw gebruikerservaring te verbeteren. Daarnaast gebruiken wij cookies om statistische gegevens te verzamelen en het gebruik van onze website te analyseren met behulp van Google Analytics. Ook worden cookies ingezet om u relevante marketingberichten van Telavox weer te geven op Facebook en andere websites.<\/p><p>Cookies zijn kleine tekstbestanden die door een website aan uw browser worden gevraagd om op uw computer of ander apparaat op te slaan. Deze bestanden onthouden informatie over u, zoals uw taalvoorkeuren of inloggegevens. Er zijn twee soorten cookies: permanente cookies, die voor langere tijd op uw apparaat blijven, en sessiecookies, die alleen actief zijn tijdens uw bezoek aan onze website.<\/p>\t\t\t\t\t\t\t\t<\/div>\n\t\t\t\t<\/div>\n\t\t\t\t<div class=\"elementor-element elementor-element-86aecfc elementor-widget elementor-widget-heading\" data-id=\"86aecfc\" data-element_type=\"widget\" data-e-type=\"widget\" data-widget_type=\"heading.default\">\n\t\t\t\t<div class=\"elementor-widget-container\">\n\t\t\t\t\t<h2 class=\"elementor-heading-title elementor-size-default\">Verschillende soorten cookies\n<\/h2>\t\t\t\t<\/div>\n\t\t\t\t<\/div>\n\t\t\t\t<div class=\"elementor-element elementor-element-f7df260 elementor-widget elementor-widget-text-editor\" data-id=\"f7df260\" data-element_type=\"widget\" data-e-type=\"widget\" data-widget_type=\"text-editor.default\">\n\t\t\t\t<div class=\"elementor-widget-container\">\n\t\t\t\t\t\t\t\t\t<p>Persistente cookies worden voor een langere periode op uw browser opgeslagen en blijven geldig tot de ingestelde vervaldatum, tenzij ze voor die tijd door de gebruiker zelf worden verwijderd. Sessiecookies daarentegen zijn tijdelijk en worden automatisch verwijderd wanneer de browser wordt gesloten.<\/p>\t\t\t\t\t\t\t\t<\/div>\n\t\t\t\t<\/div>\n\t\t\t\t<div class=\"elementor-element elementor-element-ef1c202 elementor-widget elementor-widget-heading\" data-id=\"ef1c202\" data-element_type=\"widget\" data-e-type=\"widget\" data-widget_type=\"heading.default\">\n\t\t\t\t<div class=\"elementor-widget-container\">\n\t\t\t\t\t<h2 class=\"elementor-heading-title elementor-size-default\">Welke cookies gebruiken we?\n<\/h2>\t\t\t\t<\/div>\n\t\t\t\t<\/div>\n\t\t\t\t<div class=\"elementor-element elementor-element-552fe9b elementor-widget elementor-widget-text-editor\" data-id=\"552fe9b\" data-element_type=\"widget\" data-e-type=\"widget\" data-widget_type=\"text-editor.default\">\n\t\t\t\t<div class=\"elementor-widget-container\">\n\t\t\t\t\t\t\t\t\t<p>Cookies kunnen verder worden onderverdeeld in twee algemene categorie\u00ebn: first-party cookies, die door ons worden ingesteld, en third-party cookies, die door externe serviceproviders, zoals analysediensten voor webverkeer, worden ingesteld. Wij maken gebruik van third-party cookies als onderdeel van onze reclame- en marketingactiviteiten.<\/p><p>Cookies vallen in vier verschillende categorie\u00ebn, afhankelijk van hun functie en doel: strikt noodzakelijke cookies, prestatiecookies, functionele cookies en gerichte cookies.<\/p>\t\t\t\t\t\t\t\t<\/div>\n\t\t\t\t<\/div>\n\t\t\t\t<div class=\"elementor-element elementor-element-1e5731a elementor-widget elementor-widget-heading\" data-id=\"1e5731a\" data-element_type=\"widget\" data-e-type=\"widget\" data-widget_type=\"heading.default\">\n\t\t\t\t<div class=\"elementor-widget-container\">\n\t\t\t\t\t<h2 class=\"elementor-heading-title elementor-size-default\">Cookies vermijden<\/h2>\t\t\t\t<\/div>\n\t\t\t\t<\/div>\n\t\t\t\t<div class=\"elementor-element elementor-element-7a6b9dd elementor-widget elementor-widget-text-editor\" data-id=\"7a6b9dd\" data-element_type=\"widget\" data-e-type=\"widget\" data-widget_type=\"text-editor.default\">\n\t\t\t\t<div class=\"elementor-widget-container\">\n\t\t\t\t\t\t\t\t\t<p>Indien u niet wilt dat cookies in uw browser worden opgeslagen, kunt u de instellingen van uw browser aanpassen om cookies automatisch te weigeren of om een melding te ontvangen telkens wanneer een website een cookie wil opslaan. U kunt ook de cookies die al in uw browser zijn opgeslagen, bekijken en verwijderen. Houd er rekening mee dat zonder de noodzakelijke cookies de werking van onze website beperkt kan zijn, aangezien deze cookies essentieel zijn om uw voorkeuren en keuzes te onthouden. Het wijzigen van uw browserinstellingen kan ertoe leiden dat sommige functies niet meer naar behoren functioneren.<\/p>\t\t\t\t\t\t\t\t<\/div>\n\t\t\t\t<\/div>\n\t\t\t\t<div class=\"elementor-element elementor-element-0ca10fa elementor-widget elementor-widget-heading\" data-id=\"0ca10fa\" data-element_type=\"widget\" data-e-type=\"widget\" data-widget_type=\"heading.default\">\n\t\t\t\t<div class=\"elementor-widget-container\">\n\t\t\t\t\t<h2 class=\"elementor-heading-title elementor-size-default\">Meer informatie over cookies\n<\/h2>\t\t\t\t<\/div>\n\t\t\t\t<\/div>\n\t\t\t\t<div class=\"elementor-element elementor-element-ee951f8 elementor-widget elementor-widget-text-editor\" data-id=\"ee951f8\" data-element_type=\"widget\" data-e-type=\"widget\" data-widget_type=\"text-editor.default\">\n\t\t\t\t<div class=\"elementor-widget-container\">\n\t\t\t\t\t\t\t\t\t<p>Voor meer informatie over cookies en wat wordt beschouwd als toegestaan gebruik van cookies onder de wet op elektronische communicatie, kunt u terecht op de website van de Zweedse privacyautoriteit: <a href=\"http:\/\/www.imy.se\/\">www.imy.se<\/a>.<\/p>\t\t\t\t\t\t\t\t<\/div>\n\t\t\t\t<\/div>\n\t\t\t\t<div class=\"elementor-element elementor-element-888a987 elementor-widget elementor-widget-heading\" data-id=\"888a987\" data-element_type=\"widget\" data-e-type=\"widget\" data-widget_type=\"heading.default\">\n\t\t\t\t<div class=\"elementor-widget-container\">\n\t\t\t\t\t<h2 class=\"elementor-heading-title elementor-size-default\">Updates<\/h2>\t\t\t\t<\/div>\n\t\t\t\t<\/div>\n\t\t\t\t<div class=\"elementor-element elementor-element-260f388 elementor-widget elementor-widget-text-editor\" data-id=\"260f388\" data-element_type=\"widget\" data-e-type=\"widget\" data-widget_type=\"text-editor.default\">\n\t\t\t\t<div class=\"elementor-widget-container\">\n\t\t\t\t\t\t\t\t\t<p>Telavox kan deze informatie wijzigen indien nodig om te voldoen aan de vereisten van de toepasselijke wet- en regelgeving, of wanneer dit noodzakelijk is vanwege wijzigingen in de activiteiten van Telavox. Wij raden u aan deze pagina regelmatig te raadplegen om op de hoogte te blijven van ons gebruik van cookies. De datum bovenaan deze pagina geeft aan wanneer deze voor het laatst is bijgewerkt.<\/p><p><strong>Verantwoordelijkheid voor het gebruik van cookies<\/strong><br \/>Telavox AB, registratienummer 556600-7786, is verantwoordelijk voor het gebruik van cookies op onze website Telavox.com. Als u vragen heeft over ons gebruik van cookies of dit cookiebeleid, kunt u contact met ons opnemen via de onderstaande gegevens:<\/p><ul><li><strong>Telefoonnummer:<\/strong> 040-622 00 00<\/li><li><strong>Adres:<\/strong> Stora Varvsgatan 6, SE-211 19 Malm\u00f6, Zweden<\/li><li><strong>E-mail:<\/strong> <a href=\"mailto:DPO@telavox.com\">DPO@telavox.com<\/a><\/li><\/ul>\t\t\t\t\t\t\t\t<\/div>\n\t\t\t\t<\/div>\n\t\t\t\t<div class=\"elementor-element elementor-element-3744b4e elementor-widget elementor-widget-text-editor\" data-id=\"3744b4e\" data-element_type=\"widget\" data-e-type=\"widget\" data-widget_type=\"text-editor.default\">\n\t\t\t\t<div class=\"elementor-widget-container\">\n\t\t\t\t\t\t\t\t\t<p>U mag de handelsmerken van Telavox niet gebruiken zonder onze voorafgaande schriftelijke toestemming. Alle handelsmerken, logo&#8217;s, en andere merkidentificaties die op onze website en in onze communicatie verschijnen, zijn eigendom van Telavox AB of van onze licentiegevers. Elk gebruik van deze handelsmerken zonder toestemming is verboden.<\/p>\t\t\t\t\t\t\t\t<\/div>\n\t\t\t\t<\/div>\n\t\t\t\t<\/div>\n\t\t\t\t\t<\/div>\n\t\t\t\t<\/div>\n\t\t\t\t<\/div>\n\t\t","protected":false},"excerpt":{"rendered":"<p>Informatie over cookies Laatste bijwerking: 30 augustus 2021. Inleiding Telavox AB (&#8220;Telavox&#8221;, &#8220;wij&#8221;, &#8220;ons&#8221;, &#8220;onze&#8221;) maakt gebruik van cookies om de functionaliteit van onze website te optimaliseren en uw gebruikerservaring te verbeteren. Daarnaast gebruiken wij cookies om statistische gegevens te verzamelen en het gebruik van onze website te analyseren met behulp van Google Analytics. Ook [&hellip;]<\/p>\n","protected":false},"author":3,"featured_media":0,"parent":19750,"menu_order":0,"comment_status":"closed","ping_status":"closed","template":"","meta":{"_acf_changed":false,"content-type":"","inline_featured_image":false,"footnotes":""},"class_list":["post-20195","page","type-page","status-publish","hentry"],"acf":[],"yoast_head":"<!-- This site is optimized with the Yoast SEO Premium plugin v23.8 (Yoast SEO v27.0) - https:\/\/yoast.com\/product\/yoast-seo-premium-wordpress\/ -->\n<title>Telavox | Cookiesbeleid<\/title>\n<meta name=\"description\" content=\"Ontdek wat cookies zijn en hoe ze bijdragen aan het optimaliseren van de functionaliteit van onze website.\" \/>\n<meta name=\"robots\" content=\"index, follow, max-snippet:-1, max-image-preview:large, max-video-preview:-1\" \/>\n<link rel=\"canonical\" href=\"https:\/\/telavox.be\/nl\/juridische-informatie\/cookiesbeleid\/\" \/>\n<meta property=\"og:locale\" content=\"nl_NL\" \/>\n<meta property=\"og:type\" content=\"article\" \/>\n<meta property=\"og:title\" content=\"Cookiesbeleid | Telavox | Mobiloperat\u00f6r bara f\u00f6r f\u00f6retag\" \/>\n<meta property=\"og:description\" content=\"Ontdek wat cookies zijn en hoe ze bijdragen aan het optimaliseren van de functionaliteit van onze website.\" \/>\n<meta property=\"og:url\" content=\"https:\/\/telavox.be\/nl\/juridische-informatie\/cookiesbeleid\/\" \/>\n<meta property=\"og:site_name\" content=\"Telavox\" \/>\n<meta property=\"article:publisher\" content=\"https:\/\/www.facebook.com\/telavox\/\" \/>\n<meta property=\"article:modified_time\" content=\"2024-11-25T10:54:54+00:00\" \/>\n<meta property=\"og:image\" content=\"https:\/\/telavox.be\/wp-content\/uploads\/2024\/12\/Fo-rhandsvining-BE.png\" \/>\n\t<meta property=\"og:image:width\" content=\"4800\" \/>\n\t<meta property=\"og:image:height\" content=\"2700\" \/>\n\t<meta property=\"og:image:type\" content=\"image\/png\" \/>\n<meta name=\"twitter:card\" content=\"summary_large_image\" \/>\n<meta name=\"twitter:site\" content=\"@telavox\" \/>\n<meta name=\"twitter:label1\" content=\"Geschatte leestijd\" \/>\n\t<meta name=\"twitter:data1\" content=\"3 minuten\" \/>\n<script type=\"application\/ld+json\" class=\"yoast-schema-graph\">{\"@context\":\"https:\/\/schema.org\",\"@graph\":[{\"@type\":\"WebPage\",\"@id\":\"https:\/\/telavox.be\/nl\/juridische-informatie\/cookiesbeleid\/\",\"url\":\"https:\/\/telavox.be\/nl\/juridische-informatie\/cookiesbeleid\/\",\"name\":\"Telavox | Cookiesbeleid\",\"isPartOf\":{\"@id\":\"https:\/\/telavox.be\/nl\/#website\"},\"datePublished\":\"2024-10-28T09:24:49+00:00\",\"dateModified\":\"2024-11-25T10:54:54+00:00\",\"description\":\"Ontdek wat cookies zijn en hoe ze bijdragen aan het optimaliseren van de functionaliteit van onze website.\",\"breadcrumb\":{\"@id\":\"https:\/\/telavox.be\/nl\/juridische-informatie\/cookiesbeleid\/#breadcrumb\"},\"inLanguage\":\"nl-NL\",\"potentialAction\":[{\"@type\":\"ReadAction\",\"target\":[\"https:\/\/telavox.be\/nl\/juridische-informatie\/cookiesbeleid\/\"]}]},{\"@type\":\"BreadcrumbList\",\"@id\":\"https:\/\/telavox.be\/nl\/juridische-informatie\/cookiesbeleid\/#breadcrumb\",\"itemListElement\":[{\"@type\":\"ListItem\",\"position\":1,\"name\":\"Home\",\"item\":\"https:\/\/telavox.be\/nl\/startpagina-2\/\"},{\"@type\":\"ListItem\",\"position\":2,\"name\":\"Juridische informatie\",\"item\":\"https:\/\/telavox.be\/nl\/juridische-informatie\/\"},{\"@type\":\"ListItem\",\"position\":3,\"name\":\"Cookiesbeleid\"}]},{\"@type\":\"WebSite\",\"@id\":\"https:\/\/telavox.be\/nl\/#website\",\"url\":\"https:\/\/telavox.be\/nl\/\",\"name\":\"Telavox\",\"description\":\"Telavox | F\u00f6retagstelefoni, v\u00e4xel och \u00e4rendehantering integrerat med dina favoritsystem\",\"publisher\":{\"@id\":\"https:\/\/telavox.be\/nl\/#organization\"},\"potentialAction\":[{\"@type\":\"SearchAction\",\"target\":{\"@type\":\"EntryPoint\",\"urlTemplate\":\"https:\/\/telavox.be\/nl\/?s={search_term_string}\"},\"query-input\":{\"@type\":\"PropertyValueSpecification\",\"valueRequired\":true,\"valueName\":\"search_term_string\"}}],\"inLanguage\":\"nl-NL\"},{\"@type\":\"Organization\",\"@id\":\"https:\/\/telavox.be\/nl\/#organization\",\"name\":\"Telavox\",\"url\":\"https:\/\/telavox.be\/nl\/\",\"logo\":{\"@type\":\"ImageObject\",\"inLanguage\":\"nl-NL\",\"@id\":\"https:\/\/telavox.be\/nl\/#\/schema\/logo\/image\/\",\"url\":\"https:\/\/telavox.be\/wp-content\/uploads\/2026\/03\/Telavox-Logo-RGB-Green-scaled.png\",\"contentUrl\":\"https:\/\/telavox.be\/wp-content\/uploads\/2026\/03\/Telavox-Logo-RGB-Green-scaled.png\",\"width\":2560,\"height\":432,\"caption\":\"Telavox\"},\"image\":{\"@id\":\"https:\/\/telavox.be\/nl\/#\/schema\/logo\/image\/\"},\"sameAs\":[\"https:\/\/www.facebook.com\/telavox\/\",\"https:\/\/x.com\/telavox\",\"https:\/\/www.linkedin.com\/company\/telavox\/\",\"https:\/\/www.instagram.com\/telavox\/\",\"https:\/\/www.youtube.com\/channel\/UCQqir-waeD7753eHPZtcKmg\"],\"telephone\":\"020100000\",\"legalName\":\"Telavox AB\",\"vatID\":\"SE556600778601\",\"numberOfEmployees\":{\"@type\":\"QuantitativeValue\",\"minValue\":\"201\",\"maxValue\":\"500\"}}]}<\/script>\n<!-- \/ Yoast SEO Premium plugin. -->","yoast_head_json":{"title":"Telavox | Cookiesbeleid","description":"Ontdek wat cookies zijn en hoe ze bijdragen aan het optimaliseren van de functionaliteit van onze website.","robots":{"index":"index","follow":"follow","max-snippet":"max-snippet:-1","max-image-preview":"max-image-preview:large","max-video-preview":"max-video-preview:-1"},"canonical":"https:\/\/telavox.be\/nl\/juridische-informatie\/cookiesbeleid\/","og_locale":"nl_NL","og_type":"article","og_title":"Cookiesbeleid | Telavox | Mobiloperat\u00f6r bara f\u00f6r f\u00f6retag","og_description":"Ontdek wat cookies zijn en hoe ze bijdragen aan het optimaliseren van de functionaliteit van onze website.","og_url":"https:\/\/telavox.be\/nl\/juridische-informatie\/cookiesbeleid\/","og_site_name":"Telavox","article_publisher":"https:\/\/www.facebook.com\/telavox\/","article_modified_time":"2024-11-25T10:54:54+00:00","og_image":[{"width":4800,"height":2700,"url":"https:\/\/telavox.be\/wp-content\/uploads\/2024\/12\/Fo-rhandsvining-BE.png","type":"image\/png"}],"twitter_card":"summary_large_image","twitter_site":"@telavox","twitter_misc":{"Geschatte leestijd":"3 minuten"},"schema":{"@context":"https:\/\/schema.org","@graph":[{"@type":"WebPage","@id":"https:\/\/telavox.be\/nl\/juridische-informatie\/cookiesbeleid\/","url":"https:\/\/telavox.be\/nl\/juridische-informatie\/cookiesbeleid\/","name":"Telavox | Cookiesbeleid","isPartOf":{"@id":"https:\/\/telavox.be\/nl\/#website"},"datePublished":"2024-10-28T09:24:49+00:00","dateModified":"2024-11-25T10:54:54+00:00","description":"Ontdek wat cookies zijn en hoe ze bijdragen aan het optimaliseren van de functionaliteit van onze website.","breadcrumb":{"@id":"https:\/\/telavox.be\/nl\/juridische-informatie\/cookiesbeleid\/#breadcrumb"},"inLanguage":"nl-NL","potentialAction":[{"@type":"ReadAction","target":["https:\/\/telavox.be\/nl\/juridische-informatie\/cookiesbeleid\/"]}]},{"@type":"BreadcrumbList","@id":"https:\/\/telavox.be\/nl\/juridische-informatie\/cookiesbeleid\/#breadcrumb","itemListElement":[{"@type":"ListItem","position":1,"name":"Home","item":"https:\/\/telavox.be\/nl\/startpagina-2\/"},{"@type":"ListItem","position":2,"name":"Juridische informatie","item":"https:\/\/telavox.be\/nl\/juridische-informatie\/"},{"@type":"ListItem","position":3,"name":"Cookiesbeleid"}]},{"@type":"WebSite","@id":"https:\/\/telavox.be\/nl\/#website","url":"https:\/\/telavox.be\/nl\/","name":"Telavox","description":"Telavox | F\u00f6retagstelefoni, v\u00e4xel och \u00e4rendehantering integrerat med dina favoritsystem","publisher":{"@id":"https:\/\/telavox.be\/nl\/#organization"},"potentialAction":[{"@type":"SearchAction","target":{"@type":"EntryPoint","urlTemplate":"https:\/\/telavox.be\/nl\/?s={search_term_string}"},"query-input":{"@type":"PropertyValueSpecification","valueRequired":true,"valueName":"search_term_string"}}],"inLanguage":"nl-NL"},{"@type":"Organization","@id":"https:\/\/telavox.be\/nl\/#organization","name":"Telavox","url":"https:\/\/telavox.be\/nl\/","logo":{"@type":"ImageObject","inLanguage":"nl-NL","@id":"https:\/\/telavox.be\/nl\/#\/schema\/logo\/image\/","url":"https:\/\/telavox.be\/wp-content\/uploads\/2026\/03\/Telavox-Logo-RGB-Green-scaled.png","contentUrl":"https:\/\/telavox.be\/wp-content\/uploads\/2026\/03\/Telavox-Logo-RGB-Green-scaled.png","width":2560,"height":432,"caption":"Telavox"},"image":{"@id":"https:\/\/telavox.be\/nl\/#\/schema\/logo\/image\/"},"sameAs":["https:\/\/www.facebook.com\/telavox\/","https:\/\/x.com\/telavox","https:\/\/www.linkedin.com\/company\/telavox\/","https:\/\/www.instagram.com\/telavox\/","https:\/\/www.youtube.com\/channel\/UCQqir-waeD7753eHPZtcKmg"],"telephone":"020100000","legalName":"Telavox AB","vatID":"SE556600778601","numberOfEmployees":{"@type":"QuantitativeValue","minValue":"201","maxValue":"500"}}]}},"_links":{"self":[{"href":"https:\/\/telavox.be\/nl\/wp-json\/wp\/v2\/pages\/20195","targetHints":{"allow":["GET"]}}],"collection":[{"href":"https:\/\/telavox.be\/nl\/wp-json\/wp\/v2\/pages"}],"about":[{"href":"https:\/\/telavox.be\/nl\/wp-json\/wp\/v2\/types\/page"}],"author":[{"embeddable":true,"href":"https:\/\/telavox.be\/nl\/wp-json\/wp\/v2\/users\/3"}],"replies":[{"embeddable":true,"href":"https:\/\/telavox.be\/nl\/wp-json\/wp\/v2\/comments?post=20195"}],"version-history":[{"count":6,"href":"https:\/\/telavox.be\/nl\/wp-json\/wp\/v2\/pages\/20195\/revisions"}],"predecessor-version":[{"id":20582,"href":"https:\/\/telavox.be\/nl\/wp-json\/wp\/v2\/pages\/20195\/revisions\/20582"}],"up":[{"embeddable":true,"href":"https:\/\/telavox.be\/nl\/wp-json\/wp\/v2\/pages\/19750"}],"wp:attachment":[{"href":"https:\/\/telavox.be\/nl\/wp-json\/wp\/v2\/media?parent=20195"}],"curies":[{"name":"wp","href":"https:\/\/api.w.org\/{rel}","templated":true}]}}