
{"id":24740,"date":"2025-03-13T17:15:21","date_gmt":"2025-03-13T16:15:21","guid":{"rendered":"https:\/\/telavox.be\/?page_id=24740"},"modified":"2025-07-03T14:48:20","modified_gmt":"2025-07-03T12:48:20","slug":"promo-mobile-cashback","status":"publish","type":"page","link":"https:\/\/telavox.be\/nl\/promo-mobile-cashback\/","title":{"rendered":"Promo mobile cashback"},"content":{"rendered":"\t\t<div data-elementor-type=\"wp-page\" data-elementor-id=\"24740\" class=\"elementor elementor-24740 elementor-24646\" data-elementor-post-type=\"page\">\n\t\t\t\t<div class=\"elementor-element elementor-element-fc1beef e-flex e-con-boxed e-con e-parent\" data-id=\"fc1beef\" data-element_type=\"container\" data-e-type=\"container\" data-settings=\"{&quot;background_background&quot;:&quot;classic&quot;}\">\n\t\t\t\t\t<div class=\"e-con-inner\">\n\t\t<div class=\"elementor-element elementor-element-69f6315 e-con-full e-flex e-con e-child\" data-id=\"69f6315\" data-element_type=\"container\" data-e-type=\"container\">\n\t\t\t\t<div class=\"elementor-element elementor-element-e10075f elementor-widget elementor-widget-off-canvas\" data-id=\"e10075f\" data-element_type=\"widget\" data-e-type=\"widget\" data-settings=\"{&quot;entrance_animation&quot;:&quot;fadeIn&quot;,&quot;exit_animation&quot;:&quot;fadeIn&quot;}\" data-widget_type=\"off-canvas.default\">\n\t\t\t\t<div class=\"elementor-widget-container\">\n\t\t\t\t\t\t\t<div id=\"off-canvas-e10075f\" class=\"e-off-canvas\" role=\"dialog\" aria-hidden=\"true\" aria-label=\"AI Video\" aria-modal=\"true\" inert=\"\" data-delay-child-handlers=\"true\">\n\t\t\t<div class=\"e-off-canvas__overlay\"><\/div>\n\t\t\t<div class=\"e-off-canvas__main\">\n\t\t\t\t<div class=\"e-off-canvas__content\">\n\t\t\t\t\t<div class=\"elementor-element elementor-element-0242a38 e-con-full e-flex e-con e-child\" data-id=\"0242a38\" data-element_type=\"container\" data-e-type=\"container\">\n\t\t\t\t<div class=\"elementor-element elementor-element-750f175 elementor-widget elementor-widget-video\" data-id=\"750f175\" data-element_type=\"widget\" data-e-type=\"widget\" data-settings=\"{&quot;video_type&quot;:&quot;hosted&quot;,&quot;controls&quot;:&quot;yes&quot;}\" data-widget_type=\"video.default\">\n\t\t\t\t<div class=\"elementor-widget-container\">\n\t\t\t\t\t\t\t<div class=\"e-hosted-video elementor-wrapper elementor-open-inline\">\n\t\t\t\t\t<video class=\"elementor-video\" src=\"https:\/\/telavox.se\/wp-content\/uploads\/2025\/03\/Telavox-AI-2025.mp4\" controls=\"\" preload=\"metadata\" controlsList=\"nodownload\"><\/video>\n\t\t\t\t<\/div>\n\t\t\t\t\t\t<\/div>\n\t\t\t\t<\/div>\n\t\t\t\t<\/div>\n\t\t\t\t\t\t<\/div>\n\t\t\t<\/div>\n\t\t<\/div>\n\t\t\t\t\t\t<\/div>\n\t\t\t\t<\/div>\n\t\t\t\t<div class=\"elementor-element elementor-element-58d5537 elementor-widget elementor-widget-heading\" data-id=\"58d5537\" data-element_type=\"widget\" data-e-type=\"widget\" data-widget_type=\"heading.default\">\n\t\t\t\t<div class=\"elementor-widget-container\">\n\t\t\t\t\t<h1 class=\"elementor-heading-title elementor-size-default\">Speciale mobiele promo<\/h1>\t\t\t\t<\/div>\n\t\t\t\t<\/div>\n\t\t\t\t<div class=\"elementor-element elementor-element-444e5af elementor-widget__width-initial elementor-widget elementor-widget-text-editor\" data-id=\"444e5af\" data-element_type=\"widget\" data-e-type=\"widget\" data-widget_type=\"text-editor.default\">\n\t\t\t\t<div class=\"elementor-widget-container\">\n\t\t\t\t\t\t\t\t\t<p><span style=\"font-weight: 400;\">Tot \u20ac20 korting per gebruiker per maand!<\/span><\/p>\t\t\t\t\t\t\t\t<\/div>\n\t\t\t\t<\/div>\n\t\t<div class=\"elementor-element elementor-element-00db7ae e-con-full e-flex e-con e-child\" data-id=\"00db7ae\" data-element_type=\"container\" data-e-type=\"container\">\n\t\t\t\t<div class=\"elementor-element elementor-element-402ec56 elementor-widget elementor-widget-button\" data-id=\"402ec56\" data-element_type=\"widget\" data-e-type=\"widget\" data-widget_type=\"button.default\">\n\t\t\t\t<div class=\"elementor-widget-container\">\n\t\t\t\t\t\t\t\t\t<div class=\"elementor-button-wrapper\">\n\t\t\t\t\t<a class=\"elementor-button elementor-button-link elementor-size-sm\" href=\"#formulier\">\n\t\t\t\t\t\t<span class=\"elementor-button-content-wrapper\">\n\t\t\t\t\t\t\t\t\t<span class=\"elementor-button-text\">Ga naar de promo<\/span>\n\t\t\t\t\t<\/span>\n\t\t\t\t\t<\/a>\n\t\t\t\t<\/div>\n\t\t\t\t\t\t\t\t<\/div>\n\t\t\t\t<\/div>\n\t\t\t\t<\/div>\n\t\t\t\t<\/div>\n\t\t<div class=\"elementor-element elementor-element-28fc6b2 e-con-full e-flex e-con e-child\" data-id=\"28fc6b2\" data-element_type=\"container\" data-e-type=\"container\" data-settings=\"{&quot;background_background&quot;:&quot;classic&quot;}\">\n\t\t<div class=\"elementor-element elementor-element-6016637 e-con-full e-flex e-con e-child\" data-id=\"6016637\" data-element_type=\"container\" data-e-type=\"container\" data-settings=\"{&quot;background_background&quot;:&quot;classic&quot;}\">\n\t\t\t\t<div class=\"elementor-element elementor-element-54e17de elementor-widget elementor-widget-heading\" data-id=\"54e17de\" data-element_type=\"widget\" data-e-type=\"widget\" data-widget_type=\"heading.default\">\n\t\t\t\t<div class=\"elementor-widget-container\">\n\t\t\t\t\t<h2 class=\"elementor-heading-title elementor-size-default\">Contacteer ons<\/h2>\t\t\t\t<\/div>\n\t\t\t\t<\/div>\n\t\t\t\t<div class=\"elementor-element elementor-element-13e3418 elementor-align-justify elementor-widget elementor-widget-button\" data-id=\"13e3418\" data-element_type=\"widget\" data-e-type=\"widget\" data-widget_type=\"button.default\">\n\t\t\t\t<div class=\"elementor-widget-container\">\n\t\t\t\t\t\t\t\t\t<div class=\"elementor-button-wrapper\">\n\t\t\t\t\t<a class=\"elementor-button elementor-button-link elementor-size-sm\" href=\"mailto:sales.belgium@telavox.com\">\n\t\t\t\t\t\t<span class=\"elementor-button-content-wrapper\">\n\t\t\t\t\t\t\t\t\t<span class=\"elementor-button-text\">sales.belgium@telavox.com<\/span>\n\t\t\t\t\t<\/span>\n\t\t\t\t\t<\/a>\n\t\t\t\t<\/div>\n\t\t\t\t\t\t\t\t<\/div>\n\t\t\t\t<\/div>\n\t\t\t\t<\/div>\n\t\t\t\t<\/div>\n\t\t\t\t\t<\/div>\n\t\t\t\t<\/div>\n\t\t<div class=\"elementor-element elementor-element-a76cace e-flex e-con-boxed e-con e-parent\" data-id=\"a76cace\" data-element_type=\"container\" data-e-type=\"container\" data-settings=\"{&quot;background_background&quot;:&quot;classic&quot;}\">\n\t\t\t\t\t<div class=\"e-con-inner\">\n\t\t\t\t<div class=\"elementor-element elementor-element-2815947 elementor-widget elementor-widget-heading\" data-id=\"2815947\" data-element_type=\"widget\" data-e-type=\"widget\" data-widget_type=\"heading.default\">\n\t\t\t\t<div class=\"elementor-widget-container\">\n\t\t\t\t\t<h2 class=\"elementor-heading-title elementor-size-default\">*<\/h2>\t\t\t\t<\/div>\n\t\t\t\t<\/div>\n\t\t\t\t<div class=\"elementor-element elementor-element-962e91a elementor-widget elementor-widget-heading\" data-id=\"962e91a\" data-element_type=\"widget\" data-e-type=\"widget\" data-widget_type=\"heading.default\">\n\t\t\t\t<div class=\"elementor-widget-container\">\n\t\t\t\t\t<h2 class=\"elementor-heading-title elementor-size-default\"><span><p dir=\"ltr\" style=\"line-height:1.38;margin-top:0pt;margin-bottom:0pt\">    \nProfiteer van 1 juli tot 31 december 2025 van een maandelijkse terugbetaling op elk vast &amp; mobiel Telavox-abonnement.<\/p><\/span><\/h2>\t\t\t\t<\/div>\n\t\t\t\t<\/div>\n\t\t\t\t<div class=\"elementor-element elementor-element-031c152 elementor-widget elementor-widget-text-editor\" data-id=\"031c152\" data-element_type=\"widget\" data-e-type=\"widget\" data-widget_type=\"text-editor.default\">\n\t\t\t\t<div class=\"elementor-widget-container\">\n\t\t\t\t\t\t\t\t\t<h4>Twee manieren om te besparen:<\/h4>\t\t\t\t\t\t\t\t<\/div>\n\t\t\t\t<\/div>\n\t\t\t\t\t<\/div>\n\t\t\t\t<\/div>\n\t\t<div class=\"elementor-element elementor-element-1db0526 e-flex e-con-boxed e-con e-parent\" data-id=\"1db0526\" data-element_type=\"container\" data-e-type=\"container\" data-settings=\"{&quot;background_background&quot;:&quot;classic&quot;}\">\n\t\t\t\t\t<div class=\"e-con-inner\">\n\t\t<div class=\"elementor-element elementor-element-e0cbea3 e-con-full e-flex e-con e-child\" data-id=\"e0cbea3\" data-element_type=\"container\" data-e-type=\"container\">\n\t\t<div class=\"elementor-element elementor-element-ebb8cba e-con-full e-flex e-con e-child\" data-id=\"ebb8cba\" data-element_type=\"container\" data-e-type=\"container\">\n\t\t\t\t<div class=\"elementor-element elementor-element-b1e96b9 ai-reception-card elementor-position-top elementor-widget elementor-widget-image-box\" data-id=\"b1e96b9\" data-element_type=\"widget\" data-e-type=\"widget\" data-widget_type=\"image-box.default\">\n\t\t\t\t<div class=\"elementor-widget-container\">\n\t\t\t\t\t<div class=\"elementor-image-box-wrapper\"><figure class=\"elementor-image-box-img\"><img decoding=\"async\" src=\"https:\/\/telavox.se\/wp-content\/uploads\/2025\/03\/kort-2.jpg\" title=\"\" alt=\"\" loading=\"lazy\" \/><\/figure><div class=\"elementor-image-box-content\"><h2 class=\"elementor-image-box-title\">Korting per abonnement  <\/h2><p class=\"elementor-image-box-description\">Ontvang <b>\u20ac5<\/b> per Premium abonnement of <b>\u20ac10<\/b> per Max abonnement - per maand en per simkaart tot het einde van het jaar.\n<\/p><\/div><\/div>\t\t\t\t<\/div>\n\t\t\t\t<\/div>\n\t\t\t\t<\/div>\n\t\t<div class=\"elementor-element elementor-element-b043418 e-con-full e-flex e-con e-child\" data-id=\"b043418\" data-element_type=\"container\" data-e-type=\"container\">\n\t\t\t\t<div class=\"elementor-element elementor-element-3f84655 ai-reception-card elementor-position-top elementor-widget elementor-widget-image-box\" data-id=\"3f84655\" data-element_type=\"widget\" data-e-type=\"widget\" data-widget_type=\"image-box.default\">\n\t\t\t\t<div class=\"elementor-widget-container\">\n\t\t\t\t\t<div class=\"elementor-image-box-wrapper\"><figure class=\"elementor-image-box-img\"><img decoding=\"async\" src=\"https:\/\/telavox.se\/wp-content\/uploads\/2025\/03\/kort-3.jpg\" title=\"\" alt=\"\" loading=\"lazy\" \/><\/figure><div class=\"elementor-image-box-content\"><h2 class=\"elementor-image-box-title\">Verwijs 3 bedrijven door<\/h2><p class=\"elementor-image-box-description\">Verwijs 3 bedrijven door en <b>verdubbel het bedrag <\/b>: \u20ac10 per Premium abonnement of \u20ac20 per Max abonnement per maand en per simkaart!\n<\/p><\/div><\/div>\t\t\t\t<\/div>\n\t\t\t\t<\/div>\n\t\t\t\t<\/div>\n\t\t\t\t<\/div>\n\t\t\t\t\t<\/div>\n\t\t\t\t<\/div>\n\t\t<div class=\"elementor-element elementor-element-f282fda e-flex e-con-boxed e-con e-parent\" data-id=\"f282fda\" data-element_type=\"container\" data-e-type=\"container\" data-settings=\"{&quot;background_background&quot;:&quot;classic&quot;}\">\n\t\t\t\t\t<div class=\"e-con-inner\">\n\t\t<div class=\"elementor-element elementor-element-ca62b0a e-con-full e-flex e-con e-child\" data-id=\"ca62b0a\" data-element_type=\"container\" data-e-type=\"container\" data-settings=\"{&quot;background_background&quot;:&quot;classic&quot;}\">\n\t\t\t\t<div class=\"elementor-element elementor-element-cdb0e3d elementor-widget elementor-widget-heading\" data-id=\"cdb0e3d\" data-element_type=\"widget\" data-e-type=\"widget\" data-widget_type=\"heading.default\">\n\t\t\t\t<div class=\"elementor-widget-container\">\n\t\t\t\t\t<h2 class=\"elementor-heading-title elementor-size-default\">Kortingsinfo<\/h2>\t\t\t\t<\/div>\n\t\t\t\t<\/div>\n\t\t<div class=\"elementor-element elementor-element-da36cdb e-con-full e-flex e-con e-child\" data-id=\"da36cdb\" data-element_type=\"container\" data-e-type=\"container\">\n\t\t<div class=\"elementor-element elementor-element-39e79c5 e-con-full e-flex e-con e-child\" data-id=\"39e79c5\" data-element_type=\"container\" data-e-type=\"container\">\n\t\t\t\t<div class=\"elementor-element elementor-element-74fd772 elementor-widget elementor-widget-image-box\" data-id=\"74fd772\" data-element_type=\"widget\" data-e-type=\"widget\" data-widget_type=\"image-box.default\">\n\t\t\t\t<div class=\"elementor-widget-container\">\n\t\t\t\t\t<div class=\"elementor-image-box-wrapper\"><div class=\"elementor-image-box-content\"><h3 class=\"elementor-image-box-title\">Vast &amp; mobiel aanbod gekozen<\/h3><p class=\"elementor-image-box-description\">Premium<br><br>Max\n<\/p><\/div><\/div>\t\t\t\t<\/div>\n\t\t\t\t<\/div>\n\t\t\t\t<\/div>\n\t\t<div class=\"elementor-element elementor-element-e4b5355 e-con-full e-flex e-con e-child\" data-id=\"e4b5355\" data-element_type=\"container\" data-e-type=\"container\">\n\t\t\t\t<div class=\"elementor-element elementor-element-3f9d5b5 elementor-widget elementor-widget-image-box\" data-id=\"3f9d5b5\" data-element_type=\"widget\" data-e-type=\"widget\" data-widget_type=\"image-box.default\">\n\t\t\t\t<div class=\"elementor-widget-container\">\n\t\t\t\t\t<div class=\"elementor-image-box-wrapper\"><div class=\"elementor-image-box-content\"><h3 class=\"elementor-image-box-title\">Maandelijkse kosten \/ SIM-kaart<\/h3><p class=\"elementor-image-box-description\">5\/maand\/gebruiker<br><br>10\/maand\/gebruiker<\/p><\/div><\/div>\t\t\t\t<\/div>\n\t\t\t\t<\/div>\n\t\t\t\t<\/div>\n\t\t<div class=\"elementor-element elementor-element-802ea4b e-con-full e-flex e-con e-child\" data-id=\"802ea4b\" data-element_type=\"container\" data-e-type=\"container\">\n\t\t\t\t<div class=\"elementor-element elementor-element-fc29468 elementor-widget elementor-widget-image-box\" data-id=\"fc29468\" data-element_type=\"widget\" data-e-type=\"widget\" data-widget_type=\"image-box.default\">\n\t\t\t\t<div class=\"elementor-widget-container\">\n\t\t\t\t\t<div class=\"elementor-image-box-wrapper\"><div class=\"elementor-image-box-content\"><h3 class=\"elementor-image-box-title\">Met 3 doorverwijzingen<\/h3><p class=\"elementor-image-box-description\">10\/maand\/gebruiker<br><br> 20\/maand\/gebruiker<\/p><\/div><\/div>\t\t\t\t<\/div>\n\t\t\t\t<\/div>\n\t\t\t\t<\/div>\n\t\t\t\t<\/div>\n\t\t\t\t<\/div>\n\t\t\t\t\t<\/div>\n\t\t\t\t<\/div>\n\t\t<div class=\"elementor-element elementor-element-9a5f562 e-flex e-con-boxed e-con e-parent\" data-id=\"9a5f562\" data-element_type=\"container\" data-e-type=\"container\" data-settings=\"{&quot;background_background&quot;:&quot;classic&quot;}\">\n\t\t\t\t\t<div class=\"e-con-inner\">\n\t\t\t\t<div class=\"elementor-element elementor-element-f9ecdad elementor-widget elementor-widget-menu-anchor\" data-id=\"f9ecdad\" data-element_type=\"widget\" data-e-type=\"widget\" data-widget_type=\"menu-anchor.default\">\n\t\t\t\t<div class=\"elementor-widget-container\">\n\t\t\t\t\t\t\t<div class=\"elementor-menu-anchor\" id=\"formulier\"><\/div>\n\t\t\t\t\t\t<\/div>\n\t\t\t\t<\/div>\n\t\t<div class=\"elementor-element elementor-element-f868f5d e-con-full e-flex e-con e-child\" data-id=\"f868f5d\" data-element_type=\"container\" data-e-type=\"container\">\n\t\t\t\t<div class=\"elementor-element elementor-element-b66125f elementor-widget elementor-widget-html\" data-id=\"b66125f\" data-element_type=\"widget\" data-e-type=\"widget\" data-widget_type=\"html.default\">\n\t\t\t\t<div class=\"elementor-widget-container\">\n\t\t\t\t\t<div data-tf-live=\"01JZ05T7C3Y3RHEY0TZ76Y6WQX\"><\/div><script src=\"\/\/embed.typeform.com\/next\/embed.js\"><\/script>\t\t\t\t<\/div>\n\t\t\t\t<\/div>\n\t\t\t\t<\/div>\n\t\t\t\t\t<\/div>\n\t\t\t\t<\/div>\n\t\t<div class=\"elementor-element elementor-element-8801bef e-flex e-con-boxed e-con e-parent\" data-id=\"8801bef\" data-element_type=\"container\" data-e-type=\"container\" data-settings=\"{&quot;background_background&quot;:&quot;classic&quot;}\">\n\t\t\t\t\t<div class=\"e-con-inner\">\n\t\t<div class=\"elementor-element elementor-element-3ba183b e-con-full e-flex e-con e-child\" data-id=\"3ba183b\" data-element_type=\"container\" data-e-type=\"container\">\n\t\t\t\t<div class=\"elementor-element elementor-element-0514f5a elementor-widget__width-initial elementor-widget elementor-widget-heading\" data-id=\"0514f5a\" data-element_type=\"widget\" data-e-type=\"widget\" data-widget_type=\"heading.default\">\n\t\t\t\t<div class=\"elementor-widget-container\">\n\t\t\t\t\t<h2 class=\"elementor-heading-title elementor-size-default\">Voorwaarden:\n<\/h2>\t\t\t\t<\/div>\n\t\t\t\t<\/div>\n\t\t\t\t<div class=\"elementor-element elementor-element-0329201 elementor-widget elementor-widget-text-editor\" data-id=\"0329201\" data-element_type=\"widget\" data-e-type=\"widget\" data-widget_type=\"text-editor.default\">\n\t\t\t\t<div class=\"elementor-widget-container\">\n\t\t\t\t\t\t\t\t\t<ul><li style=\"font-weight: 400;\" aria-level=\"1\">Voor elke <strong>nieuwe klant<\/strong> van Telavox Mobile.<\/li><li style=\"font-weight: 400;\" aria-level=\"1\">Aanbod van toepassing op <strong>Premium<\/strong>&#8211; en <strong>Max<\/strong>-licenties met een looptijd van <strong>24 of 36 maanden<\/strong>.\u00a0<\/li><li style=\"font-weight: 400;\" aria-level=\"1\">De promotie gaat in vanaf de maand van installatie en activatie van de simkaart.<\/li><\/ul><div>\u00a0<\/div><p><strong><a href=\"https:\/\/telavox.be\/nl\/prijzen\/\">Bestel eerst uw licenties<\/a><\/strong> via onze website of via een erkende Telavox Partner, en vul daarna het formulier hierboven in om van de promotie te profiteren.<\/p><p><strong>Hoe vroeger u start, hoe meer korting u krijgt! <\/strong><br \/>Bijvoorbeeld: activatie in juli = 6 maanden korting, activatie in december = 1 maand korting.<\/p>\t\t\t\t\t\t\t\t<\/div>\n\t\t\t\t<\/div>\n\t\t\t\t<\/div>\n\t\t\t\t\t<\/div>\n\t\t\t\t<\/div>\n\t\t\t\t<\/div>\n\t\t","protected":false},"excerpt":{"rendered":"<p>Telavox &#8211; Tot wel \u20ac20 korting per gebruiker per maand!<\/p>\n","protected":false},"author":3,"featured_media":24847,"parent":0,"menu_order":0,"comment_status":"closed","ping_status":"closed","template":"","meta":{"_acf_changed":false,"content-type":"","inline_featured_image":false,"footnotes":""},"class_list":["post-24740","page","type-page","status-publish","has-post-thumbnail","hentry"],"acf":[],"yoast_head":"<!-- This site is optimized with the Yoast SEO Premium plugin v23.8 (Yoast SEO v27.0) - https:\/\/yoast.com\/product\/yoast-seo-premium-wordpress\/ -->\n<title>Telavox - Tot wel \u20ac20 korting per gebruiker per maand!<\/title>\n<meta name=\"robots\" content=\"noindex, nofollow\" \/>\n<meta property=\"og:locale\" content=\"nl_NL\" \/>\n<meta property=\"og:type\" content=\"article\" \/>\n<meta property=\"og:title\" content=\"Promo mobile cashback | Telavox | Mobiloperat\u00f6r bara f\u00f6r f\u00f6retag\" \/>\n<meta property=\"og:description\" content=\"Telavox - Tot wel \u20ac20 korting per gebruiker per maand!\" \/>\n<meta property=\"og:url\" content=\"https:\/\/telavox.be\/nl\/promo-mobile-cashback\/\" \/>\n<meta property=\"og:site_name\" content=\"Telavox\" \/>\n<meta property=\"article:publisher\" content=\"https:\/\/www.facebook.com\/telavox\/\" \/>\n<meta property=\"article:modified_time\" content=\"2025-07-03T12:48:20+00:00\" \/>\n<meta property=\"og:image\" content=\"https:\/\/telavox.be\/wp-content\/uploads\/2025\/07\/Email-Header-1.png\" \/>\n\t<meta property=\"og:image:width\" content=\"1200\" \/>\n\t<meta property=\"og:image:height\" content=\"628\" \/>\n\t<meta property=\"og:image:type\" content=\"image\/png\" \/>\n<meta name=\"twitter:card\" content=\"summary_large_image\" \/>\n<meta name=\"twitter:site\" content=\"@telavox\" \/>\n<meta name=\"twitter:label1\" content=\"Geschatte leestijd\" \/>\n\t<meta name=\"twitter:data1\" content=\"2 minuten\" \/>\n<script type=\"application\/ld+json\" class=\"yoast-schema-graph\">{\"@context\":\"https:\/\/schema.org\",\"@graph\":[{\"@type\":\"WebPage\",\"@id\":\"https:\/\/telavox.be\/nl\/promo-mobile-cashback\/\",\"url\":\"https:\/\/telavox.be\/nl\/promo-mobile-cashback\/\",\"name\":\"Telavox - Tot wel \u20ac20 korting per gebruiker per maand!\",\"isPartOf\":{\"@id\":\"https:\/\/telavox.be\/nl\/#website\"},\"primaryImageOfPage\":{\"@id\":\"https:\/\/telavox.be\/nl\/promo-mobile-cashback\/#primaryimage\"},\"image\":{\"@id\":\"https:\/\/telavox.be\/nl\/promo-mobile-cashback\/#primaryimage\"},\"thumbnailUrl\":\"https:\/\/telavox.be\/wp-content\/uploads\/2025\/07\/Email-Header-1.png\",\"datePublished\":\"2025-03-13T16:15:21+00:00\",\"dateModified\":\"2025-07-03T12:48:20+00:00\",\"breadcrumb\":{\"@id\":\"https:\/\/telavox.be\/nl\/promo-mobile-cashback\/#breadcrumb\"},\"inLanguage\":\"nl-NL\",\"potentialAction\":[{\"@type\":\"ReadAction\",\"target\":[\"https:\/\/telavox.be\/nl\/promo-mobile-cashback\/\"]}]},{\"@type\":\"ImageObject\",\"inLanguage\":\"nl-NL\",\"@id\":\"https:\/\/telavox.be\/nl\/promo-mobile-cashback\/#primaryimage\",\"url\":\"https:\/\/telavox.be\/wp-content\/uploads\/2025\/07\/Email-Header-1.png\",\"contentUrl\":\"https:\/\/telavox.be\/wp-content\/uploads\/2025\/07\/Email-Header-1.png\",\"width\":1200,\"height\":628},{\"@type\":\"BreadcrumbList\",\"@id\":\"https:\/\/telavox.be\/nl\/promo-mobile-cashback\/#breadcrumb\",\"itemListElement\":[{\"@type\":\"ListItem\",\"position\":1,\"name\":\"Home\",\"item\":\"https:\/\/telavox.be\/nl\/startpagina-2\/\"},{\"@type\":\"ListItem\",\"position\":2,\"name\":\"Promo mobile cashback\"}]},{\"@type\":\"WebSite\",\"@id\":\"https:\/\/telavox.be\/nl\/#website\",\"url\":\"https:\/\/telavox.be\/nl\/\",\"name\":\"Telavox\",\"description\":\"Telavox | F\u00f6retagstelefoni, v\u00e4xel och \u00e4rendehantering integrerat med dina favoritsystem\",\"publisher\":{\"@id\":\"https:\/\/telavox.be\/nl\/#organization\"},\"potentialAction\":[{\"@type\":\"SearchAction\",\"target\":{\"@type\":\"EntryPoint\",\"urlTemplate\":\"https:\/\/telavox.be\/nl\/?s={search_term_string}\"},\"query-input\":{\"@type\":\"PropertyValueSpecification\",\"valueRequired\":true,\"valueName\":\"search_term_string\"}}],\"inLanguage\":\"nl-NL\"},{\"@type\":\"Organization\",\"@id\":\"https:\/\/telavox.be\/nl\/#organization\",\"name\":\"Telavox\",\"url\":\"https:\/\/telavox.be\/nl\/\",\"logo\":{\"@type\":\"ImageObject\",\"inLanguage\":\"nl-NL\",\"@id\":\"https:\/\/telavox.be\/nl\/#\/schema\/logo\/image\/\",\"url\":\"https:\/\/telavox.be\/wp-content\/uploads\/2026\/03\/Telavox-Logo-RGB-Green-scaled.png\",\"contentUrl\":\"https:\/\/telavox.be\/wp-content\/uploads\/2026\/03\/Telavox-Logo-RGB-Green-scaled.png\",\"width\":2560,\"height\":432,\"caption\":\"Telavox\"},\"image\":{\"@id\":\"https:\/\/telavox.be\/nl\/#\/schema\/logo\/image\/\"},\"sameAs\":[\"https:\/\/www.facebook.com\/telavox\/\",\"https:\/\/x.com\/telavox\",\"https:\/\/www.linkedin.com\/company\/telavox\/\",\"https:\/\/www.instagram.com\/telavox\/\",\"https:\/\/www.youtube.com\/channel\/UCQqir-waeD7753eHPZtcKmg\"],\"telephone\":\"020100000\",\"legalName\":\"Telavox AB\",\"vatID\":\"SE556600778601\",\"numberOfEmployees\":{\"@type\":\"QuantitativeValue\",\"minValue\":\"201\",\"maxValue\":\"500\"}}]}<\/script>\n<!-- \/ Yoast SEO Premium plugin. -->","yoast_head_json":{"title":"Telavox - Tot wel \u20ac20 korting per gebruiker per maand!","robots":{"index":"noindex","follow":"nofollow"},"og_locale":"nl_NL","og_type":"article","og_title":"Promo mobile cashback | Telavox | Mobiloperat\u00f6r bara f\u00f6r f\u00f6retag","og_description":"Telavox - Tot wel \u20ac20 korting per gebruiker per maand!","og_url":"https:\/\/telavox.be\/nl\/promo-mobile-cashback\/","og_site_name":"Telavox","article_publisher":"https:\/\/www.facebook.com\/telavox\/","article_modified_time":"2025-07-03T12:48:20+00:00","og_image":[{"width":1200,"height":628,"url":"https:\/\/telavox.be\/wp-content\/uploads\/2025\/07\/Email-Header-1.png","type":"image\/png"}],"twitter_card":"summary_large_image","twitter_site":"@telavox","twitter_misc":{"Geschatte leestijd":"2 minuten"},"schema":{"@context":"https:\/\/schema.org","@graph":[{"@type":"WebPage","@id":"https:\/\/telavox.be\/nl\/promo-mobile-cashback\/","url":"https:\/\/telavox.be\/nl\/promo-mobile-cashback\/","name":"Telavox - Tot wel \u20ac20 korting per gebruiker per maand!","isPartOf":{"@id":"https:\/\/telavox.be\/nl\/#website"},"primaryImageOfPage":{"@id":"https:\/\/telavox.be\/nl\/promo-mobile-cashback\/#primaryimage"},"image":{"@id":"https:\/\/telavox.be\/nl\/promo-mobile-cashback\/#primaryimage"},"thumbnailUrl":"https:\/\/telavox.be\/wp-content\/uploads\/2025\/07\/Email-Header-1.png","datePublished":"2025-03-13T16:15:21+00:00","dateModified":"2025-07-03T12:48:20+00:00","breadcrumb":{"@id":"https:\/\/telavox.be\/nl\/promo-mobile-cashback\/#breadcrumb"},"inLanguage":"nl-NL","potentialAction":[{"@type":"ReadAction","target":["https:\/\/telavox.be\/nl\/promo-mobile-cashback\/"]}]},{"@type":"ImageObject","inLanguage":"nl-NL","@id":"https:\/\/telavox.be\/nl\/promo-mobile-cashback\/#primaryimage","url":"https:\/\/telavox.be\/wp-content\/uploads\/2025\/07\/Email-Header-1.png","contentUrl":"https:\/\/telavox.be\/wp-content\/uploads\/2025\/07\/Email-Header-1.png","width":1200,"height":628},{"@type":"BreadcrumbList","@id":"https:\/\/telavox.be\/nl\/promo-mobile-cashback\/#breadcrumb","itemListElement":[{"@type":"ListItem","position":1,"name":"Home","item":"https:\/\/telavox.be\/nl\/startpagina-2\/"},{"@type":"ListItem","position":2,"name":"Promo mobile cashback"}]},{"@type":"WebSite","@id":"https:\/\/telavox.be\/nl\/#website","url":"https:\/\/telavox.be\/nl\/","name":"Telavox","description":"Telavox | F\u00f6retagstelefoni, v\u00e4xel och \u00e4rendehantering integrerat med dina favoritsystem","publisher":{"@id":"https:\/\/telavox.be\/nl\/#organization"},"potentialAction":[{"@type":"SearchAction","target":{"@type":"EntryPoint","urlTemplate":"https:\/\/telavox.be\/nl\/?s={search_term_string}"},"query-input":{"@type":"PropertyValueSpecification","valueRequired":true,"valueName":"search_term_string"}}],"inLanguage":"nl-NL"},{"@type":"Organization","@id":"https:\/\/telavox.be\/nl\/#organization","name":"Telavox","url":"https:\/\/telavox.be\/nl\/","logo":{"@type":"ImageObject","inLanguage":"nl-NL","@id":"https:\/\/telavox.be\/nl\/#\/schema\/logo\/image\/","url":"https:\/\/telavox.be\/wp-content\/uploads\/2026\/03\/Telavox-Logo-RGB-Green-scaled.png","contentUrl":"https:\/\/telavox.be\/wp-content\/uploads\/2026\/03\/Telavox-Logo-RGB-Green-scaled.png","width":2560,"height":432,"caption":"Telavox"},"image":{"@id":"https:\/\/telavox.be\/nl\/#\/schema\/logo\/image\/"},"sameAs":["https:\/\/www.facebook.com\/telavox\/","https:\/\/x.com\/telavox","https:\/\/www.linkedin.com\/company\/telavox\/","https:\/\/www.instagram.com\/telavox\/","https:\/\/www.youtube.com\/channel\/UCQqir-waeD7753eHPZtcKmg"],"telephone":"020100000","legalName":"Telavox AB","vatID":"SE556600778601","numberOfEmployees":{"@type":"QuantitativeValue","minValue":"201","maxValue":"500"}}]}},"_links":{"self":[{"href":"https:\/\/telavox.be\/nl\/wp-json\/wp\/v2\/pages\/24740","targetHints":{"allow":["GET"]}}],"collection":[{"href":"https:\/\/telavox.be\/nl\/wp-json\/wp\/v2\/pages"}],"about":[{"href":"https:\/\/telavox.be\/nl\/wp-json\/wp\/v2\/types\/page"}],"author":[{"embeddable":true,"href":"https:\/\/telavox.be\/nl\/wp-json\/wp\/v2\/users\/3"}],"replies":[{"embeddable":true,"href":"https:\/\/telavox.be\/nl\/wp-json\/wp\/v2\/comments?post=24740"}],"version-history":[{"count":42,"href":"https:\/\/telavox.be\/nl\/wp-json\/wp\/v2\/pages\/24740\/revisions"}],"predecessor-version":[{"id":24879,"href":"https:\/\/telavox.be\/nl\/wp-json\/wp\/v2\/pages\/24740\/revisions\/24879"}],"wp:featuredmedia":[{"embeddable":true,"href":"https:\/\/telavox.be\/nl\/wp-json\/wp\/v2\/media\/24847"}],"wp:attachment":[{"href":"https:\/\/telavox.be\/nl\/wp-json\/wp\/v2\/media?parent=24740"}],"curies":[{"name":"wp","href":"https:\/\/api.w.org\/{rel}","templated":true}]}}